{"id":781694,"date":"2026-01-28T03:07:27","date_gmt":"2026-01-28T00:07:27","guid":{"rendered":"https:\/\/roveyayinevi.com.tr\/index.php\/urun\/hamurdan-kalp\/"},"modified":"2026-02-03T02:56:09","modified_gmt":"2026-02-02T23:56:09","slug":"hamurdan-kalp","status":"publish","type":"product","link":"https:\/\/roveyayinevi.com.tr\/index.php\/urun\/hamurdan-kalp\/","title":{"rendered":"Hamurdan Kalp"},"content":{"rendered":"<p>Lena ile Trille \u00e7ok yak\u0131n arkada\u015flar, \u00fcstelik kom\u015fular ve ayn\u0131 s\u0131n\u0131fta okuyorlar. Tabii hi\u00e7 bo\u015f durmuyorlar. Kafa kafaya verdiklerinde m\u00fcthi\u015f fikirler buluyorlar. \u0130ki arkada\u015f \u00e7ok e\u011flenseler de zaman zaman ba\u015flar\u0131 derde girebiliyor. Neden derseniz, inekleri gemiye bindirmenin, kuca\u011f\u0131n\u0131zda bir tavukla dik bir tepeden k\u0131zakla kayman\u0131n, gece g\u00f6k g\u00fcr\u00fclt\u00fcs\u00fcn\u00fc daha iyi duyabilmek i\u00e7in verandada uyuman\u0131n baz\u0131 s\u0131k\u0131nt\u0131lara yol a\u00e7abilece\u011fini s\u00f6yleyebiliriz. Norve\u00e7li \u00fcnl\u00fc \u00e7ocuk kitaplar\u0131 yazar\u0131 Maria Parr\u2019dan arkada\u015fl\u0131\u011f\u0131n, ailenin, kom\u015fulu\u011fun, dayan\u0131\u015fman\u0131n hayatlar\u0131m\u0131zdaki \u00f6nemli yerini vurgulayan bu m\u00fcthi\u015f hik\u00e2ye, sizi g\u00fcld\u00fcrecek, heyecanland\u0131racak bazen de h\u00fcz\u00fcnlendirecek ama kesinlikle i\u00e7inizi \u0131s\u0131tacak. <\/p>\n","protected":false},"excerpt":{"rendered":"<p>Lena ile Trille \u00e7ok yak\u0131n arkada\u015flar, \u00fcstelik kom\u015fular ve ayn\u0131 s\u0131n\u0131fta okuyorlar. Tabii hi\u00e7 bo\u015f durmuyorlar. Kafa kafaya verdiklerinde m\u00fcthi\u015f fikirler buluyorlar. \u0130ki arkada\u015f \u00e7ok e\u011flenseler<span class=\"excerpt-hellip\"> [\u2026]<\/span><\/p>\n","protected":false},"featured_media":0,"template":"","meta":{"_monsterinsights_skip_tracking":false,"_monsterinsights_sitenote_active":false,"_monsterinsights_sitenote_note":"","_monsterinsights_sitenote_category":0},"product_brand":[],"product_cat":[12275,12274],"product_tag":[],"class_list":{"0":"post-781694","1":"product","2":"type-product","3":"status-publish","5":"product_cat-6-12-yas-kitaplari","6":"product_cat-cocuk-ve-genclik-kitaplari","7":"pa_cilt-ciltsiz","8":"pa_tur-kitap","9":"pa_yayinevi-yapi-kredi-yayinlari","10":"pa_yazar-maria-parr","12":"first","13":"instock","14":"sale","15":"shipping-taxable","16":"purchasable","17":"product-type-simple"},"_links":{"self":[{"href":"https:\/\/roveyayinevi.com.tr\/index.php\/wp-json\/wp\/v2\/product\/781694","targetHints":{"allow":["GET"]}}],"collection":[{"href":"https:\/\/roveyayinevi.com.tr\/index.php\/wp-json\/wp\/v2\/product"}],"about":[{"href":"https:\/\/roveyayinevi.com.tr\/index.php\/wp-json\/wp\/v2\/types\/product"}],"wp:attachment":[{"href":"https:\/\/roveyayinevi.com.tr\/index.php\/wp-json\/wp\/v2\/media?parent=781694"}],"wp:term":[{"taxonomy":"product_brand","embeddable":true,"href":"https:\/\/roveyayinevi.com.tr\/index.php\/wp-json\/wp\/v2\/product_brand?post=781694"},{"taxonomy":"product_cat","embeddable":true,"href":"https:\/\/roveyayinevi.com.tr\/index.php\/wp-json\/wp\/v2\/product_cat?post=781694"},{"taxonomy":"product_tag","embeddable":true,"href":"https:\/\/roveyayinevi.com.tr\/index.php\/wp-json\/wp\/v2\/product_tag?post=781694"}],"curies":[{"name":"wp","href":"https:\/\/api.w.org\/{rel}","templated":true}]}}