{"id":781690,"date":"2026-01-28T03:01:40","date_gmt":"2026-01-28T00:01:40","guid":{"rendered":"https:\/\/roveyayinevi.com.tr\/index.php\/urun\/ezop-masallari-11\/"},"modified":"2026-04-16T02:34:48","modified_gmt":"2026-04-15T23:34:48","slug":"ezop-masallari-11","status":"publish","type":"product","link":"https:\/\/roveyayinevi.com.tr\/index.php\/urun\/ezop-masallari-11\/","title":{"rendered":"Ezop Masallar\u0131"},"content":{"rendered":"<p>Boynuzlar\u0131yla \u00f6v\u00fcnen geyi\u011fi, aslan kovalamaya ba\u015flay\u0131nca ba\u015f\u0131na gelmedik kalm\u0131yor. Fare, aslana a\u015f olacakken kahramana d\u00f6n\u00fc\u015f\u00fcyor. S\u00fcr\u00fcs\u00fcn\u00fc otlat\u0131rken can\u0131 s\u0131k\u0131lan \u00e7oban, k\u00f6yl\u00fcleri kand\u0131rmak i\u00e7in nas\u0131l bir yalana ba\u015fvuruyor? Kar\u0131ncayla A\u011fustos B\u00f6ce\u011fi, Alt\u0131n Yumurta Yumurtlayan Tavuk, Maymunla Bal\u0131k\u00e7\u0131lar ve daha niceleri&#8230; \u0130nsanl\u0131k k\u00fclt\u00fcr\u00fcn\u00fcn ortak miras\u0131 olarak tan\u0131mlanan ve mazisi M.\u00d6. 6. y\u00fczy\u0131la kadar dayanan Ezop Masallar\u0131, ya\u015fad\u0131\u011f\u0131m\u0131z d\u00fcnyaya ele\u015ftirel bir pencereden &#8221;yeniden&#8221; bakmam\u0131z\u0131 \u00f6neriyor.K\u0131ssadan hisse masallar arac\u0131l\u0131\u011f\u0131yla d\u00fc\u015f\u00fcnmeye ve sorgulamaya davet eden kitap, ge\u00e7mi\u015f onca zamana ra\u011fmen ger\u00e7ekte insana dair pek az \u015feyin de\u011fi\u015fti\u011fini an\u0131msat\u0131yor.  \u00c7a\u011fda\u015f e\u011fitim y\u00f6ntemleri kapsam\u0131nda \u00f6nemli bir yeri bulunan &#8221;Evrensel De\u011ferler&#8221; ile birebir \u00f6rt\u00fc\u015fen temalara da de\u011finen bu manzum masallar, Damla Tutan&#8217;\u0131n resimleriyle renkleniyor.Mavisel Yener, \u015fiirsel bir \u00fcslupla yepyeni bir yorum getirdi\u011fi Ezop Masallar\u0131&#8217;yla her ya\u015ftan okurlar\u0131na bir kucak dolusu masal arma\u011fan ediyor.<\/p>\n","protected":false},"excerpt":{"rendered":"<p>Boynuzlar\u0131yla \u00f6v\u00fcnen geyi\u011fi, aslan kovalamaya ba\u015flay\u0131nca ba\u015f\u0131na gelmedik kalm\u0131yor. Fare, aslana a\u015f olacakken kahramana d\u00f6n\u00fc\u015f\u00fcyor. S\u00fcr\u00fcs\u00fcn\u00fc otlat\u0131rken can\u0131 s\u0131k\u0131lan \u00e7oban, k\u00f6yl\u00fcleri kand\u0131rmak i\u00e7in nas\u0131l bir yalana<span class=\"excerpt-hellip\"> [\u2026]<\/span><\/p>\n","protected":false},"featured_media":0,"template":"","meta":{"_monsterinsights_skip_tracking":false,"_monsterinsights_sitenote_active":false,"_monsterinsights_sitenote_note":"","_monsterinsights_sitenote_category":0},"product_brand":[],"product_cat":[12274,12523],"product_tag":[],"class_list":{"0":"post-781690","1":"product","2":"type-product","3":"status-publish","5":"product_cat-cocuk-ve-genclik-kitaplari","6":"product_cat-masallar","7":"pa_cilt-ciltsiz","8":"pa_tur-kitap","9":"pa_yayinevi-tudem-yayinlari","10":"pa_yazar-mavisel-yener","12":"first","13":"instock","14":"sale","15":"shipping-taxable","16":"purchasable","17":"product-type-simple"},"_links":{"self":[{"href":"https:\/\/roveyayinevi.com.tr\/index.php\/wp-json\/wp\/v2\/product\/781690","targetHints":{"allow":["GET"]}}],"collection":[{"href":"https:\/\/roveyayinevi.com.tr\/index.php\/wp-json\/wp\/v2\/product"}],"about":[{"href":"https:\/\/roveyayinevi.com.tr\/index.php\/wp-json\/wp\/v2\/types\/product"}],"wp:attachment":[{"href":"https:\/\/roveyayinevi.com.tr\/index.php\/wp-json\/wp\/v2\/media?parent=781690"}],"wp:term":[{"taxonomy":"product_brand","embeddable":true,"href":"https:\/\/roveyayinevi.com.tr\/index.php\/wp-json\/wp\/v2\/product_brand?post=781690"},{"taxonomy":"product_cat","embeddable":true,"href":"https:\/\/roveyayinevi.com.tr\/index.php\/wp-json\/wp\/v2\/product_cat?post=781690"},{"taxonomy":"product_tag","embeddable":true,"href":"https:\/\/roveyayinevi.com.tr\/index.php\/wp-json\/wp\/v2\/product_tag?post=781690"}],"curies":[{"name":"wp","href":"https:\/\/api.w.org\/{rel}","templated":true}]}}