{"id":781689,"date":"2026-01-28T03:00:52","date_gmt":"2026-01-28T00:00:52","guid":{"rendered":"https:\/\/roveyayinevi.com.tr\/index.php\/urun\/tom-sawyerin-seruvenleri\/"},"modified":"2026-02-03T02:49:20","modified_gmt":"2026-02-02T23:49:20","slug":"tom-sawyerin-seruvenleri","status":"publish","type":"product","link":"https:\/\/roveyayinevi.com.tr\/index.php\/urun\/tom-sawyerin-seruvenleri\/","title":{"rendered":"Tom Sawyer&#8217;\u0131n Ser\u00fcvenleri"},"content":{"rendered":"<p>Amerikan edebiyat\u0131n\u0131n dev kalemlerinden Mark Twain&#8217;in unutulmaz eseri Tom Sawyer&#8217;\u0131n Ser\u00fcvenleri, Mehmet Atilla&#8217;n\u0131n duru anlat\u0131m\u0131yla, herkes okuyabilsin diye yeniden kitapseverlerle bulu\u015fuyor.Uzun ve titiz bir \u00e7al\u0131\u015fman\u0131n meyvesi olarak, usta bir yazar\u0131n ellerinde tekrar hayat bulan bu e\u015fsiz yap\u0131t; orijinal hik\u00e2yesine sad\u0131k kalan \u00f6zg\u00fcn metniyle, h\u00e2lihaz\u0131rda raflarda yer alan pek \u00e7ok uyarlamadan farkl\u0131la\u015f\u0131yor.Ger\u00e7ek ya\u015famdan beslenen g\u00fc\u00e7l\u00fc kurgusuyla y\u0131llara meydan okuyan Tom Sawyer&#8217;\u0131n Ser\u00fcvenleri, ge\u00e7mi\u015fle gelecek aras\u0131nda edebiyat k\u00f6pr\u00fcleri kuran &#8221;SEN de OKU Klasikler&#8221; koleksiyonundaki yerini al\u0131yor.   \u00d6ks\u00fcz bir \u00e7ocuk olan Tom Sawyer, teyzesi ve \u00fcvey karde\u015fi ile ya\u015famaktad\u0131r. Korkusuz davran\u0131\u015flar\u0131 ve macera tutkusu y\u00fcz\u00fcnden ad\u0131 her g\u00fcn farkl\u0131 bir haylazl\u0131\u011fa kar\u0131\u015fan Tom, bir gece yar\u0131s\u0131, arkada\u015f\u0131 Huck&#8217;la birlikte bir grup mezar soyguncusunun kendi aralar\u0131ndaki \u00e7at\u0131\u015fmas\u0131na tan\u0131k olur. Soygunculardan biri, su\u00e7u di\u011ferinin \u00fczerine y\u0131km\u0131\u015f ve onu tutuklatm\u0131\u015ft\u0131r. Tom, kar\u015f\u0131la\u015ft\u0131\u011f\u0131 bu olay y\u00fcz\u00fcnden yeti\u015fkinlerin bencilli\u011fini ve \u00e7\u0131karc\u0131l\u0131\u011f\u0131n\u0131 \u00e7ocuk d\u00fcnyas\u0131ndaki de\u011fer yarg\u0131lar\u0131na g\u00f6re yorumlamaya \u00e7al\u0131\u015f\u0131r. Ne yap\u0131p edip su\u00e7suz adam\u0131 kurtarmal\u0131d\u0131r. Peki, ya ka\u00e7ak adam intikam almak i\u00e7in pe\u015flerine d\u00fc\u015ferse? \u0130\u015fi rastlant\u0131ya b\u0131rakma zaman\u0131 de\u011fildir. Tom Sawyer ve Huckleberry Finn el ele verip, ger\u00e7ek su\u00e7lunun izini s\u00fcrmeye karar vermi\u015ftir bile&#8230; &#8221;Yaramazl\u0131\u011f\u0131n kitab\u0131n\u0131&#8221; yazarak sadece \u00e7ocuklar\u0131n de\u011fil, i\u00e7indeki afacan \u00e7ocu\u011fu ya\u015fatanlar\u0131n kalbinde de taht kurmay\u0131 ba\u015faran Tom Sawyer; yakla\u015f\u0131k bir bu\u00e7uk as\u0131rd\u0131r evrensel boyutta pek de\u011fi\u015fmeyen &#8221;\u00f6rnek \u00e7ocuk&#8221; anlay\u0131\u015f\u0131n\u0131 tersy\u00fcz etmeyi s\u00fcrd\u00fcr\u00fcyor.   Edebiyat tarihinde, daktilo ile yaz\u0131lan ilk roman olarak an\u0131lan Mark Twain&#8217;in bu \u00e7\u0131\u011f\u0131r a\u00e7\u0131c\u0131 eseri, sadece bu \u00f6zelli\u011fiyle bile, yarat\u0131ld\u0131\u011f\u0131 d\u00f6nemin \u00e7ok \u00f6tesinde bir ba\u015fyap\u0131t oldu\u011fu ger\u00e7e\u011fini per\u00e7inliyor. Mehmet Atilla&#8217;n\u0131n, kendi \u00fcslubunu katarak hayranl\u0131k uyand\u0131ran bir yorum getirdi\u011fi Tom Sawyer&#8217;\u0131n Ser\u00fcvenleri, okurlar\u0131n\u0131 ergen-yeti\u015fkin d\u00fcnyalar\u0131n\u0131n \u00e7at\u0131\u015fmas\u0131 \u00fczerine d\u00fc\u015f\u00fcnd\u00fcr\u00fcrken; cesaretin ve erdemin \u00f6n plana \u00e7\u0131kt\u0131\u011f\u0131, esin verici bir olgunla\u015fma hik\u00e2yesi<\/p>\n","protected":false},"excerpt":{"rendered":"<p>Amerikan edebiyat\u0131n\u0131n dev kalemlerinden Mark Twain&#8217;in unutulmaz eseri Tom Sawyer&#8217;\u0131n Ser\u00fcvenleri, Mehmet Atilla&#8217;n\u0131n duru anlat\u0131m\u0131yla, herkes okuyabilsin diye yeniden kitapseverlerle bulu\u015fuyor.Uzun ve titiz bir \u00e7al\u0131\u015fman\u0131n meyvesi<span class=\"excerpt-hellip\"> [\u2026]<\/span><\/p>\n","protected":false},"featured_media":0,"template":"","meta":{"_monsterinsights_skip_tracking":false,"_monsterinsights_sitenote_active":false,"_monsterinsights_sitenote_note":"","_monsterinsights_sitenote_category":0},"product_brand":[],"product_cat":[12275,12274],"product_tag":[],"class_list":{"0":"post-781689","1":"product","2":"type-product","3":"status-publish","5":"product_cat-6-12-yas-kitaplari","6":"product_cat-cocuk-ve-genclik-kitaplari","7":"pa_cilt-ciltsiz","8":"pa_tur-kitap","9":"pa_yayinevi-tudem-yayinlari","10":"pa_yazar-tudem-kolektif","12":"first","13":"instock","14":"sale","15":"shipping-taxable","16":"purchasable","17":"product-type-simple"},"_links":{"self":[{"href":"https:\/\/roveyayinevi.com.tr\/index.php\/wp-json\/wp\/v2\/product\/781689","targetHints":{"allow":["GET"]}}],"collection":[{"href":"https:\/\/roveyayinevi.com.tr\/index.php\/wp-json\/wp\/v2\/product"}],"about":[{"href":"https:\/\/roveyayinevi.com.tr\/index.php\/wp-json\/wp\/v2\/types\/product"}],"wp:attachment":[{"href":"https:\/\/roveyayinevi.com.tr\/index.php\/wp-json\/wp\/v2\/media?parent=781689"}],"wp:term":[{"taxonomy":"product_brand","embeddable":true,"href":"https:\/\/roveyayinevi.com.tr\/index.php\/wp-json\/wp\/v2\/product_brand?post=781689"},{"taxonomy":"product_cat","embeddable":true,"href":"https:\/\/roveyayinevi.com.tr\/index.php\/wp-json\/wp\/v2\/product_cat?post=781689"},{"taxonomy":"product_tag","embeddable":true,"href":"https:\/\/roveyayinevi.com.tr\/index.php\/wp-json\/wp\/v2\/product_tag?post=781689"}],"curies":[{"name":"wp","href":"https:\/\/api.w.org\/{rel}","templated":true}]}}