{"id":781687,"date":"2026-01-28T02:51:05","date_gmt":"2026-01-27T23:51:05","guid":{"rendered":"https:\/\/roveyayinevi.com.tr\/index.php\/urun\/ayisigini-arayan-denizkaplumbagalari-citircik-ile-pitircik\/"},"modified":"2026-04-16T02:27:57","modified_gmt":"2026-04-15T23:27:57","slug":"ayisigini-arayan-denizkaplumbagalari-citircik-ile-pitircik","status":"publish","type":"product","link":"https:\/\/roveyayinevi.com.tr\/index.php\/urun\/ayisigini-arayan-denizkaplumbagalari-citircik-ile-pitircik\/","title":{"rendered":"Ay\u0131\u015f\u0131\u011f\u0131n\u0131 Arayan Denizkaplumba\u011falar\u0131 \u2013 \u00c7\u0131t\u0131rc\u0131k ile P\u0131t\u0131rc\u0131k"},"content":{"rendered":"<p>\u201cKaran\u0131n ve denizin sevgili \u00e7ocuklar\u0131, Bazen ka\u00e7\u0131n\u0131lmazd\u0131r gece yolculuklar\u0131.   B\u00fcy\u00fck k\u00fc\u00e7\u00fck engeller \u00e7\u0131k\u0131nca kar\u015f\u0131n\u0131za, Akl\u0131n\u0131za getirin k\u00fc\u00e7\u00fck Caretta\u2019lar\u0131.\u201d M\u00fcge Meng\u00fc Hale\u2019nin yazd\u0131\u011f\u0131, Meryem Tanr\u0131kulu\u2019nun resimledi\u011fi Ay I\u015f\u0131\u011f\u0131n\u0131 Arayan Denizkaplumba\u011falar\u0131\u2013\u00c7\u0131t\u0131rc\u0131k ile P\u0131t\u0131rc\u0131k bize bir ya\u015fama m\u00fccadelesi hik\u00e2yesi anlat\u0131rken, umuda, dayan\u0131\u015fmaya, m\u00fccadeleye dair i\u00e7imize dokunan bir arka plan yarat\u0131yor. <\/p>\n","protected":false},"excerpt":{"rendered":"<p>\u201cKaran\u0131n ve denizin sevgili \u00e7ocuklar\u0131, Bazen ka\u00e7\u0131n\u0131lmazd\u0131r gece yolculuklar\u0131. B\u00fcy\u00fck k\u00fc\u00e7\u00fck engeller \u00e7\u0131k\u0131nca kar\u015f\u0131n\u0131za, Akl\u0131n\u0131za getirin k\u00fc\u00e7\u00fck Caretta\u2019lar\u0131.\u201d M\u00fcge Meng\u00fc Hale\u2019nin yazd\u0131\u011f\u0131, Meryem Tanr\u0131kulu\u2019nun resimledi\u011fi Ay<span class=\"excerpt-hellip\"> [\u2026]<\/span><\/p>\n","protected":false},"featured_media":0,"template":"","meta":{"_monsterinsights_skip_tracking":false,"_monsterinsights_sitenote_active":false,"_monsterinsights_sitenote_note":"","_monsterinsights_sitenote_category":0},"product_brand":[],"product_cat":[12689,12274],"product_tag":[],"class_list":{"0":"post-781687","1":"product","2":"type-product","3":"status-publish","5":"product_cat-cizgi-roman-cocuk-ve-genclik-kitaplari","6":"product_cat-cocuk-ve-genclik-kitaplari","7":"pa_cilt-ciltsiz","8":"pa_tur-kitap","9":"pa_yayinevi-yapi-kredi-yayinlari","10":"pa_yazar-muge-mengu-hale","12":"first","13":"instock","14":"sale","15":"shipping-taxable","16":"purchasable","17":"product-type-simple"},"_links":{"self":[{"href":"https:\/\/roveyayinevi.com.tr\/index.php\/wp-json\/wp\/v2\/product\/781687","targetHints":{"allow":["GET"]}}],"collection":[{"href":"https:\/\/roveyayinevi.com.tr\/index.php\/wp-json\/wp\/v2\/product"}],"about":[{"href":"https:\/\/roveyayinevi.com.tr\/index.php\/wp-json\/wp\/v2\/types\/product"}],"wp:attachment":[{"href":"https:\/\/roveyayinevi.com.tr\/index.php\/wp-json\/wp\/v2\/media?parent=781687"}],"wp:term":[{"taxonomy":"product_brand","embeddable":true,"href":"https:\/\/roveyayinevi.com.tr\/index.php\/wp-json\/wp\/v2\/product_brand?post=781687"},{"taxonomy":"product_cat","embeddable":true,"href":"https:\/\/roveyayinevi.com.tr\/index.php\/wp-json\/wp\/v2\/product_cat?post=781687"},{"taxonomy":"product_tag","embeddable":true,"href":"https:\/\/roveyayinevi.com.tr\/index.php\/wp-json\/wp\/v2\/product_tag?post=781687"}],"curies":[{"name":"wp","href":"https:\/\/api.w.org\/{rel}","templated":true}]}}