{"id":781685,"date":"2026-01-28T02:43:48","date_gmt":"2026-01-27T23:43:48","guid":{"rendered":"https:\/\/roveyayinevi.com.tr\/index.php\/urun\/sercenin-denize-soyledigi\/"},"modified":"2026-03-13T02:25:04","modified_gmt":"2026-03-12T23:25:04","slug":"sercenin-denize-soyledigi","status":"publish","type":"product","link":"https:\/\/roveyayinevi.com.tr\/index.php\/urun\/sercenin-denize-soyledigi\/","title":{"rendered":"Ser\u00e7enin Denize S\u00f6yledi\u011fi"},"content":{"rendered":"<p>Nedir ser\u00e7enin denize s\u00f6yledi\u011fi hi\u00e7 d\u00fc\u015f\u00fcnd\u00fcn\u00fcz m\u00fc? Peki ya \u00e7ekirgenin y\u0131ld\u0131zlara s\u00f6yledi\u011fi ya da iskelenin r\u00fczg\u00e2ra s\u00f6yledi\u011fi&#8230; Filiz \u00d6zdem\u2019den etraf\u0131m\u0131zda olmas\u0131na al\u0131\u015f\u0131k oldu\u011fumuz, g\u00f6rd\u00fc\u011f\u00fcm\u00fczde \u015fa\u015f\u0131rmad\u0131\u011f\u0131n\u0131z her \u015feye tekrar tekrar bak\u0131p bizi d\u00fc\u015f\u00fcnd\u00fcrtecek, hayal kurdurtacak, al\u0131p g\u00f6t\u00fcrecek, tekrar tekrar okumak isteyece\u011finiz bir kitap daha. Hik\u00e2yenin sonunda sevimli dostlar ser\u00e7e, bayku\u015f ve kediye ait origamiler de var. \u00c7ocuklar origamileri katlarken i\u00e7lerindeki yarat\u0131c\u0131l\u0131\u011f\u0131 ortaya koyacak! <\/p>\n","protected":false},"excerpt":{"rendered":"<p>Nedir ser\u00e7enin denize s\u00f6yledi\u011fi hi\u00e7 d\u00fc\u015f\u00fcnd\u00fcn\u00fcz m\u00fc? Peki ya \u00e7ekirgenin y\u0131ld\u0131zlara s\u00f6yledi\u011fi ya da iskelenin r\u00fczg\u00e2ra s\u00f6yledi\u011fi&#8230; Filiz \u00d6zdem\u2019den etraf\u0131m\u0131zda olmas\u0131na al\u0131\u015f\u0131k oldu\u011fumuz, g\u00f6rd\u00fc\u011f\u00fcm\u00fczde \u015fa\u015f\u0131rmad\u0131\u011f\u0131n\u0131z her<span class=\"excerpt-hellip\"> [\u2026]<\/span><\/p>\n","protected":false},"featured_media":0,"template":"","meta":{"_monsterinsights_skip_tracking":false,"_monsterinsights_sitenote_active":false,"_monsterinsights_sitenote_note":"","_monsterinsights_sitenote_category":0},"product_brand":[],"product_cat":[12274,15842],"product_tag":[],"class_list":{"0":"post-781685","1":"product","2":"type-product","3":"status-publish","5":"product_cat-cocuk-ve-genclik-kitaplari","6":"product_cat-egitici-kitaplar","7":"pa_cilt-ciltsiz","8":"pa_tur-kitap","9":"pa_yayinevi-yapi-kredi-yayinlari","10":"pa_yazar-filiz-ozdem","12":"first","13":"instock","14":"sale","15":"shipping-taxable","16":"purchasable","17":"product-type-simple"},"_links":{"self":[{"href":"https:\/\/roveyayinevi.com.tr\/index.php\/wp-json\/wp\/v2\/product\/781685","targetHints":{"allow":["GET"]}}],"collection":[{"href":"https:\/\/roveyayinevi.com.tr\/index.php\/wp-json\/wp\/v2\/product"}],"about":[{"href":"https:\/\/roveyayinevi.com.tr\/index.php\/wp-json\/wp\/v2\/types\/product"}],"wp:attachment":[{"href":"https:\/\/roveyayinevi.com.tr\/index.php\/wp-json\/wp\/v2\/media?parent=781685"}],"wp:term":[{"taxonomy":"product_brand","embeddable":true,"href":"https:\/\/roveyayinevi.com.tr\/index.php\/wp-json\/wp\/v2\/product_brand?post=781685"},{"taxonomy":"product_cat","embeddable":true,"href":"https:\/\/roveyayinevi.com.tr\/index.php\/wp-json\/wp\/v2\/product_cat?post=781685"},{"taxonomy":"product_tag","embeddable":true,"href":"https:\/\/roveyayinevi.com.tr\/index.php\/wp-json\/wp\/v2\/product_tag?post=781685"}],"curies":[{"name":"wp","href":"https:\/\/api.w.org\/{rel}","templated":true}]}}