{"id":781679,"date":"2026-01-28T02:30:01","date_gmt":"2026-01-27T23:30:01","guid":{"rendered":"https:\/\/roveyayinevi.com.tr\/index.php\/urun\/dunyayi-ogreniyorum-arkadasim-temizlik-iscisi\/"},"modified":"2026-02-03T02:25:53","modified_gmt":"2026-02-02T23:25:53","slug":"dunyayi-ogreniyorum-arkadasim-temizlik-iscisi","status":"publish","type":"product","link":"https:\/\/roveyayinevi.com.tr\/index.php\/urun\/dunyayi-ogreniyorum-arkadasim-temizlik-iscisi\/","title":{"rendered":"D\u00fcnyay\u0131 \u00d6\u011freniyorum &#8211; Arkada\u015f\u0131m Temizlik \u0130\u015f\u00e7isi"},"content":{"rendered":"<p>\u00c7\u00f6plerimiz topland\u0131ktan sonra nereye g\u00f6t\u00fcr\u00fcl\u00fcr?Hangi \u00e7\u00f6pleri hangi kutuya atmak gerekir?Hangi at\u0131klar \u00f6zel ara\u00e7larla toplan\u0131r?Geri d\u00f6n\u00fc\u015f\u00fcm ne demektir?Temizlik i\u015f\u00e7isi arkada\u015f\u0131m Mustafa, bu ve benzeri pek \u00e7ok ilgin\u00e7 soruyu bu kitapta sizler i\u00e7in yan\u0131tl\u0131yor. <\/p>\n","protected":false},"excerpt":{"rendered":"<p>\u00c7\u00f6plerimiz topland\u0131ktan sonra nereye g\u00f6t\u00fcr\u00fcl\u00fcr?Hangi \u00e7\u00f6pleri hangi kutuya atmak gerekir?Hangi at\u0131klar \u00f6zel ara\u00e7larla toplan\u0131r?Geri d\u00f6n\u00fc\u015f\u00fcm ne demektir?Temizlik i\u015f\u00e7isi arkada\u015f\u0131m Mustafa, bu ve benzeri pek \u00e7ok ilgin\u00e7<span class=\"excerpt-hellip\"> [\u2026]<\/span><\/p>\n","protected":false},"featured_media":0,"template":"","meta":{"_monsterinsights_skip_tracking":false,"_monsterinsights_sitenote_active":false,"_monsterinsights_sitenote_note":"","_monsterinsights_sitenote_category":0},"product_brand":[],"product_cat":[12274,12518],"product_tag":[],"class_list":{"0":"post-781679","1":"product","2":"type-product","3":"status-publish","5":"product_cat-cocuk-ve-genclik-kitaplari","6":"product_cat-okul-oncesi-kitaplar","7":"pa_cilt-ciltsiz","8":"pa_tur-kitap","9":"pa_yayinevi-is-bankasi-kultur-yayinlari","10":"pa_yazar-ralf-butschkow","12":"first","13":"instock","14":"sale","15":"shipping-taxable","16":"purchasable","17":"product-type-simple"},"_links":{"self":[{"href":"https:\/\/roveyayinevi.com.tr\/index.php\/wp-json\/wp\/v2\/product\/781679","targetHints":{"allow":["GET"]}}],"collection":[{"href":"https:\/\/roveyayinevi.com.tr\/index.php\/wp-json\/wp\/v2\/product"}],"about":[{"href":"https:\/\/roveyayinevi.com.tr\/index.php\/wp-json\/wp\/v2\/types\/product"}],"wp:attachment":[{"href":"https:\/\/roveyayinevi.com.tr\/index.php\/wp-json\/wp\/v2\/media?parent=781679"}],"wp:term":[{"taxonomy":"product_brand","embeddable":true,"href":"https:\/\/roveyayinevi.com.tr\/index.php\/wp-json\/wp\/v2\/product_brand?post=781679"},{"taxonomy":"product_cat","embeddable":true,"href":"https:\/\/roveyayinevi.com.tr\/index.php\/wp-json\/wp\/v2\/product_cat?post=781679"},{"taxonomy":"product_tag","embeddable":true,"href":"https:\/\/roveyayinevi.com.tr\/index.php\/wp-json\/wp\/v2\/product_tag?post=781679"}],"curies":[{"name":"wp","href":"https:\/\/api.w.org\/{rel}","templated":true}]}}