{"id":781677,"date":"2026-01-28T02:27:01","date_gmt":"2026-01-27T23:27:01","guid":{"rendered":"https:\/\/roveyayinevi.com.tr\/index.php\/urun\/kirmizi-zar\/"},"modified":"2026-02-03T02:24:20","modified_gmt":"2026-02-02T23:24:20","slug":"kirmizi-zar","status":"publish","type":"product","link":"https:\/\/roveyayinevi.com.tr\/index.php\/urun\/kirmizi-zar\/","title":{"rendered":"K\u0131rm\u0131z\u0131 Zar"},"content":{"rendered":"<p>1. D\u00fcnya Sava\u015f\u0131 olanca \u015fiddetiyle devam etmektedir. \u0130nsanl\u0131\u011f\u0131n i\u00e7inde bulundu\u011fu bu delilik haline ve sava\u015f\u0131n anlams\u0131zl\u0131\u011f\u0131na isyan eden onba\u015f\u0131 Jack Yeoman, 1916 y\u0131l\u0131n\u0131n Ekim ay\u0131nda Bat\u0131 Cepnesi&#8217;ni terk eder. Sava\u015fa gitmeden \u00f6nce babas\u0131n\u0131n hediye etti\u011fi biri beyaz di\u011feri alt\u0131 y\u00fcz\u00fcnde alt\u0131 farkl\u0131 simlge bulunan k\u0131rm\u0131z\u0131 renkteki iki tuhaf zar\u0131 yan\u0131ndan ay\u0131rmayan Jack, her karar an\u0131nda bu iki minik zara dan\u0131\u015fmaktad\u0131r. Zarlar onu memleketi Dorset&#8217;e kadar getirir, Jack \u00fcvey k\u0131z karde\u015fi Maggie Fox&#8217;la gizli bir bulu\u015fma ayarlar. Ne ki, bir firari oldu\u011fu hemen anla\u015f\u0131lacak ve Maggie ile birlikte yeniden yola koyulmas\u0131 gerekecektir. Ya\u015fayanlarla \u00f6l\u00fclerin, ger\u00e7eklikle yan\u0131lmas\u0131n\u0131n birbirine kar\u0131\u015ft\u0131\u011f\u0131 bir muamman\u0131n derinliklerine s\u00fcr\u00fcklenen Jack&#8217;i yeni bir karar an\u0131 beklemektedir. \u00dcstelik bu defa zarlar\u0131n yard\u0131m\u0131 olmaks\u0131z\u0131n. \ufffcTan\u0131t\u0131m Metni<\/p>\n","protected":false},"excerpt":{"rendered":"<p>1. D\u00fcnya Sava\u015f\u0131 olanca \u015fiddetiyle devam etmektedir. \u0130nsanl\u0131\u011f\u0131n i\u00e7inde bulundu\u011fu bu delilik haline ve sava\u015f\u0131n anlams\u0131zl\u0131\u011f\u0131na isyan eden onba\u015f\u0131 Jack Yeoman, 1916 y\u0131l\u0131n\u0131n Ekim ay\u0131nda Bat\u0131<span class=\"excerpt-hellip\"> [\u2026]<\/span><\/p>\n","protected":false},"featured_media":0,"template":"","meta":{"_monsterinsights_skip_tracking":false,"_monsterinsights_sitenote_active":false,"_monsterinsights_sitenote_note":"","_monsterinsights_sitenote_category":0},"product_brand":[],"product_cat":[12291,12711],"product_tag":[],"class_list":{"0":"post-781677","1":"product","2":"type-product","3":"status-publish","5":"product_cat-edebiyat","6":"product_cat-roman-oyku","7":"pa_cilt-ciltsiz","8":"pa_tur-kitap","9":"pa_yayinevi-yapi-kredi-yayinlari","10":"pa_yazar-roger-norman","12":"first","13":"instock","14":"sale","15":"shipping-taxable","16":"purchasable","17":"product-type-simple"},"_links":{"self":[{"href":"https:\/\/roveyayinevi.com.tr\/index.php\/wp-json\/wp\/v2\/product\/781677","targetHints":{"allow":["GET"]}}],"collection":[{"href":"https:\/\/roveyayinevi.com.tr\/index.php\/wp-json\/wp\/v2\/product"}],"about":[{"href":"https:\/\/roveyayinevi.com.tr\/index.php\/wp-json\/wp\/v2\/types\/product"}],"wp:attachment":[{"href":"https:\/\/roveyayinevi.com.tr\/index.php\/wp-json\/wp\/v2\/media?parent=781677"}],"wp:term":[{"taxonomy":"product_brand","embeddable":true,"href":"https:\/\/roveyayinevi.com.tr\/index.php\/wp-json\/wp\/v2\/product_brand?post=781677"},{"taxonomy":"product_cat","embeddable":true,"href":"https:\/\/roveyayinevi.com.tr\/index.php\/wp-json\/wp\/v2\/product_cat?post=781677"},{"taxonomy":"product_tag","embeddable":true,"href":"https:\/\/roveyayinevi.com.tr\/index.php\/wp-json\/wp\/v2\/product_tag?post=781677"}],"curies":[{"name":"wp","href":"https:\/\/api.w.org\/{rel}","templated":true}]}}