{"id":781675,"date":"2026-01-28T02:25:01","date_gmt":"2026-01-27T23:25:01","guid":{"rendered":"https:\/\/roveyayinevi.com.tr\/index.php\/urun\/genc-cizerin-el-kitabi\/"},"modified":"2026-02-03T02:23:05","modified_gmt":"2026-02-02T23:23:05","slug":"genc-cizerin-el-kitabi","status":"publish","type":"product","link":"https:\/\/roveyayinevi.com.tr\/index.php\/urun\/genc-cizerin-el-kitabi\/","title":{"rendered":"Gen\u00e7 \u00c7izerin El Kitab\u0131"},"content":{"rendered":"<p>Kendi \u00e7izgi roman\u0131n\u0131z\u0131 yaz\u0131p \u00e7izmek istedi\u011finiz, ama nereden ba\u015flayaca\u011f\u0131n\u0131z\u0131 bilemedi\u011finiz oldu mu hi\u00e7? \u0130\u015fte bu kitap yard\u0131m\u0131n\u0131za ko\u015fuyor. S\u00fcper kahraman maceralar\u0131ndan hayvan hik\u00e2yelerine kadar her konuda fikirlerle dolu. \u00dcstelik \u00e7izgi romanlar\u0131n\u0131z i\u00e7in bol bol bo\u015f yer, yaz\u0131 ve \u00e7izim i\u00e7in de kenarlarda bir s\u00fcr\u00fc ipucu var. \ufffcTan\u0131t\u0131m Metni<\/p>\n","protected":false},"excerpt":{"rendered":"<p>Kendi \u00e7izgi roman\u0131n\u0131z\u0131 yaz\u0131p \u00e7izmek istedi\u011finiz, ama nereden ba\u015flayaca\u011f\u0131n\u0131z\u0131 bilemedi\u011finiz oldu mu hi\u00e7? \u0130\u015fte bu kitap yard\u0131m\u0131n\u0131za ko\u015fuyor. S\u00fcper kahraman maceralar\u0131ndan hayvan hik\u00e2yelerine kadar her konuda<span class=\"excerpt-hellip\"> [\u2026]<\/span><\/p>\n","protected":false},"featured_media":0,"template":"","meta":{"_monsterinsights_skip_tracking":false,"_monsterinsights_sitenote_active":false,"_monsterinsights_sitenote_note":"","_monsterinsights_sitenote_category":0},"product_brand":[],"product_cat":[12274,15842],"product_tag":[],"class_list":{"0":"post-781675","1":"product","2":"type-product","3":"status-publish","5":"product_cat-cocuk-ve-genclik-kitaplari","6":"product_cat-egitici-kitaplar","7":"pa_cilt-ciltli","8":"pa_tur-kitap","9":"pa_yayinevi-is-bankasi-kultur-yayinlari","10":"pa_yazar-kolektif","12":"first","13":"instock","14":"sale","15":"shipping-taxable","16":"purchasable","17":"product-type-simple"},"_links":{"self":[{"href":"https:\/\/roveyayinevi.com.tr\/index.php\/wp-json\/wp\/v2\/product\/781675","targetHints":{"allow":["GET"]}}],"collection":[{"href":"https:\/\/roveyayinevi.com.tr\/index.php\/wp-json\/wp\/v2\/product"}],"about":[{"href":"https:\/\/roveyayinevi.com.tr\/index.php\/wp-json\/wp\/v2\/types\/product"}],"wp:attachment":[{"href":"https:\/\/roveyayinevi.com.tr\/index.php\/wp-json\/wp\/v2\/media?parent=781675"}],"wp:term":[{"taxonomy":"product_brand","embeddable":true,"href":"https:\/\/roveyayinevi.com.tr\/index.php\/wp-json\/wp\/v2\/product_brand?post=781675"},{"taxonomy":"product_cat","embeddable":true,"href":"https:\/\/roveyayinevi.com.tr\/index.php\/wp-json\/wp\/v2\/product_cat?post=781675"},{"taxonomy":"product_tag","embeddable":true,"href":"https:\/\/roveyayinevi.com.tr\/index.php\/wp-json\/wp\/v2\/product_tag?post=781675"}],"curies":[{"name":"wp","href":"https:\/\/api.w.org\/{rel}","templated":true}]}}