{"id":781673,"date":"2026-01-28T02:22:37","date_gmt":"2026-01-27T23:22:37","guid":{"rendered":"https:\/\/roveyayinevi.com.tr\/index.php\/urun\/dogabilimci-profesorun-heyecanli-yolculugu\/"},"modified":"2026-04-16T02:11:51","modified_gmt":"2026-04-15T23:11:51","slug":"dogabilimci-profesorun-heyecanli-yolculugu","status":"publish","type":"product","link":"https:\/\/roveyayinevi.com.tr\/index.php\/urun\/dogabilimci-profesorun-heyecanli-yolculugu\/","title":{"rendered":"Do\u011fabilimci Profes\u00f6r\u00fcn Heyecanl\u0131 Yolculu\u011fu"},"content":{"rendered":"<p>B\u00f6cekler \u0130\u00e7in \u0130lkyard\u0131m Merkezi\u2019nin b\u00f6cekbilimci olmak isteyen k\u00fc\u00e7\u00fck kahraman\u0131 Camilla, bu defa, hayran oldu\u011fu Profes\u00f6r Lucillo Visberghi G\u00f6lgelitepe\u2019nin hayat hik\u00e2yesini \u00f6\u011freniyor. Profes\u00f6r\u00fcn yol arkada\u015f\u0131 Cesco, bir zamanlar sadece merakl\u0131 bir \u00e7ocuk olan Lucillo\u2019nun nas\u0131l d\u00fcnya \u00e7ap\u0131nda \u00fcne kavu\u015ftu\u011funu, onun ba\u015f\u0131ndan ge\u00e7en heyecan dolu, ola\u011fan\u00fcst\u00fc maceralar\u0131n\u0131 anlat\u0131r. Ancak Lucillo\u2019nun i\u015fleri her zaman yolunda gitmez. K\u00f6t\u00fc kalpli biri ona hayat\u0131 dar etmek i\u00e7in elinden geleni ard\u0131na b\u0131rakmam\u0131\u015ft\u0131r. Bu k\u00f6t\u00fc kalpli ki\u015fi ise, hi\u00e7 beklenmedik biridir! \ufffcTan\u0131t\u0131m Metni<\/p>\n","protected":false},"excerpt":{"rendered":"<p>B\u00f6cekler \u0130\u00e7in \u0130lkyard\u0131m Merkezi\u2019nin b\u00f6cekbilimci olmak isteyen k\u00fc\u00e7\u00fck kahraman\u0131 Camilla, bu defa, hayran oldu\u011fu Profes\u00f6r Lucillo Visberghi G\u00f6lgelitepe\u2019nin hayat hik\u00e2yesini \u00f6\u011freniyor. Profes\u00f6r\u00fcn yol arkada\u015f\u0131 Cesco, bir<span class=\"excerpt-hellip\"> [\u2026]<\/span><\/p>\n","protected":false},"featured_media":0,"template":"","meta":{"_monsterinsights_skip_tracking":false,"_monsterinsights_sitenote_active":false,"_monsterinsights_sitenote_note":"","_monsterinsights_sitenote_category":0},"product_brand":[],"product_cat":[13829,12274],"product_tag":[],"class_list":{"0":"post-781673","1":"product","2":"type-product","3":"status-publish","5":"product_cat-bilimsel-kitaplar","6":"product_cat-cocuk-ve-genclik-kitaplari","7":"pa_cilt-ciltsiz","8":"pa_tur-kitap","9":"pa_yayinevi-yapi-kredi-yayinlari","10":"pa_yazar-guido-sgardoli","12":"first","13":"instock","14":"sale","15":"shipping-taxable","16":"purchasable","17":"product-type-simple"},"_links":{"self":[{"href":"https:\/\/roveyayinevi.com.tr\/index.php\/wp-json\/wp\/v2\/product\/781673","targetHints":{"allow":["GET"]}}],"collection":[{"href":"https:\/\/roveyayinevi.com.tr\/index.php\/wp-json\/wp\/v2\/product"}],"about":[{"href":"https:\/\/roveyayinevi.com.tr\/index.php\/wp-json\/wp\/v2\/types\/product"}],"wp:attachment":[{"href":"https:\/\/roveyayinevi.com.tr\/index.php\/wp-json\/wp\/v2\/media?parent=781673"}],"wp:term":[{"taxonomy":"product_brand","embeddable":true,"href":"https:\/\/roveyayinevi.com.tr\/index.php\/wp-json\/wp\/v2\/product_brand?post=781673"},{"taxonomy":"product_cat","embeddable":true,"href":"https:\/\/roveyayinevi.com.tr\/index.php\/wp-json\/wp\/v2\/product_cat?post=781673"},{"taxonomy":"product_tag","embeddable":true,"href":"https:\/\/roveyayinevi.com.tr\/index.php\/wp-json\/wp\/v2\/product_tag?post=781673"}],"curies":[{"name":"wp","href":"https:\/\/api.w.org\/{rel}","templated":true}]}}