{"id":781672,"date":"2026-01-28T02:14:50","date_gmt":"2026-01-27T23:14:50","guid":{"rendered":"https:\/\/roveyayinevi.com.tr\/index.php\/urun\/dunyayi-ogreniyorum-arkadasim-firinci\/"},"modified":"2026-04-16T02:07:52","modified_gmt":"2026-04-15T23:07:52","slug":"dunyayi-ogreniyorum-arkadasim-firinci","status":"publish","type":"product","link":"https:\/\/roveyayinevi.com.tr\/index.php\/urun\/dunyayi-ogreniyorum-arkadasim-firinci\/","title":{"rendered":"D\u00fcnyay\u0131 \u00d6\u011freniyorum &#8211; Arkada\u015f\u0131m F\u0131r\u0131nc\u0131"},"content":{"rendered":"<p>Kekleri, kurabiyeleri, b\u00f6rekleri, pastalar\u0131 ve tatl\u0131lar\u0131 \u00e7ok severiz. \u00dczerine tereya\u011f\u0131 s\u00fcr\u00fclm\u00fc\u015f s\u0131cac\u0131k ekmek, \u00e7ayla yenilen s\u0131cak bir simit ya da peynirli domatesli sandvi\u00e7 kadar nefis bir \u015fey daha var m\u0131d\u0131r? \u0130ste bu nefis \u015feylerin hepsini f\u0131r\u0131nc\u0131 yapar. Hadi gidip bu nefis hamur i\u015flerini yapan ustalara kat\u0131lal\u0131m ve bir f\u0131r\u0131n\u0131n nas\u0131l \u00e7al\u0131\u015ft\u0131\u011f\u0131n\u0131 g\u00f6relim. \ufffcTan\u0131t\u0131m Metni<\/p>\n","protected":false},"excerpt":{"rendered":"<p>Kekleri, kurabiyeleri, b\u00f6rekleri, pastalar\u0131 ve tatl\u0131lar\u0131 \u00e7ok severiz. \u00dczerine tereya\u011f\u0131 s\u00fcr\u00fclm\u00fc\u015f s\u0131cac\u0131k ekmek, \u00e7ayla yenilen s\u0131cak bir simit ya da peynirli domatesli sandvi\u00e7 kadar nefis bir<span class=\"excerpt-hellip\"> [\u2026]<\/span><\/p>\n","protected":false},"featured_media":0,"template":"","meta":{"_monsterinsights_skip_tracking":false,"_monsterinsights_sitenote_active":false,"_monsterinsights_sitenote_note":"","_monsterinsights_sitenote_category":0},"product_brand":[],"product_cat":[12274,12284],"product_tag":[],"class_list":{"0":"post-781672","1":"product","2":"type-product","3":"status-publish","5":"product_cat-cocuk-ve-genclik-kitaplari","6":"product_cat-hikayeler","7":"pa_cilt-ciltsiz","8":"pa_tur-kitap","9":"pa_yayinevi-is-bankasi-kultur-yayinlari","10":"pa_yazar-ralf-butschkow","12":"first","13":"instock","14":"sale","15":"shipping-taxable","16":"purchasable","17":"product-type-simple"},"_links":{"self":[{"href":"https:\/\/roveyayinevi.com.tr\/index.php\/wp-json\/wp\/v2\/product\/781672","targetHints":{"allow":["GET"]}}],"collection":[{"href":"https:\/\/roveyayinevi.com.tr\/index.php\/wp-json\/wp\/v2\/product"}],"about":[{"href":"https:\/\/roveyayinevi.com.tr\/index.php\/wp-json\/wp\/v2\/types\/product"}],"wp:attachment":[{"href":"https:\/\/roveyayinevi.com.tr\/index.php\/wp-json\/wp\/v2\/media?parent=781672"}],"wp:term":[{"taxonomy":"product_brand","embeddable":true,"href":"https:\/\/roveyayinevi.com.tr\/index.php\/wp-json\/wp\/v2\/product_brand?post=781672"},{"taxonomy":"product_cat","embeddable":true,"href":"https:\/\/roveyayinevi.com.tr\/index.php\/wp-json\/wp\/v2\/product_cat?post=781672"},{"taxonomy":"product_tag","embeddable":true,"href":"https:\/\/roveyayinevi.com.tr\/index.php\/wp-json\/wp\/v2\/product_tag?post=781672"}],"curies":[{"name":"wp","href":"https:\/\/api.w.org\/{rel}","templated":true}]}}