{"id":781671,"date":"2026-01-28T02:14:48","date_gmt":"2026-01-27T23:14:48","guid":{"rendered":"https:\/\/roveyayinevi.com.tr\/index.php\/urun\/turk-ve-bati-mutfagindan-yemek-tarifleri\/"},"modified":"2026-04-16T02:07:52","modified_gmt":"2026-04-15T23:07:52","slug":"turk-ve-bati-mutfagindan-yemek-tarifleri","status":"publish","type":"product","link":"https:\/\/roveyayinevi.com.tr\/index.php\/urun\/turk-ve-bati-mutfagindan-yemek-tarifleri\/","title":{"rendered":"T\u00fcrk ve Bat\u0131 Mutfa\u011f\u0131ndan Yemek Tarifleri"},"content":{"rendered":"<p>Yeni Lezzetlerle Toplam 550 Tarif ve Ek Bilgiler&#8230; \u2018Marifet iltifata tabidir\u2019 diye g\u00fczel bir s\u00f6z var. \u0130ltifat i\u015fittik\u00e7e daha da g\u00fczel \u015feyler yapmaya \u00e7al\u0131\u015f\u0131yor insan. Bir g\u00fcn d\u00fc\u015f\u00fcnd\u00fcm, ailemden ve dostlar\u0131mdan \u00f6\u011frendiklerim yitip gidebilir. \u0130\u015fte bu g\u00f6zle bak\u0131nca, y\u0131llard\u0131r biriktirdi\u011fim notlar\u0131n kitap olarak yay\u0131nlanmas\u0131 f ikri cazip g\u00f6r\u00fcnmeye ba\u015flad\u0131. Arkada\u015flar\u0131m\u0131n keyif li sofralar\u0131ndan \u00f6\u011frendiklerim, bu kitaptaki se\u00e7melerin b\u00fcy\u00fck bir k\u0131sm\u0131n\u0131 olu\u015fturuyor. Se\u00e7ti\u011fim yemeklerin di\u011fer bir k\u0131sm\u0131 ailemden, bilhassa Rumeli k\u00f6kenli, \u0130stanbullu annemden ve Egeli kay\u0131nvalidemden \u00f6\u011frendiklerimdir. Bunlar\u0131n yan\u0131 s\u0131ra, Len\u00f4tre gibi ustalar\u0131n kitaplar\u0131ndan ald\u0131\u011f\u0131m, damak tad\u0131m\u0131za uyan baz\u0131 tarif leri de kitaba katmakta yarar g\u00f6rd\u00fcm. \u00dcLK\u00dc NEC\u0130PO\u011eLU<\/p>\n","protected":false},"excerpt":{"rendered":"<p>Yeni Lezzetlerle Toplam 550 Tarif ve Ek Bilgiler&#8230; \u2018Marifet iltifata tabidir\u2019 diye g\u00fczel bir s\u00f6z var. \u0130ltifat i\u015fittik\u00e7e daha da g\u00fczel \u015feyler yapmaya \u00e7al\u0131\u015f\u0131yor insan. Bir<span class=\"excerpt-hellip\"> [\u2026]<\/span><\/p>\n","protected":false},"featured_media":0,"template":"","meta":{"_monsterinsights_skip_tracking":false,"_monsterinsights_sitenote_active":false,"_monsterinsights_sitenote_note":"","_monsterinsights_sitenote_category":0},"product_brand":[],"product_cat":[12458,12457],"product_tag":[],"class_list":{"0":"post-781671","1":"product","2":"type-product","3":"status-publish","5":"product_cat-turk-mutfagi","6":"product_cat-yemek-kitaplari","7":"pa_cilt-ciltsiz","8":"pa_tur-kitap","9":"pa_yayinevi-remzi-kitabevi","10":"pa_yazar-ulku-necipoglu","12":"first","13":"instock","14":"sale","15":"shipping-taxable","16":"purchasable","17":"product-type-simple"},"_links":{"self":[{"href":"https:\/\/roveyayinevi.com.tr\/index.php\/wp-json\/wp\/v2\/product\/781671","targetHints":{"allow":["GET"]}}],"collection":[{"href":"https:\/\/roveyayinevi.com.tr\/index.php\/wp-json\/wp\/v2\/product"}],"about":[{"href":"https:\/\/roveyayinevi.com.tr\/index.php\/wp-json\/wp\/v2\/types\/product"}],"wp:attachment":[{"href":"https:\/\/roveyayinevi.com.tr\/index.php\/wp-json\/wp\/v2\/media?parent=781671"}],"wp:term":[{"taxonomy":"product_brand","embeddable":true,"href":"https:\/\/roveyayinevi.com.tr\/index.php\/wp-json\/wp\/v2\/product_brand?post=781671"},{"taxonomy":"product_cat","embeddable":true,"href":"https:\/\/roveyayinevi.com.tr\/index.php\/wp-json\/wp\/v2\/product_cat?post=781671"},{"taxonomy":"product_tag","embeddable":true,"href":"https:\/\/roveyayinevi.com.tr\/index.php\/wp-json\/wp\/v2\/product_tag?post=781671"}],"curies":[{"name":"wp","href":"https:\/\/api.w.org\/{rel}","templated":true}]}}