{"id":781669,"date":"2026-01-28T02:09:47","date_gmt":"2026-01-27T23:09:47","guid":{"rendered":"https:\/\/roveyayinevi.com.tr\/index.php\/urun\/agac-zamani\/"},"modified":"2026-02-03T02:07:33","modified_gmt":"2026-02-02T23:07:33","slug":"agac-zamani","status":"publish","type":"product","link":"https:\/\/roveyayinevi.com.tr\/index.php\/urun\/agac-zamani\/","title":{"rendered":"A\u011fa\u00e7 Zaman\u0131"},"content":{"rendered":"<p>Yeni odas\u0131nda ilk gecesini ge\u00e7iren Alan&#8217;\u0131n, penceresinin \u00f6n\u00fcnde bekleyen d\u00fc\u015fmandan haberi yoktu. Dallar\u0131 Alan&#8217;\u0131n penceresine kadar uzanan Bay Di\u015fbudak, kurdu\u011fu sal\u0131ncakta dallar\u0131n\u0131 \u00f6rseleyen \u00e7ocuktan intikam almak i\u00e7in A\u011fa\u00e7 Zaman\u0131&#8217;n\u0131n gelmesini bekliyordu. A\u011fa\u00e7 Zaman\u0131&#8217;nda sadece a\u011fa\u00e7lar y\u00fcr\u00fcyebilir ve konu\u015fabilir, geri kalan herkes oldu\u011fu yerde donup kal\u0131r. Bu b\u00fcy\u00fcl\u00fc saatler ba\u015flay\u0131nca Bay Di\u015fbudak Alan&#8217;\u0131 kovu\u011funa atacak, ona hak etti\u011fi cezay\u0131 verecekti. Fakat unuttu\u011fu bir\u015fey vard\u0131. A\u011fa\u00e7 Zaman\u0131&#8217;n\u0131n b\u00fcy\u00fcs\u00fc, a\u011fa\u00e7 dallar\u0131ndaki sincaplar\u0131, ku\u015flar\u0131, sinekleri etkilemedi\u011fi gibi, k\u00fc\u00e7\u00fck \u00e7ocuklar\u0131 da etkilemiyordu. A\u011fa\u00e7 Zaman\u0131&#8217;n\u0131n b\u00fcy\u00fcs\u00fcnden kurtulan Alan, bir turna sine\u011finin ve beklenmedik anlarda kar\u015f\u0131s\u0131na \u00e7\u0131kan yeni dostlar\u0131n yard\u0131m\u0131yla, Bay Di\u015fbudak&#8217;\u0131n ve insanlar\u0131 cezaland\u0131rmak isteyen di\u011fer a\u011fa\u00e7lar\u0131n \u00f6fkesinden kurtulup A\u011fa\u00e7 Zaman\u0131&#8217;n\u0131n sonuna kadar dayanmak zorunda. Acaba bunu ba\u015farabilecek mi?\ufffc<\/p>\n","protected":false},"excerpt":{"rendered":"<p>Yeni odas\u0131nda ilk gecesini ge\u00e7iren Alan&#8217;\u0131n, penceresinin \u00f6n\u00fcnde bekleyen d\u00fc\u015fmandan haberi yoktu. Dallar\u0131 Alan&#8217;\u0131n penceresine kadar uzanan Bay Di\u015fbudak, kurdu\u011fu sal\u0131ncakta dallar\u0131n\u0131 \u00f6rseleyen \u00e7ocuktan intikam almak<span class=\"excerpt-hellip\"> [\u2026]<\/span><\/p>\n","protected":false},"featured_media":0,"template":"","meta":{"_monsterinsights_skip_tracking":false,"_monsterinsights_sitenote_active":false,"_monsterinsights_sitenote_note":"","_monsterinsights_sitenote_category":0},"product_brand":[],"product_cat":[12274,12284],"product_tag":[],"class_list":{"0":"post-781669","1":"product","2":"type-product","3":"status-publish","5":"product_cat-cocuk-ve-genclik-kitaplari","6":"product_cat-hikayeler","7":"pa_cilt-ciltsiz","8":"pa_tur-kitap","9":"pa_yayinevi-yapi-kredi-yayinlari","10":"pa_yazar-roger-norman","12":"first","13":"instock","14":"sale","15":"shipping-taxable","16":"purchasable","17":"product-type-simple"},"_links":{"self":[{"href":"https:\/\/roveyayinevi.com.tr\/index.php\/wp-json\/wp\/v2\/product\/781669","targetHints":{"allow":["GET"]}}],"collection":[{"href":"https:\/\/roveyayinevi.com.tr\/index.php\/wp-json\/wp\/v2\/product"}],"about":[{"href":"https:\/\/roveyayinevi.com.tr\/index.php\/wp-json\/wp\/v2\/types\/product"}],"wp:attachment":[{"href":"https:\/\/roveyayinevi.com.tr\/index.php\/wp-json\/wp\/v2\/media?parent=781669"}],"wp:term":[{"taxonomy":"product_brand","embeddable":true,"href":"https:\/\/roveyayinevi.com.tr\/index.php\/wp-json\/wp\/v2\/product_brand?post=781669"},{"taxonomy":"product_cat","embeddable":true,"href":"https:\/\/roveyayinevi.com.tr\/index.php\/wp-json\/wp\/v2\/product_cat?post=781669"},{"taxonomy":"product_tag","embeddable":true,"href":"https:\/\/roveyayinevi.com.tr\/index.php\/wp-json\/wp\/v2\/product_tag?post=781669"}],"curies":[{"name":"wp","href":"https:\/\/api.w.org\/{rel}","templated":true}]}}