{"id":781666,"date":"2026-01-28T02:07:03","date_gmt":"2026-01-27T23:07:03","guid":{"rendered":"https:\/\/roveyayinevi.com.tr\/index.php\/urun\/gunesi-dogduran\/"},"modified":"2026-02-03T02:05:52","modified_gmt":"2026-02-02T23:05:52","slug":"gunesi-dogduran","status":"publish","type":"product","link":"https:\/\/roveyayinevi.com.tr\/index.php\/urun\/gunesi-dogduran\/","title":{"rendered":"G\u00fcne\u015fi Do\u011fduran"},"content":{"rendered":"<p>Bu kitap bir cocu\u011fun geri kalm\u0131\u015f saatleri d\u00fczeltme \u00e7abas\u0131n\u0131 anlat\u0131r. \u00dclk\u00fcde\u015fi olan \u00f6b\u00fcr \u00e7ocuklarla kentte yay\u0131lmalar\u0131n\u0131 , b\u00fct\u00fcn saatleri geri kalm\u0131\u015fl\u0131ktan kurtarmalar\u0131n\u0131 anlat\u0131r. Sonunda \u00fclke &#8220;\u00e7a\u011fda\u015f uygarl\u0131k d\u00fczeyine&#8221; ula\u015facakt\u0131r. Geri kalm\u0131\u015f benimki dedi Avucu parmaklar\u0131 ger\u00e7ekle s\u0131zlam\u0131\u015f \u0130leri ald\u0131 bir bir Kendi saatini \u00e7abucak<\/p>\n","protected":false},"excerpt":{"rendered":"<p>Bu kitap bir cocu\u011fun geri kalm\u0131\u015f saatleri d\u00fczeltme \u00e7abas\u0131n\u0131 anlat\u0131r. \u00dclk\u00fcde\u015fi olan \u00f6b\u00fcr \u00e7ocuklarla kentte yay\u0131lmalar\u0131n\u0131 , b\u00fct\u00fcn saatleri geri kalm\u0131\u015fl\u0131ktan kurtarmalar\u0131n\u0131 anlat\u0131r. Sonunda \u00fclke &#8220;\u00e7a\u011fda\u015f<span class=\"excerpt-hellip\"> [\u2026]<\/span><\/p>\n","protected":false},"featured_media":0,"template":"","meta":{"_monsterinsights_skip_tracking":false,"_monsterinsights_sitenote_active":false,"_monsterinsights_sitenote_note":"","_monsterinsights_sitenote_category":0},"product_brand":[],"product_cat":[12274,12631],"product_tag":[],"class_list":{"0":"post-781666","1":"product","2":"type-product","3":"status-publish","5":"product_cat-cocuk-ve-genclik-kitaplari","6":"product_cat-diger-cocuk-ve-genclik-kitaplari","7":"pa_cilt-ciltsiz","8":"pa_tur-kitap","9":"pa_yayinevi-yapi-kredi-yayinlari","10":"pa_yazar-fazil-husnu-daglarca","12":"first","13":"instock","14":"sale","15":"shipping-taxable","16":"purchasable","17":"product-type-simple"},"_links":{"self":[{"href":"https:\/\/roveyayinevi.com.tr\/index.php\/wp-json\/wp\/v2\/product\/781666","targetHints":{"allow":["GET"]}}],"collection":[{"href":"https:\/\/roveyayinevi.com.tr\/index.php\/wp-json\/wp\/v2\/product"}],"about":[{"href":"https:\/\/roveyayinevi.com.tr\/index.php\/wp-json\/wp\/v2\/types\/product"}],"wp:attachment":[{"href":"https:\/\/roveyayinevi.com.tr\/index.php\/wp-json\/wp\/v2\/media?parent=781666"}],"wp:term":[{"taxonomy":"product_brand","embeddable":true,"href":"https:\/\/roveyayinevi.com.tr\/index.php\/wp-json\/wp\/v2\/product_brand?post=781666"},{"taxonomy":"product_cat","embeddable":true,"href":"https:\/\/roveyayinevi.com.tr\/index.php\/wp-json\/wp\/v2\/product_cat?post=781666"},{"taxonomy":"product_tag","embeddable":true,"href":"https:\/\/roveyayinevi.com.tr\/index.php\/wp-json\/wp\/v2\/product_tag?post=781666"}],"curies":[{"name":"wp","href":"https:\/\/api.w.org\/{rel}","templated":true}]}}