{"id":781660,"date":"2026-01-28T02:06:45","date_gmt":"2026-01-27T23:06:45","guid":{"rendered":"https:\/\/roveyayinevi.com.tr\/index.php\/urun\/albionun-ruyasi\/"},"modified":"2026-01-29T02:06:50","modified_gmt":"2026-01-28T23:06:50","slug":"albionun-ruyasi","status":"publish","type":"product","link":"https:\/\/roveyayinevi.com.tr\/index.php\/urun\/albionun-ruyasi\/","title":{"rendered":"Albion\u2019un R\u00fcyas\u0131"},"content":{"rendered":"<p>Edward Yeoman, amcas\u0131n\u0131n \u00e7iftli\u011finde k\u00fct\u00fcphanenin arkas\u0131na saklanm\u0131\u015f, toz ve \u00f6r\u00fcmcek a\u011flar\u0131yla kapl\u0131 bir kutu bulur. Kutunun i\u00e7inden eski bir oyun tahtas\u0131 \u00e7\u0131kar. Oyunun ad\u0131 Albion&#8217;un R\u00fcyas\u0131 d\u0131r. Edward k\u0131sa s\u00fcrede \u00fczerinde tuhaf simgeler olan k\u0131rm\u0131z\u0131 zar\u0131 ve esrarengiz \u00e7a\u011fr\u0131\u015f\u0131mlar yapan oyun kartlar\u0131n\u0131n kullanarak oyunu nas\u0131l oynayaca\u011f\u0131n\u0131 ke\u015ffeder ve b\u00fcy\u00fcs\u00fcne kap\u0131l\u0131r. Ama \u00e7ok ge\u00e7meden Albion&#8217;un R\u00fcyas\u0131 n\u0131n basit bir \u015fans oyunundan \u00e7ok daha fazla bir \u015fey oldu\u011funu anlayacakt\u0131r&#8230; Roger Norman\u0131&#8217;\u0131n ilk yap\u0131t\u0131 olan Albion&#8217;un R\u00fcyas\u0131, bir sis perdesini aralayarak sizleri beklenmedik garip olaylar \u00f6rg\u00fcs\u00fc i\u00e7inde gerilim dolu bir yolculu\u011fa \u00e7\u0131karacak. \ufffcTan\u0131t\u0131m Metni<\/p>\n","protected":false},"excerpt":{"rendered":"<p>Edward Yeoman, amcas\u0131n\u0131n \u00e7iftli\u011finde k\u00fct\u00fcphanenin arkas\u0131na saklanm\u0131\u015f, toz ve \u00f6r\u00fcmcek a\u011flar\u0131yla kapl\u0131 bir kutu bulur. Kutunun i\u00e7inden eski bir oyun tahtas\u0131 \u00e7\u0131kar. Oyunun ad\u0131 Albion&#8217;un R\u00fcyas\u0131<span class=\"excerpt-hellip\"> [\u2026]<\/span><\/p>\n","protected":false},"featured_media":0,"template":"","meta":{"_monsterinsights_skip_tracking":false,"_monsterinsights_sitenote_active":false,"_monsterinsights_sitenote_note":"","_monsterinsights_sitenote_category":0},"product_brand":[],"product_cat":[12891,12291],"product_tag":[],"class_list":{"0":"post-781660","1":"product","2":"type-product","3":"status-publish","5":"product_cat-amerikan-edebiyati","6":"product_cat-edebiyat","7":"pa_cilt-ciltsiz","8":"pa_tur-kitap","9":"pa_yayinevi-yapi-kredi-yayinlari","10":"pa_yazar-roger-norman","12":"first","13":"instock","14":"sale","15":"shipping-taxable","16":"purchasable","17":"product-type-simple"},"_links":{"self":[{"href":"https:\/\/roveyayinevi.com.tr\/index.php\/wp-json\/wp\/v2\/product\/781660","targetHints":{"allow":["GET"]}}],"collection":[{"href":"https:\/\/roveyayinevi.com.tr\/index.php\/wp-json\/wp\/v2\/product"}],"about":[{"href":"https:\/\/roveyayinevi.com.tr\/index.php\/wp-json\/wp\/v2\/types\/product"}],"wp:attachment":[{"href":"https:\/\/roveyayinevi.com.tr\/index.php\/wp-json\/wp\/v2\/media?parent=781660"}],"wp:term":[{"taxonomy":"product_brand","embeddable":true,"href":"https:\/\/roveyayinevi.com.tr\/index.php\/wp-json\/wp\/v2\/product_brand?post=781660"},{"taxonomy":"product_cat","embeddable":true,"href":"https:\/\/roveyayinevi.com.tr\/index.php\/wp-json\/wp\/v2\/product_cat?post=781660"},{"taxonomy":"product_tag","embeddable":true,"href":"https:\/\/roveyayinevi.com.tr\/index.php\/wp-json\/wp\/v2\/product_tag?post=781660"}],"curies":[{"name":"wp","href":"https:\/\/api.w.org\/{rel}","templated":true}]}}