{"id":781657,"date":"2026-01-28T02:00:36","date_gmt":"2026-01-27T23:00:36","guid":{"rendered":"https:\/\/roveyayinevi.com.tr\/index.php\/urun\/ses-ve-isik\/"},"modified":"2026-04-16T01:59:26","modified_gmt":"2026-04-15T22:59:26","slug":"ses-ve-isik","status":"publish","type":"product","link":"https:\/\/roveyayinevi.com.tr\/index.php\/urun\/ses-ve-isik\/","title":{"rendered":"Ses ve I\u015f\u0131k"},"content":{"rendered":"<p>I\u015f\u0131\u011f\u0131 b\u00fckmeyi \u00f6\u011frenin! Kendi g\u00f6kku\u015fa\u011f\u0131n\u0131z\u0131 yaparak arkada\u015flar\u0131n\u0131z\u0131 hayrete d\u00fc\u015f\u00fcr\u00fcn! Ayakkab\u0131 kutusu ve paket bantlar\u0131yla gitar yap\u0131n! Kesme \u015fekerlerin \u0131\u015f\u0131k yayabildi\u011fini ke\u015ffedin! Heyecan verici ve yararl\u0131 20 deneyle bilimin nas\u0131l i\u015fledi\u011fini anlayacaks\u0131n\u0131z. Bilimsel ilkeler ve etkileyici ger\u00e7ekler kitapta, s\u0131radan ara\u00e7 gere\u00e7lerin kullan\u0131ld\u0131\u011f\u0131 etkinliklerle \u00e7ok zekice ortaya konuyor. Bilim daha \u00f6nce hi\u00e7 bu kadar e\u011flenceli anlat\u0131lmam\u0131\u015ft\u0131! Kitapta baz\u0131lar\u0131 klasikle\u015fmi\u015f, baz\u0131lar\u0131 da yepyeni olan deneyler ad\u0131m ad\u0131m anlat\u0131l\u0131yor. Etkinliklerin y\u00f6nergeleri olduk\u00e7a a\u00e7\u0131k, ill\u00fcstrasyonlar\u0131 g\u00f6z al\u0131c\u0131. 8 ya\u015f ve \u00fczerindeki bilim adam\u0131 adaylar\u0131 i\u00e7in ideal bir kaynak. Kitapta k\u00fc\u00e7\u00fck bir s\u00f6zl\u00fc\u011f\u00fcn yan\u0131 s\u0131ra, yararl\u0131 internet sitelerinin adresleri de veriliyor.<\/p>\n","protected":false},"excerpt":{"rendered":"<p>I\u015f\u0131\u011f\u0131 b\u00fckmeyi \u00f6\u011frenin! Kendi g\u00f6kku\u015fa\u011f\u0131n\u0131z\u0131 yaparak arkada\u015flar\u0131n\u0131z\u0131 hayrete d\u00fc\u015f\u00fcr\u00fcn! Ayakkab\u0131 kutusu ve paket bantlar\u0131yla gitar yap\u0131n! Kesme \u015fekerlerin \u0131\u015f\u0131k yayabildi\u011fini ke\u015ffedin! Heyecan verici ve yararl\u0131 20<span class=\"excerpt-hellip\"> [\u2026]<\/span><\/p>\n","protected":false},"featured_media":0,"template":"","meta":{"_monsterinsights_skip_tracking":false,"_monsterinsights_sitenote_active":false,"_monsterinsights_sitenote_note":"","_monsterinsights_sitenote_category":0},"product_brand":[],"product_cat":[13829,12274],"product_tag":[],"class_list":{"0":"post-781657","1":"product","2":"type-product","3":"status-publish","5":"product_cat-bilimsel-kitaplar","6":"product_cat-cocuk-ve-genclik-kitaplari","7":"pa_cilt-ciltsiz","8":"pa_tur-kitap","9":"pa_yayinevi-is-bankasi-kultur-yayinlari","10":"pa_yazar-jack-challoner","12":"first","13":"instock","14":"sale","15":"shipping-taxable","16":"purchasable","17":"product-type-simple"},"_links":{"self":[{"href":"https:\/\/roveyayinevi.com.tr\/index.php\/wp-json\/wp\/v2\/product\/781657","targetHints":{"allow":["GET"]}}],"collection":[{"href":"https:\/\/roveyayinevi.com.tr\/index.php\/wp-json\/wp\/v2\/product"}],"about":[{"href":"https:\/\/roveyayinevi.com.tr\/index.php\/wp-json\/wp\/v2\/types\/product"}],"wp:attachment":[{"href":"https:\/\/roveyayinevi.com.tr\/index.php\/wp-json\/wp\/v2\/media?parent=781657"}],"wp:term":[{"taxonomy":"product_brand","embeddable":true,"href":"https:\/\/roveyayinevi.com.tr\/index.php\/wp-json\/wp\/v2\/product_brand?post=781657"},{"taxonomy":"product_cat","embeddable":true,"href":"https:\/\/roveyayinevi.com.tr\/index.php\/wp-json\/wp\/v2\/product_cat?post=781657"},{"taxonomy":"product_tag","embeddable":true,"href":"https:\/\/roveyayinevi.com.tr\/index.php\/wp-json\/wp\/v2\/product_tag?post=781657"}],"curies":[{"name":"wp","href":"https:\/\/api.w.org\/{rel}","templated":true}]}}