{"id":781656,"date":"2026-01-28T01:59:53","date_gmt":"2026-01-27T22:59:53","guid":{"rendered":"https:\/\/roveyayinevi.com.tr\/index.php\/urun\/eglenceli-bilim-malzemeler\/"},"modified":"2026-02-03T02:00:50","modified_gmt":"2026-02-02T23:00:50","slug":"eglenceli-bilim-malzemeler","status":"publish","type":"product","link":"https:\/\/roveyayinevi.com.tr\/index.php\/urun\/eglenceli-bilim-malzemeler\/","title":{"rendered":"E\u011flenceli Bilim &#8211; Malzemeler"},"content":{"rendered":"<p>Bu temel dizinin, d\u00fc\u015f g\u00fcc\u00fcn\u00fc ele ge\u00e7iriveren kitaplar\u0131yla hem bilim d\u00fcnyas\u0131n\u0131 ke\u015ffedin hem de \u00f6\u011frenim gelece\u011finizin temellerini at\u0131n. Her kitab\u0131n sonunda yer alan el becerisi etkinlikleriyle ve anne babalar ile \u00f6\u011fretmenler i\u00e7in haz\u0131rlanm\u0131\u015f notlar sayesinde bir yandan \u00f6\u011freneceksiniz, bir yandan da yarat\u0131c\u0131l\u0131\u011f\u0131n\u0131z zenginle\u015fecek. <\/p>\n","protected":false},"excerpt":{"rendered":"<p>Bu temel dizinin, d\u00fc\u015f g\u00fcc\u00fcn\u00fc ele ge\u00e7iriveren kitaplar\u0131yla hem bilim d\u00fcnyas\u0131n\u0131 ke\u015ffedin hem de \u00f6\u011frenim gelece\u011finizin temellerini at\u0131n. Her kitab\u0131n sonunda yer alan el becerisi etkinlikleriyle<span class=\"excerpt-hellip\"> [\u2026]<\/span><\/p>\n","protected":false},"featured_media":0,"template":"","meta":{"_monsterinsights_skip_tracking":false,"_monsterinsights_sitenote_active":false,"_monsterinsights_sitenote_note":"","_monsterinsights_sitenote_category":0},"product_brand":[],"product_cat":[12492,12274],"product_tag":[],"class_list":{"0":"post-781656","1":"product","2":"type-product","3":"status-publish","5":"product_cat-bilmece-bulmaca","6":"product_cat-cocuk-ve-genclik-kitaplari","7":"pa_cilt-ciltsiz","8":"pa_tur-kitap","9":"pa_yayinevi-is-bankasi-kultur-yayinlari","10":"pa_yazar-clive-gifford","12":"first","13":"instock","14":"sale","15":"shipping-taxable","16":"purchasable","17":"product-type-simple"},"_links":{"self":[{"href":"https:\/\/roveyayinevi.com.tr\/index.php\/wp-json\/wp\/v2\/product\/781656","targetHints":{"allow":["GET"]}}],"collection":[{"href":"https:\/\/roveyayinevi.com.tr\/index.php\/wp-json\/wp\/v2\/product"}],"about":[{"href":"https:\/\/roveyayinevi.com.tr\/index.php\/wp-json\/wp\/v2\/types\/product"}],"wp:attachment":[{"href":"https:\/\/roveyayinevi.com.tr\/index.php\/wp-json\/wp\/v2\/media?parent=781656"}],"wp:term":[{"taxonomy":"product_brand","embeddable":true,"href":"https:\/\/roveyayinevi.com.tr\/index.php\/wp-json\/wp\/v2\/product_brand?post=781656"},{"taxonomy":"product_cat","embeddable":true,"href":"https:\/\/roveyayinevi.com.tr\/index.php\/wp-json\/wp\/v2\/product_cat?post=781656"},{"taxonomy":"product_tag","embeddable":true,"href":"https:\/\/roveyayinevi.com.tr\/index.php\/wp-json\/wp\/v2\/product_tag?post=781656"}],"curies":[{"name":"wp","href":"https:\/\/api.w.org\/{rel}","templated":true}]}}