{"id":781646,"date":"2026-01-27T04:17:33","date_gmt":"2026-01-27T01:17:33","guid":{"rendered":"https:\/\/roveyayinevi.com.tr\/index.php\/urun\/melamet-deryasindan-inciler\/"},"modified":"2026-04-15T03:46:06","modified_gmt":"2026-04-15T00:46:06","slug":"melamet-deryasindan-inciler","status":"publish","type":"product","link":"https:\/\/roveyayinevi.com.tr\/index.php\/urun\/melamet-deryasindan-inciler\/","title":{"rendered":"Melamet Deryas\u0131ndan \u0130nciler"},"content":{"rendered":"<p>Sevgili aray\u0131c\u0131, d\u00fc\u015fm\u00fc\u015fs\u00fcn yola, arad\u0131\u011f\u0131n\u0131 bulmak nasip olsun in\u015fallah. Nasibi olanlarda \u00f6ncelikle sorgulamalar ba\u015flar. Ben kimim? Neyim? Nereden geldim? Nereye gidiyorum? Bu kainatta, bu d\u00fcnyada varl\u0131\u011f\u0131m\u0131n bir sebebi olmal\u0131. Do\u011fmadan \u00f6nce neredeydim? Var m\u0131yd\u0131m? \u00d6ld\u00fckten sonra nereye gidece\u011fim? Ne olacak? Allah nerede ve nas\u0131ld\u0131r, nas\u0131l vas\u0131l olunur? E\u015fyan\u0131n hakikati nedir? Hakikat, ilmin hal ile kemale ermesi ve Hakk ile ya\u015fant\u0131 ve m\u00fc\u015fahedesidir. Deryadaki inci ve mercand\u0131r. Hakk\u2019\u0131n s\u0131rlar\u0131n\u0131n kul \u00fczerinde tecellisi ve h\u00fck\u00fcm s\u00fcrmesidir. Marifet ise Hakk\u0131n nurlar\u0131n\u0131n tecellisinden do\u011fan zevki ilahiyeyi bilip ya\u015famakt\u0131r. Hakikat ve marifeti bilmek, m\u00fc\u015fahede etmek, idrak etmek ve hal ile hakkel yakin ya\u015famak i\u00e7in \u015feriat ve tarikat\u0131n \u00f6tesine ge\u00e7mek gerekir. \u0130\u015fte melamili\u011fin tam olarak ba\u015flad\u0131\u011f\u0131 nokta buras\u0131d\u0131r. Melami ilmi, hi\u00e7lik ilmidir. Yoklu\u011fun idraki ile a\u00e7\u0131lan beka deryalar\u0131nda Cenab-\u0131 Allah\u2019da var olma, Sevgili Peygamber Efendimiz\u2019in tevhid ve led\u00fcn zevklerini bilme, g\u00f6rme ve ya\u015famad\u0131r. S\u0131rat-el m\u00fcstakim olan Meslek-i Resul\u2019 d\u00fcr. Vus\u00fcle erdiren en h\u0131zl\u0131 ve k\u0131sa yoldur. Kendini bilmek, tan\u0131mak, melamet ilmini \u00f6\u011frenmek, hal edinmek, bu yolla Hakk\u2019a vas\u0131l olmak, ibadetlerin en y\u00fccesidir ve ki\u015fi i\u00e7in bu en \u015ferefli yoldur. Murad-\u0131 ilahidir. S\u0131rat-el m\u00fcstakimdir. Hazreti Muhammed Mustafa ve Hazreti Ali yoludur.<\/p>\n","protected":false},"excerpt":{"rendered":"<p>Sevgili aray\u0131c\u0131, d\u00fc\u015fm\u00fc\u015fs\u00fcn yola, arad\u0131\u011f\u0131n\u0131 bulmak nasip olsun in\u015fallah. Nasibi olanlarda \u00f6ncelikle sorgulamalar ba\u015flar. Ben kimim? Neyim? Nereden geldim? Nereye gidiyorum? Bu kainatta, bu d\u00fcnyada varl\u0131\u011f\u0131m\u0131n<span class=\"excerpt-hellip\"> [\u2026]<\/span><\/p>\n","protected":false},"featured_media":0,"template":"","meta":{"_monsterinsights_skip_tracking":false,"_monsterinsights_sitenote_active":false,"_monsterinsights_sitenote_note":"","_monsterinsights_sitenote_category":0},"product_brand":[],"product_cat":[13036,12718,12719],"product_tag":[],"class_list":{"0":"post-781646","1":"product","2":"type-product","3":"status-publish","5":"product_cat-arastirma-inceleme-islam","6":"product_cat-din","7":"product_cat-islam","8":"pa_cilt-ciltli","9":"pa_tur-kitap","10":"pa_yayinevi-maksav-yayinlari","11":"pa_yazar-gurcan-gursu","13":"first","14":"instock","15":"sale","16":"shipping-taxable","17":"purchasable","18":"product-type-simple"},"_links":{"self":[{"href":"https:\/\/roveyayinevi.com.tr\/index.php\/wp-json\/wp\/v2\/product\/781646","targetHints":{"allow":["GET"]}}],"collection":[{"href":"https:\/\/roveyayinevi.com.tr\/index.php\/wp-json\/wp\/v2\/product"}],"about":[{"href":"https:\/\/roveyayinevi.com.tr\/index.php\/wp-json\/wp\/v2\/types\/product"}],"wp:attachment":[{"href":"https:\/\/roveyayinevi.com.tr\/index.php\/wp-json\/wp\/v2\/media?parent=781646"}],"wp:term":[{"taxonomy":"product_brand","embeddable":true,"href":"https:\/\/roveyayinevi.com.tr\/index.php\/wp-json\/wp\/v2\/product_brand?post=781646"},{"taxonomy":"product_cat","embeddable":true,"href":"https:\/\/roveyayinevi.com.tr\/index.php\/wp-json\/wp\/v2\/product_cat?post=781646"},{"taxonomy":"product_tag","embeddable":true,"href":"https:\/\/roveyayinevi.com.tr\/index.php\/wp-json\/wp\/v2\/product_tag?post=781646"}],"curies":[{"name":"wp","href":"https:\/\/api.w.org\/{rel}","templated":true}]}}