{"id":781644,"date":"2026-01-27T04:17:30","date_gmt":"2026-01-27T01:17:30","guid":{"rendered":"https:\/\/roveyayinevi.com.tr\/index.php\/urun\/var-ile-yok-arasinda-melamet-yolu\/"},"modified":"2026-04-15T03:46:06","modified_gmt":"2026-04-15T00:46:06","slug":"var-ile-yok-arasinda-melamet-yolu","status":"publish","type":"product","link":"https:\/\/roveyayinevi.com.tr\/index.php\/urun\/var-ile-yok-arasinda-melamet-yolu\/","title":{"rendered":"Var ile Yok Aras\u0131nda Melamet Yolu"},"content":{"rendered":"<p>Ak\u0131l sahibi insan, varl\u0131\u011f\u0131n\u0131 sorgulamal\u0131 ve g\u00f6r\u00fcn\u00fcr olan\u0131n ard\u0131ndaki manaya y\u00f6nelmelidir. Mana yolculu\u011fu ki\u015finin kendi bedeninde i\u00e7ten i\u00e7e, mertebe mertebe olgunla\u015fmas\u0131yla ger\u00e7ekle\u015fir. Ancak olmazsa olmaz \u015fart\u0131 k\u00e2mil m\u00fcr\u015fittir. K\u00e2mil m\u00fcr\u015fit bedende ger\u00e7ekle\u015fecek olan yolculu\u011fun hem anahtar\u0131 hem de kilididir. Dolay\u0131s\u0131yla bu d\u00f6n\u00fc\u015f\u00fcm seyri k\u00e2mil m\u00fcr\u015fit ile ba\u015flar ve k\u00e2mil m\u00fcr\u015fit ile nihayet bulur. K\u00e2mil m\u00fcr\u015fit olmadan yaln\u0131z ilim ile gidilen yolun sonu ise karanl\u0131kt\u0131r. E\u015frefi mahluk olarak tariflenen insan, kendi bedeninde Hakk\u0131 zuh\u016brata ta\u015f\u0131d\u0131\u011f\u0131 takdirde e\u015frefi mahluk hitab\u0131na lay\u0131k olur. Aksi halde ise hayvandan da a\u015fa\u011f\u0131 mertebede ya\u015fam s\u00fcrer. Bu kitapla hitap edilenler insan olma vasf\u0131n\u0131 haiz istidatl\u0131 olanlard\u0131r. Bu istidat nas\u0131l anla\u015f\u0131l\u0131r? Ki\u015fi kendinde bu istidat var m\u0131, yok mu, bilebilir mi? Diye sorulacak olursa; ki\u015fi kendi kendini bilemez. Geri kalan t\u00fcm sorular\u0131n cevab\u0131 ise k\u00e2mil m\u00fcr\u015fitte gizlidir. Ara bul! Melami, varl\u0131\u011f\u0131n\u0131 hakk\u0131n varl\u0131\u011f\u0131nda yok edip, Hakk\u0131n varl\u0131\u011f\u0131 ile varl\u0131k buland\u0131r. Bu c\u00fcmleden hareketle her \u015fey \u00e7ok a\u00e7\u0131kt\u0131r. Ancak a\u00e7\u0131k olmas\u0131 herkesin anlayaca\u011f\u0131 anlam\u0131na gelmez. \u0130\u015fte istidat ve kabiliyetler burada netle\u015fir. Yani istidad\u0131 uygun olanlar i\u00e7in s\u00f6z kulaktan kalbe iner ve Melami k\u00e2mil m\u00fcr\u015fit aray\u0131\u015f\u0131 ba\u015flar. Melamet evrenseldir. T\u00fcm dinleri ve inan\u00e7 sistemlerini kapsar. Nerede Zat`a mazhar bir bilge, evliya, arif varsa o melamidir<\/p>\n","protected":false},"excerpt":{"rendered":"<p>Ak\u0131l sahibi insan, varl\u0131\u011f\u0131n\u0131 sorgulamal\u0131 ve g\u00f6r\u00fcn\u00fcr olan\u0131n ard\u0131ndaki manaya y\u00f6nelmelidir. Mana yolculu\u011fu ki\u015finin kendi bedeninde i\u00e7ten i\u00e7e, mertebe mertebe olgunla\u015fmas\u0131yla ger\u00e7ekle\u015fir. Ancak olmazsa olmaz \u015fart\u0131<span class=\"excerpt-hellip\"> [\u2026]<\/span><\/p>\n","protected":false},"featured_media":0,"template":"","meta":{"_monsterinsights_skip_tracking":false,"_monsterinsights_sitenote_active":false,"_monsterinsights_sitenote_note":"","_monsterinsights_sitenote_category":0},"product_brand":[],"product_cat":[13036,12718,12719],"product_tag":[],"class_list":{"0":"post-781644","1":"product","2":"type-product","3":"status-publish","5":"product_cat-arastirma-inceleme-islam","6":"product_cat-din","7":"product_cat-islam","8":"pa_cilt-ciltli","9":"pa_tur-kitap","10":"pa_yayinevi-maksav-yayinlari","11":"pa_yazar-mustafa-erkan","13":"first","14":"instock","15":"sale","16":"shipping-taxable","17":"purchasable","18":"product-type-simple"},"_links":{"self":[{"href":"https:\/\/roveyayinevi.com.tr\/index.php\/wp-json\/wp\/v2\/product\/781644","targetHints":{"allow":["GET"]}}],"collection":[{"href":"https:\/\/roveyayinevi.com.tr\/index.php\/wp-json\/wp\/v2\/product"}],"about":[{"href":"https:\/\/roveyayinevi.com.tr\/index.php\/wp-json\/wp\/v2\/types\/product"}],"wp:attachment":[{"href":"https:\/\/roveyayinevi.com.tr\/index.php\/wp-json\/wp\/v2\/media?parent=781644"}],"wp:term":[{"taxonomy":"product_brand","embeddable":true,"href":"https:\/\/roveyayinevi.com.tr\/index.php\/wp-json\/wp\/v2\/product_brand?post=781644"},{"taxonomy":"product_cat","embeddable":true,"href":"https:\/\/roveyayinevi.com.tr\/index.php\/wp-json\/wp\/v2\/product_cat?post=781644"},{"taxonomy":"product_tag","embeddable":true,"href":"https:\/\/roveyayinevi.com.tr\/index.php\/wp-json\/wp\/v2\/product_tag?post=781644"}],"curies":[{"name":"wp","href":"https:\/\/api.w.org\/{rel}","templated":true}]}}