{"id":781636,"date":"2026-01-27T04:17:10","date_gmt":"2026-01-27T01:17:10","guid":{"rendered":"https:\/\/roveyayinevi.com.tr\/index.php\/urun\/bolzanoda-son-sahne\/"},"modified":"2026-04-15T03:46:02","modified_gmt":"2026-04-15T00:46:02","slug":"bolzanoda-son-sahne","status":"publish","type":"product","link":"https:\/\/roveyayinevi.com.tr\/index.php\/urun\/bolzanoda-son-sahne\/","title":{"rendered":"Bolzano&#8217;da Son Sahne"},"content":{"rendered":"<p>\u00dcnl\u00fc Giacomo Casanova hapisten ka\u00e7t\u0131ktan sonra Bolzano\u2019ya s\u0131\u011f\u0131n\u0131r ve burada Venedik\u2019in puslu kanallar\u0131ndan uzak, s\u0131n\u0131r kasabas\u0131n\u0131n ta\u015f sokaklar\u0131nda ge\u00e7mi\u015fin hayaletleriyle kar\u015f\u0131la\u015f\u0131r: Y\u0131llar \u00f6nce ard\u0131nda b\u0131rakt\u0131\u011f\u0131, \u015fimdi bir kontun e\u015fi olan Franceska art\u0131k ba\u015fkas\u0131n\u0131n d\u00fcnyas\u0131nda, ba\u015fkas\u0131n\u0131n yasalar\u0131yla \u00e7evrili bir hayat s\u00fcrmektedir. Giacomo ise bir kahraman de\u011fil, kendi ihti\u015fam\u0131n\u0131n g\u00f6lgesinde ya\u015fayan bir adamd\u0131r. Onun d\u00f6n\u00fc\u015f\u00fc hem ge\u00e7mi\u015fte kalm\u0131\u015f bir a\u015fk hik\u00e2yesini hem de zamana, iktidara ve ge\u00e7mi\u015fe kar\u015f\u0131 giri\u015filen bir d\u00fcellonun fitilini ate\u015fleyecektir.   M\u00e1rai bu romanda maceran\u0131n de\u011fil, karakterin i\u00e7sel \u00e7\u00f6k\u00fcnt\u00fcs\u00fcn\u00fcn pe\u015finden gider: Bolzano\u2019da Son Sahne g\u00f6rkemin yitirili\u015fini, arzunun gururla, ge\u00e7mi\u015fin bug\u00fcnle \u00e7at\u0131\u015fmas\u0131n\u0131 lirik ve keskin bir dille i\u015fleyen derinlikli bir metin.    \u201cS\u00e1ndor M\u00e1rai, \u00e7\u00f6kmekte olan bir d\u00fcnyan\u0131n keskin g\u00f6zlemcisi ve anlat\u0131c\u0131s\u0131yd\u0131.\u201d Le Monde<\/p>\n","protected":false},"excerpt":{"rendered":"<p>\u00dcnl\u00fc Giacomo Casanova hapisten ka\u00e7t\u0131ktan sonra Bolzano\u2019ya s\u0131\u011f\u0131n\u0131r ve burada Venedik\u2019in puslu kanallar\u0131ndan uzak, s\u0131n\u0131r kasabas\u0131n\u0131n ta\u015f sokaklar\u0131nda ge\u00e7mi\u015fin hayaletleriyle kar\u015f\u0131la\u015f\u0131r: Y\u0131llar \u00f6nce ard\u0131nda b\u0131rakt\u0131\u011f\u0131, \u015fimdi<span class=\"excerpt-hellip\"> [\u2026]<\/span><\/p>\n","protected":false},"featured_media":0,"template":"","meta":{"_monsterinsights_skip_tracking":false,"_monsterinsights_sitenote_active":false,"_monsterinsights_sitenote_note":"","_monsterinsights_sitenote_category":0},"product_brand":[],"product_cat":[141304],"product_tag":[],"class_list":{"0":"post-781636","1":"product","2":"type-product","3":"status-publish","5":"product_cat-yeni-cikanlar","6":"pa_cilt-ciltsiz","7":"pa_tur-kitap","8":"pa_yayinevi-can-yayinlari","9":"pa_yazar-sandor-marai","11":"first","12":"instock","13":"sale","14":"shipping-taxable","15":"purchasable","16":"product-type-simple"},"_links":{"self":[{"href":"https:\/\/roveyayinevi.com.tr\/index.php\/wp-json\/wp\/v2\/product\/781636","targetHints":{"allow":["GET"]}}],"collection":[{"href":"https:\/\/roveyayinevi.com.tr\/index.php\/wp-json\/wp\/v2\/product"}],"about":[{"href":"https:\/\/roveyayinevi.com.tr\/index.php\/wp-json\/wp\/v2\/types\/product"}],"wp:attachment":[{"href":"https:\/\/roveyayinevi.com.tr\/index.php\/wp-json\/wp\/v2\/media?parent=781636"}],"wp:term":[{"taxonomy":"product_brand","embeddable":true,"href":"https:\/\/roveyayinevi.com.tr\/index.php\/wp-json\/wp\/v2\/product_brand?post=781636"},{"taxonomy":"product_cat","embeddable":true,"href":"https:\/\/roveyayinevi.com.tr\/index.php\/wp-json\/wp\/v2\/product_cat?post=781636"},{"taxonomy":"product_tag","embeddable":true,"href":"https:\/\/roveyayinevi.com.tr\/index.php\/wp-json\/wp\/v2\/product_tag?post=781636"}],"curies":[{"name":"wp","href":"https:\/\/api.w.org\/{rel}","templated":true}]}}