{"id":781635,"date":"2026-01-27T04:17:07","date_gmt":"2026-01-27T01:17:07","guid":{"rendered":"https:\/\/roveyayinevi.com.tr\/index.php\/urun\/kisot\/"},"modified":"2026-04-15T03:46:02","modified_gmt":"2026-04-15T00:46:02","slug":"kisot","status":"publish","type":"product","link":"https:\/\/roveyayinevi.com.tr\/index.php\/urun\/kisot\/","title":{"rendered":"Ki\u015fot"},"content":{"rendered":"<p>Rushdie\u2019den bir b\u00fcy\u00fcl\u00fc ger\u00e7ek\u00e7ilik ba\u015fyap\u0131t\u0131. Roman i\u00e7inde roman, oyun i\u00e7inde oyun.   Bir anlamda Hindistan\u2019dan ba\u015flayan ve Amerika Birle\u015fik Devletleri\u2019ni boydan boya kat eden bir uzun yol hik\u00e2yesi. TV\u2019de izledi\u011fi sunucuya \u00e2\u015f\u0131k olan bir Ki\u015fot, bir anda arabada beliriveren bir San\u00e7o, kendi ya\u015fam\u00f6yk\u00fcs\u00fc ile Ki\u015fot\u2019un \u00f6yk\u00fcs\u00fcn\u00fc \u00f6rt\u00fc\u015ft\u00fcren bir yazar, konu\u015fan bir tabanca, masal ustas\u0131 Hans Christian Andersen\u2019in konu\u015fan heykeli. Rushdie bu on alt\u0131nc\u0131 roman\u0131nda Cervantes\u2019in klasik ba\u015fyap\u0131t\u0131na sayg\u0131 duru\u015funda bulunurken, a\u015fk\u0131 ve aileyi arama konusunu modern bir ba\u015fyap\u0131t meydana getirerek irdeliyor.<\/p>\n","protected":false},"excerpt":{"rendered":"<p>Rushdie\u2019den bir b\u00fcy\u00fcl\u00fc ger\u00e7ek\u00e7ilik ba\u015fyap\u0131t\u0131. Roman i\u00e7inde roman, oyun i\u00e7inde oyun. Bir anlamda Hindistan\u2019dan ba\u015flayan ve Amerika Birle\u015fik Devletleri\u2019ni boydan boya kat eden bir uzun yol<span class=\"excerpt-hellip\"> [\u2026]<\/span><\/p>\n","protected":false},"featured_media":0,"template":"","meta":{"_monsterinsights_skip_tracking":false,"_monsterinsights_sitenote_active":false,"_monsterinsights_sitenote_note":"","_monsterinsights_sitenote_category":0},"product_brand":[],"product_cat":[12291,12711],"product_tag":[],"class_list":{"0":"post-781635","1":"product","2":"type-product","3":"status-publish","5":"product_cat-edebiyat","6":"product_cat-roman-oyku","7":"pa_cilt-ciltsiz","8":"pa_tur-kitap","9":"pa_yayinevi-can-yayinlari","10":"pa_yazar-salman-rushdie","12":"first","13":"instock","14":"sale","15":"shipping-taxable","16":"purchasable","17":"product-type-simple"},"_links":{"self":[{"href":"https:\/\/roveyayinevi.com.tr\/index.php\/wp-json\/wp\/v2\/product\/781635","targetHints":{"allow":["GET"]}}],"collection":[{"href":"https:\/\/roveyayinevi.com.tr\/index.php\/wp-json\/wp\/v2\/product"}],"about":[{"href":"https:\/\/roveyayinevi.com.tr\/index.php\/wp-json\/wp\/v2\/types\/product"}],"wp:attachment":[{"href":"https:\/\/roveyayinevi.com.tr\/index.php\/wp-json\/wp\/v2\/media?parent=781635"}],"wp:term":[{"taxonomy":"product_brand","embeddable":true,"href":"https:\/\/roveyayinevi.com.tr\/index.php\/wp-json\/wp\/v2\/product_brand?post=781635"},{"taxonomy":"product_cat","embeddable":true,"href":"https:\/\/roveyayinevi.com.tr\/index.php\/wp-json\/wp\/v2\/product_cat?post=781635"},{"taxonomy":"product_tag","embeddable":true,"href":"https:\/\/roveyayinevi.com.tr\/index.php\/wp-json\/wp\/v2\/product_tag?post=781635"}],"curies":[{"name":"wp","href":"https:\/\/api.w.org\/{rel}","templated":true}]}}