{"id":781633,"date":"2026-01-27T04:17:02","date_gmt":"2026-01-27T01:17:02","guid":{"rendered":"https:\/\/roveyayinevi.com.tr\/index.php\/urun\/bir-vampirle-ask-oyunu-nasil-oynanir\/"},"modified":"2026-04-15T03:45:58","modified_gmt":"2026-04-15T00:45:58","slug":"bir-vampirle-ask-oyunu-nasil-oynanir","status":"publish","type":"product","link":"https:\/\/roveyayinevi.com.tr\/index.php\/urun\/bir-vampirle-ask-oyunu-nasil-oynanir\/","title":{"rendered":"Bir Vampirle A\u015fk  Oyunu Nas\u0131l Oynan\u0131r?"},"content":{"rendered":"<p>Cad\u0131l\u0131k kariyerimde her \u015fey bu tek g\u00f6reve ba\u011fl\u0131.Cad\u0131lar meclisime asam\u0131 hak etti\u011fimi kan\u0131tlamak i\u00e7in tek bir \u015fans\u0131m var ama bunun i\u00e7in bir vampir d\u00fckle anla\u015fma yapmam gerekiyor.Beltane Balosu\u2019nu d\u00fczenlemek i\u00e7in D\u00fck\u2019\u00fcn Cornwall\u2019daki g\u00f6z kama\u015ft\u0131r\u0131c\u0131 malikanesine ihtiyac\u0131m var. Kar\u015f\u0131l\u0131\u011f\u0131ndaysa D\u00fck\u2019\u00fcn tek bir \u015fart\u0131 var: B\u00fcy\u00fckannesini etkilemek i\u00e7in onun sevgilisi rol\u00fcn\u00fc \u00fcstlenmeliyim. A\u015fk oyunumuzun kurallar\u0131ysa \u00e7ok basit: \u2022 Fl\u00f6rt etmek yok. \u2022 Duygulara yer yok. \u2022 Seks kesinlikle yok. Basit demi\u015ftim, de\u011fil mi? Tek sorun \u015fu ki bu sinir bozucu ve son derece seksi vampirin cazibesini g\u00f6rmezden gelemiyorum. D\u00fck\u2019e \u00e2\u015f\u0131k olmam s\u00f6z konusu bile olamaz. T\u00fcm bunlar\u0131n sonucunda hem benim hem de meclisimin mahremiyetini kaybedebilirim ve bu hayat\u0131m\u0131 tek kelimeyle mahveder.<\/p>\n","protected":false},"excerpt":{"rendered":"<p>Cad\u0131l\u0131k kariyerimde her \u015fey bu tek g\u00f6reve ba\u011fl\u0131.Cad\u0131lar meclisime asam\u0131 hak etti\u011fimi kan\u0131tlamak i\u00e7in tek bir \u015fans\u0131m var ama bunun i\u00e7in bir vampir d\u00fckle anla\u015fma yapmam<span class=\"excerpt-hellip\"> [\u2026]<\/span><\/p>\n","protected":false},"featured_media":0,"template":"","meta":{"_monsterinsights_skip_tracking":false,"_monsterinsights_sitenote_active":false,"_monsterinsights_sitenote_note":"","_monsterinsights_sitenote_category":0},"product_brand":[],"product_cat":[12291,14777],"product_tag":[],"class_list":{"0":"post-781633","1":"product","2":"type-product","3":"status-publish","5":"product_cat-edebiyat","6":"product_cat-fantastik","7":"pa_cilt-ciltsiz","8":"pa_tur-kitap","9":"pa_yayinevi-phoenix-yayinevi","10":"pa_yazar-linsey-hall","12":"first","13":"instock","14":"sale","15":"shipping-taxable","16":"purchasable","17":"product-type-simple"},"_links":{"self":[{"href":"https:\/\/roveyayinevi.com.tr\/index.php\/wp-json\/wp\/v2\/product\/781633","targetHints":{"allow":["GET"]}}],"collection":[{"href":"https:\/\/roveyayinevi.com.tr\/index.php\/wp-json\/wp\/v2\/product"}],"about":[{"href":"https:\/\/roveyayinevi.com.tr\/index.php\/wp-json\/wp\/v2\/types\/product"}],"wp:attachment":[{"href":"https:\/\/roveyayinevi.com.tr\/index.php\/wp-json\/wp\/v2\/media?parent=781633"}],"wp:term":[{"taxonomy":"product_brand","embeddable":true,"href":"https:\/\/roveyayinevi.com.tr\/index.php\/wp-json\/wp\/v2\/product_brand?post=781633"},{"taxonomy":"product_cat","embeddable":true,"href":"https:\/\/roveyayinevi.com.tr\/index.php\/wp-json\/wp\/v2\/product_cat?post=781633"},{"taxonomy":"product_tag","embeddable":true,"href":"https:\/\/roveyayinevi.com.tr\/index.php\/wp-json\/wp\/v2\/product_tag?post=781633"}],"curies":[{"name":"wp","href":"https:\/\/api.w.org\/{rel}","templated":true}]}}