{"id":781630,"date":"2026-01-27T04:16:56","date_gmt":"2026-01-27T01:16:56","guid":{"rendered":"https:\/\/roveyayinevi.com.tr\/index.php\/urun\/borsa-sihirbazlarinin-elkitabi-buyuk-yatirimcilardan-alinacak-dersler\/"},"modified":"2026-04-15T03:45:37","modified_gmt":"2026-04-15T00:45:37","slug":"borsa-sihirbazlarinin-elkitabi-buyuk-yatirimcilardan-alinacak-dersler","status":"publish","type":"product","link":"https:\/\/roveyayinevi.com.tr\/index.php\/urun\/borsa-sihirbazlarinin-elkitabi-buyuk-yatirimcilardan-alinacak-dersler\/","title":{"rendered":"Borsa Sihirbazlar\u0131n\u0131n Elkitab\u0131: B\u00fcy\u00fck Yat\u0131r\u0131mc\u0131lardan Al\u0131nacak Dersler"},"content":{"rendered":"<p>Baz\u0131 yat\u0131r\u0131mc\u0131lar y\u0131llar boyunca istikrarl\u0131 bi\u00e7imde kazan\u0131r. \u00dcstelik bunu, s\u0131k\u0131 risk kontrolu\u0308nden \u00f6du\u0308n vermeden yaparlar. Peki onlar\u0131 s\u0131radan piyasa kat\u0131l\u0131mc\u0131lar\u0131ndan ay\u0131ran nedir? Du\u0308nyan\u0131n en sayg\u0131n piyasa g\u00f6zlemcilerinden Jack D. Schwager, yirmi be\u015f y\u0131l boyunca borsan\u0131n efsane isimleriyle yapt\u0131\u011f\u0131 r\u00f6portajlardan su\u0308zu\u0308len en temel dersleri bu kitapta bir araya getiriyor. Borsa Sihirbazlar\u0131n\u0131n Elkitab\u0131, al\u0131m-sat\u0131m\u0131n Teknik ayr\u0131nt\u0131lar\u0131ndan \u00e7ok, ba\u015far\u0131y\u0131 mu\u0308mku\u0308n k\u0131lan du\u0308\u015fu\u0308nme bi\u00e7imlerine odaklan\u0131yor. Disiplinden sab\u0131rl\u0131 olmaya, risk y\u00f6netiminden ki\u015fili\u011fe uygun strateji geli\u015ftirmeye kadar, piyasada kal\u0131c\u0131 olman\u0131n vazge\u00e7ilmez unsurlar\u0131; ger\u00e7ek hayattan \u00e7arp\u0131c\u0131 \u00f6rnekler ve piyasan\u0131n bu\u0308yu\u0308k isimlerinden do\u011frudan al\u0131nt\u0131larla somutla\u015ft\u0131r\u0131l\u0131yor. Bu kitap, \u201cHangi hisseyi almal\u0131y\u0131m?\u201d sorusunun pe\u015fine du\u0308\u015fenler i\u00e7in de\u011fil; neden kazand\u0131\u011f\u0131n\u0131 ya da kaybetti\u011fini ger\u00e7ekten anlamak isteyenler i\u00e7in yaz\u0131ld\u0131. Borsa Sihirbazlar\u0131n\u0131n Elkitab\u0131, yaln\u0131zca daha iyi bir yat\u0131r\u0131mc\u0131 olman\u0131n de\u011fil, yu\u0308ksek riskli kararlar du\u0308nyas\u0131nda daha sa\u011flam durman\u0131n da rehberi. \u201cJack D. Schwager, ticaretin \u00f6z\u00fcn\u00fc renkli anlat\u0131mlarla do\u011frudan ifade ediyor.\u201d\u2014ED SEYKOTA \u201c\u0130\u00e7g\u00f6r\u00fcl\u00fc, ayd\u0131nlat\u0131c\u0131 ve nihayetinde paha bi\u00e7ilmez.\u201d \u2014JOEL GREENBLATT \u201cBu kitab\u0131n ba\u015far\u0131s\u0131, Schwager\u2019\u0131n e\u015fsiz r\u00f6portaj ar\u015fivinden gelen bilgiyi net derslere d\u00f6n\u00fc\u015ft\u00fcrmesidir.\u201d \u2014PETER L. BRANDT<\/p>\n","protected":false},"excerpt":{"rendered":"<p>Baz\u0131 yat\u0131r\u0131mc\u0131lar y\u0131llar boyunca istikrarl\u0131 bi\u00e7imde kazan\u0131r. \u00dcstelik bunu, s\u0131k\u0131 risk kontrolu\u0308nden \u00f6du\u0308n vermeden yaparlar. Peki onlar\u0131 s\u0131radan piyasa kat\u0131l\u0131mc\u0131lar\u0131ndan ay\u0131ran nedir? Du\u0308nyan\u0131n en sayg\u0131n piyasa<span class=\"excerpt-hellip\"> [\u2026]<\/span><\/p>\n","protected":false},"featured_media":0,"template":"","meta":{"_monsterinsights_skip_tracking":false,"_monsterinsights_sitenote_active":false,"_monsterinsights_sitenote_note":"","_monsterinsights_sitenote_category":0},"product_brand":[],"product_cat":[141304],"product_tag":[],"class_list":{"0":"post-781630","1":"product","2":"type-product","3":"status-publish","5":"product_cat-yeni-cikanlar","6":"pa_cilt-ciltsiz","7":"pa_tur-kitap","8":"pa_yayinevi-nova-kitap","9":"pa_yazar-jack-d-schwager","11":"first","12":"instock","13":"sale","14":"shipping-taxable","15":"purchasable","16":"product-type-simple"},"_links":{"self":[{"href":"https:\/\/roveyayinevi.com.tr\/index.php\/wp-json\/wp\/v2\/product\/781630","targetHints":{"allow":["GET"]}}],"collection":[{"href":"https:\/\/roveyayinevi.com.tr\/index.php\/wp-json\/wp\/v2\/product"}],"about":[{"href":"https:\/\/roveyayinevi.com.tr\/index.php\/wp-json\/wp\/v2\/types\/product"}],"wp:attachment":[{"href":"https:\/\/roveyayinevi.com.tr\/index.php\/wp-json\/wp\/v2\/media?parent=781630"}],"wp:term":[{"taxonomy":"product_brand","embeddable":true,"href":"https:\/\/roveyayinevi.com.tr\/index.php\/wp-json\/wp\/v2\/product_brand?post=781630"},{"taxonomy":"product_cat","embeddable":true,"href":"https:\/\/roveyayinevi.com.tr\/index.php\/wp-json\/wp\/v2\/product_cat?post=781630"},{"taxonomy":"product_tag","embeddable":true,"href":"https:\/\/roveyayinevi.com.tr\/index.php\/wp-json\/wp\/v2\/product_tag?post=781630"}],"curies":[{"name":"wp","href":"https:\/\/api.w.org\/{rel}","templated":true}]}}