{"id":781629,"date":"2026-01-27T04:16:54","date_gmt":"2026-01-27T01:16:54","guid":{"rendered":"https:\/\/roveyayinevi.com.tr\/index.php\/urun\/kadin-liderin-zirve-yolculugu\/"},"modified":"2026-04-11T03:46:17","modified_gmt":"2026-04-11T00:46:17","slug":"kadin-liderin-zirve-yolculugu","status":"publish","type":"product","link":"https:\/\/roveyayinevi.com.tr\/index.php\/urun\/kadin-liderin-zirve-yolculugu\/","title":{"rendered":"Kad\u0131n Liderin Zirve Yolculu\u011fu"},"content":{"rendered":"<p>Duygu Alptekin G\u00fcrsu, bu etkileyici ve ilham verici kitab\u0131nda, kurumsal kariyerlerinde basamaklar\u0131 t\u0131rmanan pek \u00e7ok kad\u0131n i\u00e7in cesur bir de\u011fi\u015fimi savunuyor. Yazar, liderlik geli\u015fimi alan\u0131nda uzun y\u0131llar boyunca edindi\u011fi tecr\u00fcbelere dayanarak, kad\u0131n liderlerin \u2013toplumsal beklentilerden i\u015fyerlerindeki e\u015fitsizliklere kadar\u2013 kar\u015f\u0131la\u015ft\u0131klar\u0131 benzersiz zorluklar\u0131 inceliyor ve kal\u0131c\u0131 bir d\u00f6n\u00fc\u015f\u00fcm i\u00e7in gereken, uygulanabilir stratejileri ortaya koyuyor.Hem ilham verici hem de pratik bilgilerin topland\u0131\u011f\u0131 Kad\u0131n Liderin Zirve Yolculu\u011fu, kad\u0131nlar\u0131 g\u00fc\u00e7lerini ortaya koymak, eski normlara meydan okumak ve cesurca liderlik etmek i\u00e7in harekete ge\u00e7meye \u00e7a\u011f\u0131r\u0131yor. Bunun yan\u0131 s\u0131ra, \u015firketler ile erkekleri de daha e\u015fitlik\u00e7i, s\u00fcrd\u00fcr\u00fclebilir bir gelecek ve daha kapsay\u0131c\u0131, destekleyici \u00e7al\u0131\u015fma ortamlar\u0131 yaratmak i\u00e7in \u00fczerlerine d\u00fc\u015fen g\u00f6revi yerine getirmeye davet ediyor.\u201cDuygu Alptekin G\u00fcrsu\u2019nun yazd\u0131\u011f\u0131 Kad\u0131n Liderin Zirve Yolculu\u011fu sadece bir kitap de\u011fil; ayn\u0131 zamanda bir de\u011fi\u015fim \u00e7a\u011fr\u0131s\u0131, d\u00f6n\u00fc\u015f\u00fcm i\u00e7in bir yol haritas\u0131, direncin ve kararl\u0131l\u0131\u011f\u0131n g\u00fcc\u00fcne dair ilham verici bir kan\u0131t.\u201d\u2014 Dr. Marshall Goldsmith<\/p>\n","protected":false},"excerpt":{"rendered":"<p>Duygu Alptekin G\u00fcrsu, bu etkileyici ve ilham verici kitab\u0131nda, kurumsal kariyerlerinde basamaklar\u0131 t\u0131rmanan pek \u00e7ok kad\u0131n i\u00e7in cesur bir de\u011fi\u015fimi savunuyor. Yazar, liderlik geli\u015fimi alan\u0131nda uzun<span class=\"excerpt-hellip\"> [\u2026]<\/span><\/p>\n","protected":false},"featured_media":0,"template":"","meta":{"_monsterinsights_skip_tracking":false,"_monsterinsights_sitenote_active":false,"_monsterinsights_sitenote_note":"","_monsterinsights_sitenote_category":0},"product_brand":[],"product_cat":[12364,12376],"product_tag":[],"class_list":{"0":"post-781629","1":"product","2":"type-product","3":"status-publish","5":"product_cat-genel-konular","6":"product_cat-kisisel-gelisim","7":"pa_cilt-ciltsiz","8":"pa_tur-kitap","9":"pa_yayinevi-muptela-yayinevi","10":"pa_yazar-duygu-alptekin-gursu","12":"first","13":"instock","14":"sale","15":"shipping-taxable","16":"purchasable","17":"product-type-simple"},"_links":{"self":[{"href":"https:\/\/roveyayinevi.com.tr\/index.php\/wp-json\/wp\/v2\/product\/781629","targetHints":{"allow":["GET"]}}],"collection":[{"href":"https:\/\/roveyayinevi.com.tr\/index.php\/wp-json\/wp\/v2\/product"}],"about":[{"href":"https:\/\/roveyayinevi.com.tr\/index.php\/wp-json\/wp\/v2\/types\/product"}],"wp:attachment":[{"href":"https:\/\/roveyayinevi.com.tr\/index.php\/wp-json\/wp\/v2\/media?parent=781629"}],"wp:term":[{"taxonomy":"product_brand","embeddable":true,"href":"https:\/\/roveyayinevi.com.tr\/index.php\/wp-json\/wp\/v2\/product_brand?post=781629"},{"taxonomy":"product_cat","embeddable":true,"href":"https:\/\/roveyayinevi.com.tr\/index.php\/wp-json\/wp\/v2\/product_cat?post=781629"},{"taxonomy":"product_tag","embeddable":true,"href":"https:\/\/roveyayinevi.com.tr\/index.php\/wp-json\/wp\/v2\/product_tag?post=781629"}],"curies":[{"name":"wp","href":"https:\/\/api.w.org\/{rel}","templated":true}]}}