{"id":781624,"date":"2026-01-27T03:11:02","date_gmt":"2026-01-27T00:11:02","guid":{"rendered":"https:\/\/roveyayinevi.com.tr\/index.php\/urun\/yilmaz-guney-kitabi\/"},"modified":"2026-04-16T02:45:55","modified_gmt":"2026-04-15T23:45:55","slug":"yilmaz-guney-kitabi","status":"publish","type":"product","link":"https:\/\/roveyayinevi.com.tr\/index.php\/urun\/yilmaz-guney-kitabi\/","title":{"rendered":"Y\u0131lmaz G\u00fcney Kitab\u0131"},"content":{"rendered":"<p>\u0130lkelerimden biri de \u015fudur : Bir insan\u0131 ger\u00e7ekten dost bildiysen, hayat\u0131na soktuysan ve bir\u00e7ok \u015feyi onunla payla\u015ft\u0131ysan\u2026 Art\u0131k, o senin dostun, de\u011fi\u015fmez yol arkada\u015f\u0131nd\u0131r. Y\u0131lmaz G\u00fcney\u2019le de \u00f6yle oldu. Onu sanat\u00e7\u0131 olarak \u00e7ok takdir etti\u011fim gibi, insan olarak da ba\u011fr\u0131ma bast\u0131m. Ve o uzun, maceral\u0131, belal\u0131 ve son derece dramatik y\u0131llar i\u00e7inde f\u0131rsat d\u00fc\u015ft\u00fck\u00e7e elimi uzatt\u0131m; hapishanelere ziyaretine gittim; siyasal ko\u015fullar tam tersini buyursa da onun yanda\u015f\u0131 ve yolda\u015f\u0131 oldum; \u00f6yle de kald\u0131m. Onun i\u00e7in \u00e7e\u015fitli yaz\u0131lar\u0131, belgeleri, an\u0131lar\u0131 bir araya toplad\u0131\u011f\u0131m Y\u0131lmaz G\u00fcney Kitab\u0131\u2019m\u2026 Y\u0131llar sonra yeniden bas\u0131yoruz, ama bu bir ilk kitap olacak: 2000\u2019lere dek gelen\u2026 Sonras\u0131n\u0131 bir ikinci ciltte toplayaca\u011f\u0131z. Yeter ki siz okurlar\u0131n bu m\u00fcstesna kadere olan ilgileri t\u00fckenmesin\u2026<\/p>\n","protected":false},"excerpt":{"rendered":"<p>\u0130lkelerimden biri de \u015fudur : Bir insan\u0131 ger\u00e7ekten dost bildiysen, hayat\u0131na soktuysan ve bir\u00e7ok \u015feyi onunla payla\u015ft\u0131ysan\u2026 Art\u0131k, o senin dostun, de\u011fi\u015fmez yol arkada\u015f\u0131nd\u0131r. Y\u0131lmaz G\u00fcney\u2019le<span class=\"excerpt-hellip\"> [\u2026]<\/span><\/p>\n","protected":false},"featured_media":0,"template":"","meta":{"_monsterinsights_skip_tracking":false,"_monsterinsights_sitenote_active":false,"_monsterinsights_sitenote_note":"","_monsterinsights_sitenote_category":0},"product_brand":[],"product_cat":[14009,12291],"product_tag":[],"class_list":{"0":"post-781624","1":"product","2":"type-product","3":"status-publish","5":"product_cat-biyografi-otobiyografi-edebiyat","6":"product_cat-edebiyat","7":"pa_cilt-ciltsiz","8":"pa_tur-kitap","9":"pa_yayinevi-puslu-yayinlari","10":"pa_yazar-atilla-dorsay","12":"first","13":"instock","14":"sale","15":"shipping-taxable","16":"purchasable","17":"product-type-simple"},"_links":{"self":[{"href":"https:\/\/roveyayinevi.com.tr\/index.php\/wp-json\/wp\/v2\/product\/781624","targetHints":{"allow":["GET"]}}],"collection":[{"href":"https:\/\/roveyayinevi.com.tr\/index.php\/wp-json\/wp\/v2\/product"}],"about":[{"href":"https:\/\/roveyayinevi.com.tr\/index.php\/wp-json\/wp\/v2\/types\/product"}],"wp:attachment":[{"href":"https:\/\/roveyayinevi.com.tr\/index.php\/wp-json\/wp\/v2\/media?parent=781624"}],"wp:term":[{"taxonomy":"product_brand","embeddable":true,"href":"https:\/\/roveyayinevi.com.tr\/index.php\/wp-json\/wp\/v2\/product_brand?post=781624"},{"taxonomy":"product_cat","embeddable":true,"href":"https:\/\/roveyayinevi.com.tr\/index.php\/wp-json\/wp\/v2\/product_cat?post=781624"},{"taxonomy":"product_tag","embeddable":true,"href":"https:\/\/roveyayinevi.com.tr\/index.php\/wp-json\/wp\/v2\/product_tag?post=781624"}],"curies":[{"name":"wp","href":"https:\/\/api.w.org\/{rel}","templated":true}]}}