{"id":781619,"date":"2026-01-25T04:16:53","date_gmt":"2026-01-25T01:16:53","guid":{"rendered":"https:\/\/roveyayinevi.com.tr\/index.php\/urun\/metamorfik-salinimlar\/"},"modified":"2026-01-30T04:20:12","modified_gmt":"2026-01-30T01:20:12","slug":"metamorfik-salinimlar","status":"publish","type":"product","link":"https:\/\/roveyayinevi.com.tr\/index.php\/urun\/metamorfik-salinimlar\/","title":{"rendered":"Metamorfik Sal\u0131n\u0131mlar"},"content":{"rendered":"<p>Yal\u0131n, i\u00e7inde bulundu\u011fu k\u0131s\u0131r d\u00f6ng\u00fcn\u00fcn \u015feytan\u0131 olma yolunda ad\u0131m ad\u0131m ilerlerken, ya\u015fad\u0131\u011f\u0131 bir trafik kazas\u0131 sonucu Otto ve arkada\u015flar\u0131 ile tan\u0131\u015f\u0131r fakat bu tan\u0131\u015fma, y\u00fczle\u015fmekten korktu\u011fu ger\u00e7eklerle bir anda teker teker kar\u015f\u0131la\u015fmas\u0131na sebep olur. H\u00fccrelerine k\u0131sa devre yapt\u0131r\u0131lm\u0131\u015f gibi hissetti\u011fi tuhaf bir s\u00fcre\u00e7ten ge\u00e7erken, Yal\u0131n k\u0131sa bir s\u00fcre sonra ger\u00e7ek d\u00f6n\u00fc\u015f\u00fcm\u00fcn kuru laftan \u00e7\u0131k\u0131p ete kemi\u011fe b\u00fcr\u00fcnd\u00fc\u011f\u00fcne \u015fahit olacak\u0131r. Ya\u015fam rotas\u0131 farkl\u0131 bir patikaya dald\u0131\u011f\u0131nda da hayat onu asl\u0131nda ge\u00e7mi\u015ften tan\u0131d\u0131\u011f\u0131 biri ile yeniden tan\u0131\u015ft\u0131racakt\u0131r.<\/p>\n","protected":false},"excerpt":{"rendered":"<p>Yal\u0131n, i\u00e7inde bulundu\u011fu k\u0131s\u0131r d\u00f6ng\u00fcn\u00fcn \u015feytan\u0131 olma yolunda ad\u0131m ad\u0131m ilerlerken, ya\u015fad\u0131\u011f\u0131 bir trafik kazas\u0131 sonucu Otto ve arkada\u015flar\u0131 ile tan\u0131\u015f\u0131r fakat bu tan\u0131\u015fma, y\u00fczle\u015fmekten korktu\u011fu<span class=\"excerpt-hellip\"> [\u2026]<\/span><\/p>\n","protected":false},"featured_media":0,"template":"","meta":{"_monsterinsights_skip_tracking":false,"_monsterinsights_sitenote_active":false,"_monsterinsights_sitenote_note":"","_monsterinsights_sitenote_category":0},"product_brand":[],"product_cat":[12291,12711],"product_tag":[],"class_list":{"0":"post-781619","1":"product","2":"type-product","3":"status-publish","5":"product_cat-edebiyat","6":"product_cat-roman-oyku","7":"pa_cilt-ciltsiz","8":"pa_tur-kitap","9":"pa_yayinevi-gate-yayinlari","10":"pa_yazar-pinar-erdol-maliki","12":"first","13":"instock","14":"sale","15":"shipping-taxable","16":"purchasable","17":"product-type-simple"},"_links":{"self":[{"href":"https:\/\/roveyayinevi.com.tr\/index.php\/wp-json\/wp\/v2\/product\/781619","targetHints":{"allow":["GET"]}}],"collection":[{"href":"https:\/\/roveyayinevi.com.tr\/index.php\/wp-json\/wp\/v2\/product"}],"about":[{"href":"https:\/\/roveyayinevi.com.tr\/index.php\/wp-json\/wp\/v2\/types\/product"}],"wp:attachment":[{"href":"https:\/\/roveyayinevi.com.tr\/index.php\/wp-json\/wp\/v2\/media?parent=781619"}],"wp:term":[{"taxonomy":"product_brand","embeddable":true,"href":"https:\/\/roveyayinevi.com.tr\/index.php\/wp-json\/wp\/v2\/product_brand?post=781619"},{"taxonomy":"product_cat","embeddable":true,"href":"https:\/\/roveyayinevi.com.tr\/index.php\/wp-json\/wp\/v2\/product_cat?post=781619"},{"taxonomy":"product_tag","embeddable":true,"href":"https:\/\/roveyayinevi.com.tr\/index.php\/wp-json\/wp\/v2\/product_tag?post=781619"}],"curies":[{"name":"wp","href":"https:\/\/api.w.org\/{rel}","templated":true}]}}