{"id":781615,"date":"2026-01-25T04:16:43","date_gmt":"2026-01-25T01:16:43","guid":{"rendered":"https:\/\/roveyayinevi.com.tr\/index.php\/urun\/zamanla-ayni-kumastan\/"},"modified":"2026-01-30T04:19:45","modified_gmt":"2026-01-30T01:19:45","slug":"zamanla-ayni-kumastan","status":"publish","type":"product","link":"https:\/\/roveyayinevi.com.tr\/index.php\/urun\/zamanla-ayni-kumastan\/","title":{"rendered":"Zamanla  Ayn\u0131 Kuma\u015ftan"},"content":{"rendered":"<p>Sezen Ergen Breitegger Zamanla Ayn\u0131 Kuma\u015ftan\u2019daki denemelerinde bize edebiyat\u0131n hayatla kesi\u015fti\u011fi yerden sesleniyor. Viyana\u2019dan \u0130stanbul\u2019a, Atina\u2019dan Valencia\u2019ya uzanan geni\u015f bir co\u011frafyada zaman, kad\u0131nl\u0131k, g\u00f6\u00e7menlik gibi temel meseleleri edebiyat\u0131n merce\u011finden ele al\u0131yor. Thomas Bernhard\u2019\u0131n \u00f6fkesine kulak veren, Proust\u2019un zaman katmanlar\u0131nda kaybolmaya g\u00f6n\u00fcll\u00fc bu okumalarda Sevgi Soysal ve Annie Ernaux\u2019nun eserlerindeki kad\u0131nl\u0131k hallerini sorguluyor, Goethe ile H\u00e2f\u0131z aras\u0131ndaki Do\u011fu-Bat\u0131 k\u00f6pr\u00fcs\u00fcnden ge\u00e7ip Anne Carson\u2019\u0131n \u015fiirsel denemelerinde soluklan\u0131yoruz. Tanp\u0131nar\u2019\u0131n \u0131\u015f\u0131kl\u0131 kad\u0131nlar\u0131ndan Woolf\u2019un dalgalar\u0131na, V\u00fcs\u2019at O. Bener\u2019in zamans\u0131z dilinden Vel\u00e1zquez\u2019in bak\u0131\u015f\u0131na, Zamanla Ayn\u0131 Kuma\u015ftan yeni ba\u011flar\u0131n ke\u015ffedildi\u011fi i\u00e7ten bir okuma atlas\u0131.   \u201cBizim anayurdumuz edebiyat, ilk kez gitti\u011fimiz Dublin\u2019in sokaklar\u0131n\u0131 orada b\u00fcy\u00fcm\u00fc\u015f\u00e7esine ezbere bilmemizi sa\u011flayan, her k\u00f6kten daha sa\u011flam k\u00f6k\u00fcm\u00fcz. Kitap okuyarak hayatta yolunu \u00e7izenler, biz bilinen zaman\u0131n d\u0131\u015f\u0131nday\u0131z.\u201d<\/p>\n","protected":false},"excerpt":{"rendered":"<p>Sezen Ergen Breitegger Zamanla Ayn\u0131 Kuma\u015ftan\u2019daki denemelerinde bize edebiyat\u0131n hayatla kesi\u015fti\u011fi yerden sesleniyor. Viyana\u2019dan \u0130stanbul\u2019a, Atina\u2019dan Valencia\u2019ya uzanan geni\u015f bir co\u011frafyada zaman, kad\u0131nl\u0131k, g\u00f6\u00e7menlik gibi temel<span class=\"excerpt-hellip\"> [\u2026]<\/span><\/p>\n","protected":false},"featured_media":0,"template":"","meta":{"_monsterinsights_skip_tracking":false,"_monsterinsights_sitenote_active":false,"_monsterinsights_sitenote_note":"","_monsterinsights_sitenote_category":0},"product_brand":[],"product_cat":[12777,12291],"product_tag":[],"class_list":{"0":"post-781615","1":"product","2":"type-product","3":"status-publish","5":"product_cat-deneme","6":"product_cat-edebiyat","7":"pa_cilt-ciltsiz","8":"pa_tur-kitap","9":"pa_yayinevi-notos-kitap","10":"pa_yazar-sezen-ergen-breitegger","12":"first","13":"instock","14":"sale","15":"shipping-taxable","16":"purchasable","17":"product-type-simple"},"_links":{"self":[{"href":"https:\/\/roveyayinevi.com.tr\/index.php\/wp-json\/wp\/v2\/product\/781615","targetHints":{"allow":["GET"]}}],"collection":[{"href":"https:\/\/roveyayinevi.com.tr\/index.php\/wp-json\/wp\/v2\/product"}],"about":[{"href":"https:\/\/roveyayinevi.com.tr\/index.php\/wp-json\/wp\/v2\/types\/product"}],"wp:attachment":[{"href":"https:\/\/roveyayinevi.com.tr\/index.php\/wp-json\/wp\/v2\/media?parent=781615"}],"wp:term":[{"taxonomy":"product_brand","embeddable":true,"href":"https:\/\/roveyayinevi.com.tr\/index.php\/wp-json\/wp\/v2\/product_brand?post=781615"},{"taxonomy":"product_cat","embeddable":true,"href":"https:\/\/roveyayinevi.com.tr\/index.php\/wp-json\/wp\/v2\/product_cat?post=781615"},{"taxonomy":"product_tag","embeddable":true,"href":"https:\/\/roveyayinevi.com.tr\/index.php\/wp-json\/wp\/v2\/product_tag?post=781615"}],"curies":[{"name":"wp","href":"https:\/\/api.w.org\/{rel}","templated":true}]}}