{"id":781612,"date":"2026-01-25T04:16:38","date_gmt":"2026-01-25T01:16:38","guid":{"rendered":"https:\/\/roveyayinevi.com.tr\/index.php\/urun\/azim-imkansizliktan-dogar\/"},"modified":"2026-04-15T03:46:02","modified_gmt":"2026-04-15T00:46:02","slug":"azim-imkansizliktan-dogar","status":"publish","type":"product","link":"https:\/\/roveyayinevi.com.tr\/index.php\/urun\/azim-imkansizliktan-dogar\/","title":{"rendered":"Azim \u0130mk\u00e2ns\u0131zl\u0131ktan Do\u011far"},"content":{"rendered":"<p>Bir insan\u0131n vicdan\u0131, bin \u00e7ocu\u011fun kaderini de\u011fi\u015ftirebilir.   On iki karde\u015fli bir ailenin on birinci \u00e7ocu\u011fu olarak Erzurum\u2019da d\u00fcnyaya gelen Y\u00fccel Ceylan, \u00e7ocuk ya\u015fta sokakta su satarak ba\u015flad\u0131\u011f\u0131 hayat yolculu\u011funu; azim, \u00e7al\u0131\u015fkanl\u0131k ve inan\u00e7la ba\u015far\u0131ya d\u00f6n\u00fc\u015ft\u00fcrd\u00fc. Ticari hayatta elde etti\u011fi kazan\u0131mlar\u0131 yaln\u0131zca b\u00fcy\u00fcmek i\u00e7in de\u011fil, topluma kar\u015f\u0131 sorumlulu\u011funu yerine getirmek i\u00e7in de kulland\u0131. \u0130zmir\u2019de bir k\u00f6y okulunda ya\u015fanan alt\u0131 k\u0131z \u00e7ocu\u011funa y\u00f6nelik istismar davas\u0131nda \u00e7ocuklar\u0131n yan\u0131nda durdu ve bu duru\u015f, 2017 y\u0131l\u0131nda UC\u0130M \u2013 Saadet \u00d6\u011fretmen \u00c7ocuk \u0130stismar\u0131 ile M\u00fccadele Derne\u011fi\u2019nin kurulu\u015fuyla bir iyilik hareketine d\u00f6n\u00fc\u015ft\u00fc. Bu kitap, yokluktan gelen bir i\u015f insan\u0131n\u0131n, hayat\u0131n\u0131 insanl\u0131k onuruna ve \u00e7ocuklar\u0131n g\u00fcvenli\u011fine adamas\u0131n\u0131n hik\u00e2yesi, \u201cAllah her erke\u011fe anne vicdan\u0131 versin\u201d s\u00f6z\u00fcn\u00fc kendisine ilke edinmi\u015f, susmamay\u0131 se\u00e7mi\u015f bir insan\u0131n tan\u0131kl\u0131\u011f\u0131d\u0131r.<\/p>\n","protected":false},"excerpt":{"rendered":"<p>Bir insan\u0131n vicdan\u0131, bin \u00e7ocu\u011fun kaderini de\u011fi\u015ftirebilir. On iki karde\u015fli bir ailenin on birinci \u00e7ocu\u011fu olarak Erzurum\u2019da d\u00fcnyaya gelen Y\u00fccel Ceylan, \u00e7ocuk ya\u015fta sokakta su satarak<span class=\"excerpt-hellip\"> [\u2026]<\/span><\/p>\n","protected":false},"featured_media":0,"template":"","meta":{"_monsterinsights_skip_tracking":false,"_monsterinsights_sitenote_active":false,"_monsterinsights_sitenote_note":"","_monsterinsights_sitenote_category":0},"product_brand":[],"product_cat":[141304],"product_tag":[],"class_list":{"0":"post-781612","1":"product","2":"type-product","3":"status-publish","5":"product_cat-yeni-cikanlar","6":"pa_cilt-ciltsiz","7":"pa_tur-kitap","8":"pa_yayinevi-destek-yayinlari","9":"pa_yazar-yucel-ceylan","11":"first","12":"instock","13":"sale","14":"shipping-taxable","15":"purchasable","16":"product-type-simple"},"_links":{"self":[{"href":"https:\/\/roveyayinevi.com.tr\/index.php\/wp-json\/wp\/v2\/product\/781612","targetHints":{"allow":["GET"]}}],"collection":[{"href":"https:\/\/roveyayinevi.com.tr\/index.php\/wp-json\/wp\/v2\/product"}],"about":[{"href":"https:\/\/roveyayinevi.com.tr\/index.php\/wp-json\/wp\/v2\/types\/product"}],"wp:attachment":[{"href":"https:\/\/roveyayinevi.com.tr\/index.php\/wp-json\/wp\/v2\/media?parent=781612"}],"wp:term":[{"taxonomy":"product_brand","embeddable":true,"href":"https:\/\/roveyayinevi.com.tr\/index.php\/wp-json\/wp\/v2\/product_brand?post=781612"},{"taxonomy":"product_cat","embeddable":true,"href":"https:\/\/roveyayinevi.com.tr\/index.php\/wp-json\/wp\/v2\/product_cat?post=781612"},{"taxonomy":"product_tag","embeddable":true,"href":"https:\/\/roveyayinevi.com.tr\/index.php\/wp-json\/wp\/v2\/product_tag?post=781612"}],"curies":[{"name":"wp","href":"https:\/\/api.w.org\/{rel}","templated":true}]}}