{"id":781610,"date":"2026-01-25T04:16:33","date_gmt":"2026-01-25T01:16:33","guid":{"rendered":"https:\/\/roveyayinevi.com.tr\/index.php\/urun\/kintsugi-evi\/"},"modified":"2026-04-15T03:46:02","modified_gmt":"2026-04-15T00:46:02","slug":"kintsugi-evi","status":"publish","type":"product","link":"https:\/\/roveyayinevi.com.tr\/index.php\/urun\/kintsugi-evi\/","title":{"rendered":"Kintsugi Evi"},"content":{"rendered":"<p>Bir annenin sessizce ta\u015f\u0131d\u0131\u011f\u0131 yaralar, bir k\u0131z\u0131n kendi yolunu bulma \u00e7abas\u0131 ve \u00fc\u00e7 ku\u015fa\u011f\u0131n i\u00e7 i\u00e7e ge\u00e7en dile getirilmemi\u015f hik\u00e2yeleri\u2026 Kanazawa\u2019n\u0131n sakin sokaklar\u0131nda, Urushi\u2019nin kokusu aras\u0131ndan y\u00fckselen Kintsugi sanat\u0131, eksiklerin, \u00e7atlaklar\u0131n ve ac\u0131lar\u0131n alt\u0131nla parlayarak nas\u0131l yeni bir hayata d\u00f6n\u00fc\u015ft\u00fc\u011f\u00fcn\u00fc f\u0131s\u0131ld\u0131yor. Yuuko kendi ya\u015fam\u0131n\u0131n \u00e7atlaklar\u0131n\u0131 onarmaya \u00e7al\u0131\u015f\u0131rken; k\u0131z\u0131 Mao, b\u00fcy\u00fcmekle \u00e7ocuk kalmak aras\u0131nda s\u0131k\u0131\u015f\u0131yor. Aileyi bir arada tutansa sessizce kaplar\u0131 onarmaya devam eden b\u00fcy\u00fckannenin elleri\u2026 Kintsugi Evi, k\u0131r\u0131lan \u015feylerin at\u0131lmad\u0131\u011f\u0131, aksine daha de\u011ferli hale geldi\u011fi bir ya\u015fam\u0131n kap\u0131lar\u0131n\u0131 aral\u0131yor. \u015eefkatle i\u015flenmi\u015f karakterler, yumu\u015fak ama derinden dokunan bir dil okurun kalbinde kal\u0131c\u0131 bir iz b\u0131rakacak.<\/p>\n","protected":false},"excerpt":{"rendered":"<p>Bir annenin sessizce ta\u015f\u0131d\u0131\u011f\u0131 yaralar, bir k\u0131z\u0131n kendi yolunu bulma \u00e7abas\u0131 ve \u00fc\u00e7 ku\u015fa\u011f\u0131n i\u00e7 i\u00e7e ge\u00e7en dile getirilmemi\u015f hik\u00e2yeleri\u2026 Kanazawa\u2019n\u0131n sakin sokaklar\u0131nda, Urushi\u2019nin kokusu aras\u0131ndan<span class=\"excerpt-hellip\"> [\u2026]<\/span><\/p>\n","protected":false},"featured_media":0,"template":"","meta":{"_monsterinsights_skip_tracking":false,"_monsterinsights_sitenote_active":false,"_monsterinsights_sitenote_note":"","_monsterinsights_sitenote_category":0},"product_brand":[],"product_cat":[12291,12711],"product_tag":[],"class_list":{"0":"post-781610","1":"product","2":"type-product","3":"status-publish","5":"product_cat-edebiyat","6":"product_cat-roman-oyku","7":"pa_cilt-ciltsiz","8":"pa_tur-kitap","9":"pa_yayinevi-athica-yayinlari","10":"pa_yazar-hoshio-sanae","12":"first","13":"instock","14":"sale","15":"shipping-taxable","16":"purchasable","17":"product-type-simple"},"_links":{"self":[{"href":"https:\/\/roveyayinevi.com.tr\/index.php\/wp-json\/wp\/v2\/product\/781610","targetHints":{"allow":["GET"]}}],"collection":[{"href":"https:\/\/roveyayinevi.com.tr\/index.php\/wp-json\/wp\/v2\/product"}],"about":[{"href":"https:\/\/roveyayinevi.com.tr\/index.php\/wp-json\/wp\/v2\/types\/product"}],"wp:attachment":[{"href":"https:\/\/roveyayinevi.com.tr\/index.php\/wp-json\/wp\/v2\/media?parent=781610"}],"wp:term":[{"taxonomy":"product_brand","embeddable":true,"href":"https:\/\/roveyayinevi.com.tr\/index.php\/wp-json\/wp\/v2\/product_brand?post=781610"},{"taxonomy":"product_cat","embeddable":true,"href":"https:\/\/roveyayinevi.com.tr\/index.php\/wp-json\/wp\/v2\/product_cat?post=781610"},{"taxonomy":"product_tag","embeddable":true,"href":"https:\/\/roveyayinevi.com.tr\/index.php\/wp-json\/wp\/v2\/product_tag?post=781610"}],"curies":[{"name":"wp","href":"https:\/\/api.w.org\/{rel}","templated":true}]}}