{"id":781609,"date":"2026-01-25T04:15:56","date_gmt":"2026-01-25T01:15:56","guid":{"rendered":"https:\/\/roveyayinevi.com.tr\/index.php\/urun\/estetik-hesaplasma\/"},"modified":"2026-04-15T03:45:59","modified_gmt":"2026-04-15T00:45:59","slug":"estetik-hesaplasma","status":"publish","type":"product","link":"https:\/\/roveyayinevi.com.tr\/index.php\/urun\/estetik-hesaplasma\/","title":{"rendered":"Estetik Hesapla\u015fma"},"content":{"rendered":"<p>12 Eyl\u00fcl, T\u00fcrkiye toplumunun kendisine ve \u00fclkesine duydu\u011fu \u00f6zg\u00fcveni k\u0131rd\u0131. \u0130yiden ve g\u00fczelden yana t\u00fcm de\u011ferlerimiz, tekellerin sald\u0131r\u0131s\u0131na u\u011frad\u0131. \u00dclke sevgisi al\u0131nm\u0131\u015f, ya\u015fam co\u015fkusu zay\u0131f, a\u015fk\u0131 tutkusuz, kaba hedonizm d\u00fc\u015fk\u00fcn\u00fc, g\u00fcndelik ya\u015famda \u00e7\u0131karc\u0131 siyasal alanda oport\u00fcnist bir toplum yaratmaya \u00e7al\u0131\u015ft\u0131lar. Yal\u00e7\u0131n K\u00fc\u00e7\u00fck\u2019\u00fcn \u201ceyl\u00fclizm\u201d olarak tarif etti\u011fi bu sald\u0131r\u0131, en yo\u011fun bi\u00e7emini k\u00fclt\u00fcr-sanat-edebiyat alanlar\u0131nda ald\u0131. Cumhuriyet\u2019e Kar\u015f\u0131 K\u00fcf\u00fcr Romanlar\u0131\u2019nda Latife Tekin, Ahmet Altan, Orhan Pamuk \u00fczerinden meydan okuyan K\u00fc\u00e7\u00fck, y\u0131llar sonra yeniden yay\u0131mlanan tamamlay\u0131c\u0131 eseri Estetik Hesapla\u015fma\u2019da; Kundera, Saussure, Alev Alatl\u0131, Ahmet Oktay, Tahsin Y\u00fccel gibi isimler \u00fczerinden \u201ceyl\u00fclist\u201d sald\u0131r\u0131yla hesapla\u015f\u0131yor. Sanat\u0131n ve bilimin, \u201ck\u00fctle\u2019den ayr\u0131lan\u0131 i\u015fleyip geli\u015ftirdikten sonra tekrar k\u00fctle\u2019ye verme i\u015fi\u201d oldu\u011funu vurgulayan K\u00fc\u00e7\u00fck, g\u00fczelin \u201cgelecek\u2019in bug\u00fcn\u2019e g\u00f6m\u00fcl\u00fc k\u00f6klerinden\u201d do\u011fdu\u011funu bilerek, bug\u00fcn\u00fcn k\u00f6klerinde gelece\u011fimizi ar\u0131yor. Estetik Hesapla\u015fma, estetik ve ahlaki de\u011ferleri y\u00fcksek, m\u00fccadele azmi yo\u011fun, g\u00fczeli bulup k\u00f6k\u00fcnden \u00e7\u0131karmak isteyen her ku\u015faktan \u201cgen\u00e7\u201d i\u00e7in, yeniden bir hesapla\u015fma \u00e7a\u011fr\u0131s\u0131d\u0131r.<\/p>\n","protected":false},"excerpt":{"rendered":"<p>12 Eyl\u00fcl, T\u00fcrkiye toplumunun kendisine ve \u00fclkesine duydu\u011fu \u00f6zg\u00fcveni k\u0131rd\u0131. \u0130yiden ve g\u00fczelden yana t\u00fcm de\u011ferlerimiz, tekellerin sald\u0131r\u0131s\u0131na u\u011frad\u0131. \u00dclke sevgisi al\u0131nm\u0131\u015f, ya\u015fam co\u015fkusu zay\u0131f, a\u015fk\u0131<span class=\"excerpt-hellip\"> [\u2026]<\/span><\/p>\n","protected":false},"featured_media":0,"template":"","meta":{"_monsterinsights_skip_tracking":false,"_monsterinsights_sitenote_active":false,"_monsterinsights_sitenote_note":"","_monsterinsights_sitenote_category":0},"product_brand":[],"product_cat":[20351,12388],"product_tag":[],"class_list":{"0":"post-781609","1":"product","2":"type-product","3":"status-publish","5":"product_cat-dusunce","6":"product_cat-felsefe","7":"pa_cilt-ciltsiz","8":"pa_tur-kitap","9":"pa_yayinevi-kirmizi-kedi-yayinevi","10":"pa_yazar-yalcin-kucuk","12":"first","13":"instock","14":"sale","15":"shipping-taxable","16":"purchasable","17":"product-type-simple"},"_links":{"self":[{"href":"https:\/\/roveyayinevi.com.tr\/index.php\/wp-json\/wp\/v2\/product\/781609","targetHints":{"allow":["GET"]}}],"collection":[{"href":"https:\/\/roveyayinevi.com.tr\/index.php\/wp-json\/wp\/v2\/product"}],"about":[{"href":"https:\/\/roveyayinevi.com.tr\/index.php\/wp-json\/wp\/v2\/types\/product"}],"wp:attachment":[{"href":"https:\/\/roveyayinevi.com.tr\/index.php\/wp-json\/wp\/v2\/media?parent=781609"}],"wp:term":[{"taxonomy":"product_brand","embeddable":true,"href":"https:\/\/roveyayinevi.com.tr\/index.php\/wp-json\/wp\/v2\/product_brand?post=781609"},{"taxonomy":"product_cat","embeddable":true,"href":"https:\/\/roveyayinevi.com.tr\/index.php\/wp-json\/wp\/v2\/product_cat?post=781609"},{"taxonomy":"product_tag","embeddable":true,"href":"https:\/\/roveyayinevi.com.tr\/index.php\/wp-json\/wp\/v2\/product_tag?post=781609"}],"curies":[{"name":"wp","href":"https:\/\/api.w.org\/{rel}","templated":true}]}}