{"id":781608,"date":"2026-01-25T04:15:52","date_gmt":"2026-01-25T01:15:52","guid":{"rendered":"https:\/\/roveyayinevi.com.tr\/index.php\/urun\/mola-yeri\/"},"modified":"2026-04-15T03:45:57","modified_gmt":"2026-04-15T00:45:57","slug":"mola-yeri","status":"publish","type":"product","link":"https:\/\/roveyayinevi.com.tr\/index.php\/urun\/mola-yeri\/","title":{"rendered":"Mola Yeri"},"content":{"rendered":"<p>KAR\u015eILI\u011eINDA \u0130NSANLI\u011eINI KAYBEDECEKSEN HAYATTA KALMANIN NE ANLAMI VAR   Abe i\u00e7in \u0131ss\u0131z otoyoldaki eski benzin istasyonu, hastanedeki babaannesine yeti\u015fmek \u00fczere \u00e7\u0131kt\u0131\u011f\u0131 gece yolculu\u011funu b\u00f6len birka\u00e7 dakikal\u0131k s\u0131radan bir tuvalet molas\u0131 olmal\u0131yd\u0131.   Ancak kap\u0131 \u00fczerine kilitlendi\u011fi anda, gecenin masum sessizli\u011fi yerini \u00f6l\u00fcmc\u00fcl bir tuza\u011fa b\u0131rakt\u0131.   \u0130\u00e7eride titreyen floresanlar, duvardaki anlam veremedi\u011fi karalamalar ve d\u0131\u015far\u0131dan gelen tekinsiz sesler aras\u0131nda zaman\u0131n ak\u0131\u015f\u0131 tuhafla\u015fmaya ba\u015flam\u0131\u015ft\u0131. Abe ka\u00e7mak i\u00e7in u\u011fra\u015ft\u0131k\u00e7a, bu darac\u0131k alan\u0131n sadece fiziksel bir engel de\u011fil ayn\u0131 zamanda karanl\u0131k bir mahkeme oldu\u011funu fark edecekti.   Kilitli kap\u0131n\u0131n ard\u0131ndaki ger\u00e7ek belki de do\u011fa\u00fcst\u00fc de\u011fildi.   \u00c7\u00fcnk\u00fc insan\u0131n g\u00f6md\u00fc\u011f\u00fcn\u00fc sand\u0131\u011f\u0131 korkular\u0131 en s\u0131radan duraklar\u0131 bile k\u00e2busa \u00e7evirebilirdi.   2025 Bram Stoker \u00d6d\u00fcl\u00fc Finalisti.   2024\u2019\u00fcn En \u0130yi Korku Kitab\u0131 \u2013 Esquire, Capes and Tights, Paste Magazine<\/p>\n","protected":false},"excerpt":{"rendered":"<p>KAR\u015eILI\u011eINDA \u0130NSANLI\u011eINI KAYBEDECEKSEN HAYATTA KALMANIN NE ANLAMI VAR Abe i\u00e7in \u0131ss\u0131z otoyoldaki eski benzin istasyonu, hastanedeki babaannesine yeti\u015fmek \u00fczere \u00e7\u0131kt\u0131\u011f\u0131 gece yolculu\u011funu b\u00f6len birka\u00e7 dakikal\u0131k s\u0131radan<span class=\"excerpt-hellip\"> [\u2026]<\/span><\/p>\n","protected":false},"featured_media":0,"template":"","meta":{"_monsterinsights_skip_tracking":false,"_monsterinsights_sitenote_active":false,"_monsterinsights_sitenote_note":"","_monsterinsights_sitenote_category":0},"product_brand":[],"product_cat":[12291,12711],"product_tag":[],"class_list":{"0":"post-781608","1":"product","2":"type-product","3":"status-publish","5":"product_cat-edebiyat","6":"product_cat-roman-oyku","7":"pa_cilt-ciltsiz","8":"pa_tur-kitap","9":"pa_yayinevi-nox-yayinlari","10":"pa_yazar-nat-cassidy","12":"first","13":"instock","14":"sale","15":"shipping-taxable","16":"purchasable","17":"product-type-simple"},"_links":{"self":[{"href":"https:\/\/roveyayinevi.com.tr\/index.php\/wp-json\/wp\/v2\/product\/781608","targetHints":{"allow":["GET"]}}],"collection":[{"href":"https:\/\/roveyayinevi.com.tr\/index.php\/wp-json\/wp\/v2\/product"}],"about":[{"href":"https:\/\/roveyayinevi.com.tr\/index.php\/wp-json\/wp\/v2\/types\/product"}],"wp:attachment":[{"href":"https:\/\/roveyayinevi.com.tr\/index.php\/wp-json\/wp\/v2\/media?parent=781608"}],"wp:term":[{"taxonomy":"product_brand","embeddable":true,"href":"https:\/\/roveyayinevi.com.tr\/index.php\/wp-json\/wp\/v2\/product_brand?post=781608"},{"taxonomy":"product_cat","embeddable":true,"href":"https:\/\/roveyayinevi.com.tr\/index.php\/wp-json\/wp\/v2\/product_cat?post=781608"},{"taxonomy":"product_tag","embeddable":true,"href":"https:\/\/roveyayinevi.com.tr\/index.php\/wp-json\/wp\/v2\/product_tag?post=781608"}],"curies":[{"name":"wp","href":"https:\/\/api.w.org\/{rel}","templated":true}]}}