{"id":781601,"date":"2026-01-25T03:55:37","date_gmt":"2026-01-25T00:55:37","guid":{"rendered":"https:\/\/roveyayinevi.com.tr\/index.php\/urun\/lale-devri-1718-1730\/"},"modified":"2026-04-15T03:29:42","modified_gmt":"2026-04-15T00:29:42","slug":"lale-devri-1718-1730","status":"publish","type":"product","link":"https:\/\/roveyayinevi.com.tr\/index.php\/urun\/lale-devri-1718-1730\/","title":{"rendered":"Lale Devri (1718-1730)"},"content":{"rendered":"<p>L\u00e2le Devri\u2026 Bir \u00e7i\u00e7ekle bahar olmaz ama tek \u00e7i\u00e7ekle tarih yaz\u0131l\u0131r. Bir taraftan ayd\u0131nl\u0131k, bir taraftan kar\u0131\u015f\u0131k bir devir\u2026 II. Ahmed ile Nev\u015fehirli Damat \u0130brahim liderli\u011finde bir \u00e7i\u00e7ekleni\u015f ve ya\u015fama i\u015ftiyak\u0131\u2026 L\u00e2le \u015fevkinin \u00e7evresinde estetik ve d\u00fc\u015f\u00fcnsel kurgular\u2026   Osmanl\u0131 Devleti\u2019nin, 1718-1730 y\u0131llar\u0131 aras\u0131ndaki zevk ve siyaset iklimi\u2026 \u0130syanlar kadar \u015fatafat, zihinsel at\u0131l\u0131mlar kadar hayat\u0131n her yan\u0131na yay\u0131lm\u0131\u015f bir \u00e7a\u011f yang\u0131n\u0131\u2026 E\u011fitimden y\u00f6netime, \u015fiirden mimariye de\u011fin ilerlerken Avrupa\u2019y\u0131 da beslemi\u015f s\u0131ra d\u0131\u015f\u0131 bir ak\u0131m&#8230;   Ahmed Refik\u2019in deyimiyle L\u00e2le Devri\u2026 Ruhu ve ayr\u0131nt\u0131lar\u0131 kadar capcanl\u0131 tablolar\u0131yla kar\u015f\u0131n\u0131zda. <\/p>\n","protected":false},"excerpt":{"rendered":"<p>L\u00e2le Devri\u2026 Bir \u00e7i\u00e7ekle bahar olmaz ama tek \u00e7i\u00e7ekle tarih yaz\u0131l\u0131r. Bir taraftan ayd\u0131nl\u0131k, bir taraftan kar\u0131\u015f\u0131k bir devir\u2026 II. Ahmed ile Nev\u015fehirli Damat \u0130brahim liderli\u011finde<span class=\"excerpt-hellip\"> [\u2026]<\/span><\/p>\n","protected":false},"featured_media":0,"template":"","meta":{"_monsterinsights_skip_tracking":false,"_monsterinsights_sitenote_active":false,"_monsterinsights_sitenote_note":"","_monsterinsights_sitenote_category":0},"product_brand":[],"product_cat":[12304],"product_tag":[],"class_list":{"0":"post-781601","1":"product","2":"type-product","3":"status-publish","5":"product_cat-tarih","6":"pa_cilt-ciltsiz","7":"pa_tur-kitap","8":"pa_yayinevi-kapi-yayinlari","9":"pa_yazar-ahmed-refik","11":"first","12":"instock","13":"sale","14":"shipping-taxable","15":"purchasable","16":"product-type-simple"},"_links":{"self":[{"href":"https:\/\/roveyayinevi.com.tr\/index.php\/wp-json\/wp\/v2\/product\/781601","targetHints":{"allow":["GET"]}}],"collection":[{"href":"https:\/\/roveyayinevi.com.tr\/index.php\/wp-json\/wp\/v2\/product"}],"about":[{"href":"https:\/\/roveyayinevi.com.tr\/index.php\/wp-json\/wp\/v2\/types\/product"}],"wp:attachment":[{"href":"https:\/\/roveyayinevi.com.tr\/index.php\/wp-json\/wp\/v2\/media?parent=781601"}],"wp:term":[{"taxonomy":"product_brand","embeddable":true,"href":"https:\/\/roveyayinevi.com.tr\/index.php\/wp-json\/wp\/v2\/product_brand?post=781601"},{"taxonomy":"product_cat","embeddable":true,"href":"https:\/\/roveyayinevi.com.tr\/index.php\/wp-json\/wp\/v2\/product_cat?post=781601"},{"taxonomy":"product_tag","embeddable":true,"href":"https:\/\/roveyayinevi.com.tr\/index.php\/wp-json\/wp\/v2\/product_tag?post=781601"}],"curies":[{"name":"wp","href":"https:\/\/api.w.org\/{rel}","templated":true}]}}