{"id":781595,"date":"2026-01-25T03:09:25","date_gmt":"2026-01-25T00:09:25","guid":{"rendered":"https:\/\/roveyayinevi.com.tr\/index.php\/urun\/iktisadi-dusunce\/"},"modified":"2026-04-16T02:41:40","modified_gmt":"2026-04-15T23:41:40","slug":"iktisadi-dusunce","status":"publish","type":"product","link":"https:\/\/roveyayinevi.com.tr\/index.php\/urun\/iktisadi-dusunce\/","title":{"rendered":"\u0130ktisadi D\u00fc\u015f\u00fcnce"},"content":{"rendered":"<p>Y\u0131llar\u0131n ba\u015fvuru kayna\u011f\u0131 \u015fimdi roman boyu&#8230; Bu kitap, iktisadi d\u00fc\u015f\u00fcnce konusunu genel olarak \u00f6\u011fretiler, okullar ve teoriler \u00e7er\u00e7evesinde inceliyor. Prof. G\u00fclten Kazgan salt bu \u00e7er\u00e7eveyle yetinmeyip, t\u00fcm iktisat teorilerini, de\u011fi\u015fmez do\u011frular olarak de\u011fil, gerekti\u011finde yeni teorilere de \u0131\u015f\u0131k tutacak bir anlay\u0131\u015fla ele al\u0131yor. \u0130ktisadi D\u00fc\u015f\u00fcnce, t\u00fcm ilgililerin ve \u00f6\u011frencilerin bir ba\u015fvuru kayna\u011f\u0131 olarak y\u0131llard\u0131r kullan\u0131lmaktad\u0131r. Kitaptan baz\u0131 ba\u015fl\u0131klar: \u2022 \u0130ktisadi liberalizmin felsefesi \u2022 Milliyet\u00e7i koruma politikas\u0131 \u2022 Azgeli\u015fmi\u015f \u00fclke kalk\u0131nmas\u0131 ve planlama \u2022 Sosyalist ekonomik \u00f6\u011freti \u2022 Asya-tipi \u00fcretim tarz\u0131 \u2022 Nicel iktisat ve tarihin sonu g\u00f6r\u00fc\u015f\u00fc<\/p>\n","protected":false},"excerpt":{"rendered":"<p>Y\u0131llar\u0131n ba\u015fvuru kayna\u011f\u0131 \u015fimdi roman boyu&#8230; Bu kitap, iktisadi d\u00fc\u015f\u00fcnce konusunu genel olarak \u00f6\u011fretiler, okullar ve teoriler \u00e7er\u00e7evesinde inceliyor. Prof. G\u00fclten Kazgan salt bu \u00e7er\u00e7eveyle yetinmeyip,<span class=\"excerpt-hellip\"> [\u2026]<\/span><\/p>\n","protected":false},"featured_media":0,"template":"","meta":{"_monsterinsights_skip_tracking":false,"_monsterinsights_sitenote_active":false,"_monsterinsights_sitenote_note":"","_monsterinsights_sitenote_category":0},"product_brand":[],"product_cat":[17249,13043],"product_tag":[],"class_list":{"0":"post-781595","1":"product","2":"type-product","3":"status-publish","5":"product_cat-borsa-finans","6":"product_cat-ekonomi","7":"pa_cilt-ciltsiz","8":"pa_tur-kitap","9":"pa_yayinevi-remzi-kitabevi","10":"pa_yazar-gulten-kazgan","12":"first","13":"instock","14":"sale","15":"shipping-taxable","16":"purchasable","17":"product-type-simple"},"_links":{"self":[{"href":"https:\/\/roveyayinevi.com.tr\/index.php\/wp-json\/wp\/v2\/product\/781595","targetHints":{"allow":["GET"]}}],"collection":[{"href":"https:\/\/roveyayinevi.com.tr\/index.php\/wp-json\/wp\/v2\/product"}],"about":[{"href":"https:\/\/roveyayinevi.com.tr\/index.php\/wp-json\/wp\/v2\/types\/product"}],"wp:attachment":[{"href":"https:\/\/roveyayinevi.com.tr\/index.php\/wp-json\/wp\/v2\/media?parent=781595"}],"wp:term":[{"taxonomy":"product_brand","embeddable":true,"href":"https:\/\/roveyayinevi.com.tr\/index.php\/wp-json\/wp\/v2\/product_brand?post=781595"},{"taxonomy":"product_cat","embeddable":true,"href":"https:\/\/roveyayinevi.com.tr\/index.php\/wp-json\/wp\/v2\/product_cat?post=781595"},{"taxonomy":"product_tag","embeddable":true,"href":"https:\/\/roveyayinevi.com.tr\/index.php\/wp-json\/wp\/v2\/product_tag?post=781595"}],"curies":[{"name":"wp","href":"https:\/\/api.w.org\/{rel}","templated":true}]}}