{"id":781593,"date":"2026-01-25T03:08:14","date_gmt":"2026-01-25T00:08:14","guid":{"rendered":"https:\/\/roveyayinevi.com.tr\/index.php\/urun\/liderlik-laboratuvari-21-yuzyilda-liderlik\/"},"modified":"2026-04-16T02:40:47","modified_gmt":"2026-04-15T23:40:47","slug":"liderlik-laboratuvari-21-yuzyilda-liderlik","status":"publish","type":"product","link":"https:\/\/roveyayinevi.com.tr\/index.php\/urun\/liderlik-laboratuvari-21-yuzyilda-liderlik\/","title":{"rendered":"Liderlik Laboratuvar\u0131 &#8211; 21. Y\u00fczy\u0131lda Liderlik"},"content":{"rendered":"<p>\u201cBu kitap se\u00e7ildikleri g\u00fcn politikac\u0131lara hediye edilerek, liderlik yapmak isteyen herkes taraf\u0131ndan bir kariyer rehberi olarak kullan\u0131lmal\u0131d\u0131r.\u201d Katie Perrior, Downing Street No: 10 Eski \u0130leti\u015fim M\u00fcd\u00fcr\u00fc, Times yazar\u0131, yay\u0131nc\u0131 ve Inhouse Communications Ba\u015fkan\u0131 \u201cBu kitap liderlik \u00fczerine yeniden d\u00fc\u015f\u00fcnmenizi sa\u011flayacak. Chris Lewis ve Pippa Malmgren hiyerar\u015fik, deneyime dayal\u0131, \u2018otorite g\u00f6sterisini\u2019 temel alan bir liderlik s\u00f6ylemi ve bak\u0131\u015f a\u00e7\u0131s\u0131na, gurur ok\u015fayan, deneyim payla\u015f\u0131m\u0131na dayal\u0131 ve \u2018sorumluluk g\u00f6sterisini\u2019 temel alan bir perspektifle meydan okuyorlar. Harika! Mutlaka okuyun.\u201d Sir George Zambellas, Eski Birinci Deniz Lordu ve Birle\u015fik Krall\u0131k Deniz Kuvvetleri Komutan\u0131, Teknoloji Dan\u0131\u015fman\u0131 Liderlik becerisi deyince akl\u0131m\u0131za gelen her \u015fey, son 25 y\u0131lda temelden de\u011fi\u015fti \u00e7\u00fcnk\u00fc 21. y\u00fczy\u0131lda, hepimiz gibi, liderler de bamba\u015fka bir d\u00fcnyadalar. Pek \u00e7ok \u00fcst d\u00fczey y\u00f6neticinin uykular\u0131n\u0131 ka\u00e7\u0131ran yeni bir d\u00fcnya d\u00fczeni ve yepyeni k\u00fcresel tart\u0131\u015fma ba\u015fl\u0131klar\u0131 var: Sars\u0131c\u0131 ekonomik hareketler, Brexit, enflasyon, politik iktidarlar, kripto paralar, yeni duvarlar, robotlar&#8230; G\u00fcn\u00fcm\u00fcz liderleri t\u00fcm bunlarla nas\u0131l ba\u015f edebilir? Chris Lewis ve Dr. Pippa Malmgren, Liderlik Laboratuvar\u0131\u2019nda, bu b\u00fcy\u00fck de\u011fi\u015fim \u00e7ark\u0131na nas\u0131l ayak uydurulabilece\u011fi konusunda yol g\u00f6steriyor, ip u\u00e7lar\u0131 veriyor, \u00f6rnekler \u00fczerinden sorular y\u00f6neltiyorlar. Sadece eski kurallar\u0131n neden art\u0131k i\u015flemeyece\u011fini a\u00e7\u0131klamakla kalm\u0131yor, ayn\u0131 zamanda yeni d\u00fcnya d\u00fczeninde yerle\u015fen yeni de\u011ferleri, bu yeni d\u00fczenin nas\u0131l bir liderlik bekledi\u011fini anlat\u0131yorlar. Liderlik Laboratuvar\u0131 liderlerden, \u201cyaln\u0131z i\u015flerini do\u011fru yapmalar\u0131n\u0131n de\u011fil, ayn\u0131 zamanda do\u011fru i\u015fler yapmalar\u0131n\u0131n beklendi\u011fi\u201d 21. y\u00fczy\u0131lda, g\u00fc\u00e7l\u00fc, istikrarl\u0131 ve sa\u011flam bir liderlik kurabilmenin s\u0131rlar\u0131n\u0131 payla\u015farak e\u015fsiz bir vizyon sunuyor. <\/p>\n","protected":false},"excerpt":{"rendered":"<p>\u201cBu kitap se\u00e7ildikleri g\u00fcn politikac\u0131lara hediye edilerek, liderlik yapmak isteyen herkes taraf\u0131ndan bir kariyer rehberi olarak kullan\u0131lmal\u0131d\u0131r.\u201d Katie Perrior, Downing Street No: 10 Eski \u0130leti\u015fim M\u00fcd\u00fcr\u00fc,<span class=\"excerpt-hellip\"> [\u2026]<\/span><\/p>\n","protected":false},"featured_media":0,"template":"","meta":{"_monsterinsights_skip_tracking":false,"_monsterinsights_sitenote_active":false,"_monsterinsights_sitenote_note":"","_monsterinsights_sitenote_category":0},"product_brand":[],"product_cat":[13043,17647],"product_tag":[],"class_list":{"0":"post-781593","1":"product","2":"type-product","3":"status-publish","5":"product_cat-ekonomi","6":"product_cat-is-dunyasi","7":"pa_cilt-ciltsiz","8":"pa_tur-kitap","9":"pa_yayinevi-is-bankasi-kultur-yayinlari","10":"pa_yazar-chris-lewis-pippa-malmgren","12":"first","13":"instock","14":"sale","15":"shipping-taxable","16":"purchasable","17":"product-type-simple"},"_links":{"self":[{"href":"https:\/\/roveyayinevi.com.tr\/index.php\/wp-json\/wp\/v2\/product\/781593","targetHints":{"allow":["GET"]}}],"collection":[{"href":"https:\/\/roveyayinevi.com.tr\/index.php\/wp-json\/wp\/v2\/product"}],"about":[{"href":"https:\/\/roveyayinevi.com.tr\/index.php\/wp-json\/wp\/v2\/types\/product"}],"wp:attachment":[{"href":"https:\/\/roveyayinevi.com.tr\/index.php\/wp-json\/wp\/v2\/media?parent=781593"}],"wp:term":[{"taxonomy":"product_brand","embeddable":true,"href":"https:\/\/roveyayinevi.com.tr\/index.php\/wp-json\/wp\/v2\/product_brand?post=781593"},{"taxonomy":"product_cat","embeddable":true,"href":"https:\/\/roveyayinevi.com.tr\/index.php\/wp-json\/wp\/v2\/product_cat?post=781593"},{"taxonomy":"product_tag","embeddable":true,"href":"https:\/\/roveyayinevi.com.tr\/index.php\/wp-json\/wp\/v2\/product_tag?post=781593"}],"curies":[{"name":"wp","href":"https:\/\/api.w.org\/{rel}","templated":true}]}}