{"id":781592,"date":"2026-01-25T03:07:46","date_gmt":"2026-01-25T00:07:46","guid":{"rendered":"https:\/\/roveyayinevi.com.tr\/index.php\/urun\/ates-cadisi\/"},"modified":"2026-02-03T02:57:09","modified_gmt":"2026-02-02T23:57:09","slug":"ates-cadisi","status":"publish","type":"product","link":"https:\/\/roveyayinevi.com.tr\/index.php\/urun\/ates-cadisi\/","title":{"rendered":"Ate\u015f Cad\u0131s\u0131"},"content":{"rendered":"<p>Hazel s\u0131radan bir k\u0131z de\u011fildi. O, ola\u011fan\u00fcst\u00fc g\u00fc\u00e7lerle do\u011fmu\u015f bir Ate\u015f Cad\u0131s\u0131\u2019yd\u0131. \u015eifac\u0131 annesi Hekate, Yer Alt\u0131\u2019ndan gelen bir yarat\u0131k taraf\u0131ndan ka\u00e7\u0131r\u0131l\u0131nca, Hazel annesini kurtarmak i\u00e7in di\u011fer cad\u0131lardan yard\u0131m istedi. Ancak i\u015fler hi\u00e7 de g\u00f6r\u00fcnd\u00fc\u011f\u00fc gibi de\u011fildi, cad\u0131lar aras\u0131nda kendi korkun\u00e7 planlar\u0131 i\u00e7in her \u015feyi g\u00f6ze alan gruplar vard\u0131 ve Hazel onlar\u0131n aras\u0131nda g\u00fcvende de\u011fildi. Ona yard\u0131m edebilecek tek ki\u015fi, profesyonel bir Cad\u0131 Bulucu\u2019ydu. <\/p>\n","protected":false},"excerpt":{"rendered":"<p>Hazel s\u0131radan bir k\u0131z de\u011fildi. O, ola\u011fan\u00fcst\u00fc g\u00fc\u00e7lerle do\u011fmu\u015f bir Ate\u015f Cad\u0131s\u0131\u2019yd\u0131. \u015eifac\u0131 annesi Hekate, Yer Alt\u0131\u2019ndan gelen bir yarat\u0131k taraf\u0131ndan ka\u00e7\u0131r\u0131l\u0131nca, Hazel annesini kurtarmak i\u00e7in<span class=\"excerpt-hellip\"> [\u2026]<\/span><\/p>\n","protected":false},"featured_media":0,"template":"","meta":{"_monsterinsights_skip_tracking":false,"_monsterinsights_sitenote_active":false,"_monsterinsights_sitenote_note":"","_monsterinsights_sitenote_category":0},"product_brand":[],"product_cat":[12275,12274],"product_tag":[],"class_list":{"0":"post-781592","1":"product","2":"type-product","3":"status-publish","5":"product_cat-6-12-yas-kitaplari","6":"product_cat-cocuk-ve-genclik-kitaplari","7":"pa_cilt-ciltsiz","8":"pa_tur-kitap","9":"pa_yayinevi-is-bankasi-kultur-yayinlari","10":"pa_yazar-matt-ralphs","12":"first","13":"instock","14":"sale","15":"shipping-taxable","16":"purchasable","17":"product-type-simple"},"_links":{"self":[{"href":"https:\/\/roveyayinevi.com.tr\/index.php\/wp-json\/wp\/v2\/product\/781592","targetHints":{"allow":["GET"]}}],"collection":[{"href":"https:\/\/roveyayinevi.com.tr\/index.php\/wp-json\/wp\/v2\/product"}],"about":[{"href":"https:\/\/roveyayinevi.com.tr\/index.php\/wp-json\/wp\/v2\/types\/product"}],"wp:attachment":[{"href":"https:\/\/roveyayinevi.com.tr\/index.php\/wp-json\/wp\/v2\/media?parent=781592"}],"wp:term":[{"taxonomy":"product_brand","embeddable":true,"href":"https:\/\/roveyayinevi.com.tr\/index.php\/wp-json\/wp\/v2\/product_brand?post=781592"},{"taxonomy":"product_cat","embeddable":true,"href":"https:\/\/roveyayinevi.com.tr\/index.php\/wp-json\/wp\/v2\/product_cat?post=781592"},{"taxonomy":"product_tag","embeddable":true,"href":"https:\/\/roveyayinevi.com.tr\/index.php\/wp-json\/wp\/v2\/product_tag?post=781592"}],"curies":[{"name":"wp","href":"https:\/\/api.w.org\/{rel}","templated":true}]}}