{"id":781589,"date":"2026-01-25T03:02:42","date_gmt":"2026-01-25T00:02:42","guid":{"rendered":"https:\/\/roveyayinevi.com.tr\/index.php\/urun\/simdi-sehir-icin-kalp-zamani\/"},"modified":"2026-02-03T02:53:01","modified_gmt":"2026-02-02T23:53:01","slug":"simdi-sehir-icin-kalp-zamani","status":"publish","type":"product","link":"https:\/\/roveyayinevi.com.tr\/index.php\/urun\/simdi-sehir-icin-kalp-zamani\/","title":{"rendered":"\u015eimdi \u015eehir \u0130\u00e7in  Kalp Zaman\u0131"},"content":{"rendered":"<p>\u201c\u0130nsan\u0131n iyili\u011fe inanmad\u0131\u011f\u0131, k\u00f6t\u00fcl\u00fc\u011f\u00fcn kol gezdi\u011fi bir \u00e7a\u011fda saatlerimizi inad\u0131na kalbin zaman\u0131na ayarlayal\u0131m.\u201d Kemal Sayar \u015fehir insan\u0131n\u0131n g\u00f6n\u00fcl yorgunluklar\u0131n\u0131, ruhlar\u0131n gizli yaralar\u0131n\u0131 ila\u00e7lardan \u00f6nce kelimelerin sa\u011faltaca\u011f\u0131na inanan, yeri geldi\u011finde \u201cre\u00e7eteye \u015fiir yazan\u201d bir psikiyatrist. Her kitab\u0131nda, her s\u00f6yle\u015fisinde bize daima \u201ckalbin zaman\u0131n\u0131\u201d hat\u0131rlat\u0131yor. Hele de \u015fimdi, d\u00fcnyan\u0131n g\u00f6r\u00fclmemi\u015f bir \u201cfelaket\u201d ya\u015fad\u0131\u011f\u0131 \u015fu d\u00f6nemde hissetti\u011fimiz yaln\u0131zla\u015fma ve endi\u015fe \u00fczerine s\u00f6yleyecek \u00e7ok s\u00f6z\u00fc var.S\u00f6yle\u015filerden derlenmi\u015f, g\u00fcncellenerek zenginle\u015ftirilmi\u015f bu kitap,  zihninizde r\u00fc\u015feym halinde bekleyen pek \u00e7ok yeni d\u00fc\u015f\u00fcnceyi harekete ge\u00e7irecek. <\/p>\n","protected":false},"excerpt":{"rendered":"<p>\u201c\u0130nsan\u0131n iyili\u011fe inanmad\u0131\u011f\u0131, k\u00f6t\u00fcl\u00fc\u011f\u00fcn kol gezdi\u011fi bir \u00e7a\u011fda saatlerimizi inad\u0131na kalbin zaman\u0131na ayarlayal\u0131m.\u201d Kemal Sayar \u015fehir insan\u0131n\u0131n g\u00f6n\u00fcl yorgunluklar\u0131n\u0131, ruhlar\u0131n gizli yaralar\u0131n\u0131 ila\u00e7lardan \u00f6nce kelimelerin sa\u011faltaca\u011f\u0131na<span class=\"excerpt-hellip\"> [\u2026]<\/span><\/p>\n","protected":false},"featured_media":0,"template":"","meta":{"_monsterinsights_skip_tracking":false,"_monsterinsights_sitenote_active":false,"_monsterinsights_sitenote_note":"","_monsterinsights_sitenote_category":0},"product_brand":[],"product_cat":[12358,12357],"product_tag":[],"class_list":{"0":"post-781589","1":"product","2":"type-product","3":"status-publish","5":"product_cat-genel-psikoloji","6":"product_cat-psikoloji","7":"pa_cilt-ciltsiz","8":"pa_tur-kitap","9":"pa_yayinevi-kapi-yayinlari","10":"pa_yazar-kemal-sayar","12":"first","13":"instock","14":"sale","15":"shipping-taxable","16":"purchasable","17":"product-type-simple"},"_links":{"self":[{"href":"https:\/\/roveyayinevi.com.tr\/index.php\/wp-json\/wp\/v2\/product\/781589","targetHints":{"allow":["GET"]}}],"collection":[{"href":"https:\/\/roveyayinevi.com.tr\/index.php\/wp-json\/wp\/v2\/product"}],"about":[{"href":"https:\/\/roveyayinevi.com.tr\/index.php\/wp-json\/wp\/v2\/types\/product"}],"wp:attachment":[{"href":"https:\/\/roveyayinevi.com.tr\/index.php\/wp-json\/wp\/v2\/media?parent=781589"}],"wp:term":[{"taxonomy":"product_brand","embeddable":true,"href":"https:\/\/roveyayinevi.com.tr\/index.php\/wp-json\/wp\/v2\/product_brand?post=781589"},{"taxonomy":"product_cat","embeddable":true,"href":"https:\/\/roveyayinevi.com.tr\/index.php\/wp-json\/wp\/v2\/product_cat?post=781589"},{"taxonomy":"product_tag","embeddable":true,"href":"https:\/\/roveyayinevi.com.tr\/index.php\/wp-json\/wp\/v2\/product_tag?post=781589"}],"curies":[{"name":"wp","href":"https:\/\/api.w.org\/{rel}","templated":true}]}}