{"id":781588,"date":"2026-01-25T03:01:49","date_gmt":"2026-01-25T00:01:49","guid":{"rendered":"https:\/\/roveyayinevi.com.tr\/index.php\/urun\/firtina-kosucusu-2-ates-bekcisi\/"},"modified":"2026-04-16T02:36:42","modified_gmt":"2026-04-15T23:36:42","slug":"firtina-kosucusu-2-ates-bekcisi","status":"publish","type":"product","link":"https:\/\/roveyayinevi.com.tr\/index.php\/urun\/firtina-kosucusu-2-ates-bekcisi\/","title":{"rendered":"F\u0131rt\u0131na Ko\u015fucusu 2 Ate\u015f Bek\u00e7isi"},"content":{"rendered":"<p>Zane Obispo\u2019nun F\u0131rt\u0131na Ko\u015fucu kitab\u0131nda anlatmaya ba\u015flad\u0131\u011f\u0131 hik\u00e2yesi Ate\u015f Bek\u00e7isi ile devam ediyor! F\u0131rt\u0131na Ko\u015fucu\u2019da, babas\u0131n\u0131n en g\u00fc\u00e7l\u00fc Maya tanr\u0131lar\u0131ndan biri oldu\u011funu \u00f6\u011frenmesiyle hayat\u0131n\u0131n nas\u0131l alt\u00fcst oldu\u011funu ve Maya tanr\u0131lar\u0131yla girdi\u011fi amans\u0131z sava\u015f\u0131 anlatan Zane, bu kitapta Ate\u015f Kehaneti\u2019nin hen\u00fcz bitmedi\u011fini \u00f6\u011freniyor. Kehanetin bu a\u015famas\u0131nda Zane\u2019in tanr\u0131dan olma \u00f6teki \u00e7ocuklar\u0131 kurtarmas\u0131 (evet, ba\u015fkalar\u0131 da var), babas\u0131n\u0131n idam\u0131n\u0131 durdurmas\u0131 (evet, ulu Hurakan\u2019\u0131n) ve t\u00fcm Maya tanr\u0131lar\u0131n\u0131n pa\u00e7alar\u0131n\u0131 kurtarmas\u0131 (evet, ba\u015flar\u0131 b\u00fcy\u00fck belada) gerekecek. Bu zor g\u00f6revde hi\u00e7 ummad\u0131\u011f\u0131 biri ona yard\u0131m edecek: Ah-Puch! (Evet, \u00d6l\u00fcm, Karanl\u0131k ve Y\u0131k\u0131m Tanr\u0131s\u0131; hani ilk kitapta Zane\u2019i \u00f6ld\u00fcrmeye \u00e7al\u0131\u015fan\u2026) Ah tabii, bir de Brooks var ama o konuyu kitaptan bir b\u00f6l\u00fcmle anlatal\u0131m: \u201cOysa ben kitab\u0131&#8230;\u201d Ren duraksad\u0131. \u201cHeyecanl\u0131, biraz da \u00fcrk\u00fct\u00fcc\u00fc bulmu\u015ftum. Yer yer de i\u011fren\u00e7&#8230; Fakat \u00e7o\u011fu zaman da \u015firindi.\u201d \u201c\u015eirin mi?\u201d Brooks k\u00fc\u00e7\u00fck bir kahkaha att\u0131. \u201cZane, ben \u015firin k\u0131s\u0131mlar\u0131 hi\u00e7 hat\u0131rlayamad\u0131m. O \u00f6yk\u00fcde daha \u00e7ok iblisler, kan, k\u0131llar ve i\u00e7 organlar olmas\u0131 gerekiyordu.\u201d Kesinlikle do\u011fruydu bu. Fakat teknede omzuma ba\u015f\u0131n\u0131 yaslay\u0131p uyudu\u011fu geceyi cidden unutmu\u015f muydu? K\u0131sacas\u0131 Zane\u2019in bu ikinci kitab\u0131nda sizi yine unutulmaz bir macera bekliyor! <\/p>\n","protected":false},"excerpt":{"rendered":"<p>Zane Obispo\u2019nun F\u0131rt\u0131na Ko\u015fucu kitab\u0131nda anlatmaya ba\u015flad\u0131\u011f\u0131 hik\u00e2yesi Ate\u015f Bek\u00e7isi ile devam ediyor! F\u0131rt\u0131na Ko\u015fucu\u2019da, babas\u0131n\u0131n en g\u00fc\u00e7l\u00fc Maya tanr\u0131lar\u0131ndan biri oldu\u011funu \u00f6\u011frenmesiyle hayat\u0131n\u0131n nas\u0131l alt\u00fcst<span class=\"excerpt-hellip\"> [\u2026]<\/span><\/p>\n","protected":false},"featured_media":0,"template":"","meta":{"_monsterinsights_skip_tracking":false,"_monsterinsights_sitenote_active":false,"_monsterinsights_sitenote_note":"","_monsterinsights_sitenote_category":0},"product_brand":[],"product_cat":[12274,12284],"product_tag":[],"class_list":{"0":"post-781588","1":"product","2":"type-product","3":"status-publish","5":"product_cat-cocuk-ve-genclik-kitaplari","6":"product_cat-hikayeler","7":"pa_cilt-ciltsiz","8":"pa_tur-kitap","9":"pa_yayinevi-dogan-egmont-yayincilik","10":"pa_yazar-j-c-cervantes","12":"first","13":"instock","14":"sale","15":"shipping-taxable","16":"purchasable","17":"product-type-simple"},"_links":{"self":[{"href":"https:\/\/roveyayinevi.com.tr\/index.php\/wp-json\/wp\/v2\/product\/781588","targetHints":{"allow":["GET"]}}],"collection":[{"href":"https:\/\/roveyayinevi.com.tr\/index.php\/wp-json\/wp\/v2\/product"}],"about":[{"href":"https:\/\/roveyayinevi.com.tr\/index.php\/wp-json\/wp\/v2\/types\/product"}],"wp:attachment":[{"href":"https:\/\/roveyayinevi.com.tr\/index.php\/wp-json\/wp\/v2\/media?parent=781588"}],"wp:term":[{"taxonomy":"product_brand","embeddable":true,"href":"https:\/\/roveyayinevi.com.tr\/index.php\/wp-json\/wp\/v2\/product_brand?post=781588"},{"taxonomy":"product_cat","embeddable":true,"href":"https:\/\/roveyayinevi.com.tr\/index.php\/wp-json\/wp\/v2\/product_cat?post=781588"},{"taxonomy":"product_tag","embeddable":true,"href":"https:\/\/roveyayinevi.com.tr\/index.php\/wp-json\/wp\/v2\/product_tag?post=781588"}],"curies":[{"name":"wp","href":"https:\/\/api.w.org\/{rel}","templated":true}]}}