{"id":781587,"date":"2026-01-25T03:01:43","date_gmt":"2026-01-25T00:01:43","guid":{"rendered":"https:\/\/roveyayinevi.com.tr\/index.php\/urun\/siirli-gunler-ve-haftalar\/"},"modified":"2026-04-16T02:36:38","modified_gmt":"2026-04-15T23:36:38","slug":"siirli-gunler-ve-haftalar","status":"publish","type":"product","link":"https:\/\/roveyayinevi.com.tr\/index.php\/urun\/siirli-gunler-ve-haftalar\/","title":{"rendered":"\u015eiirli G\u00fcnler ve Haftalar"},"content":{"rendered":"<p>\u015eiirli G\u00fcnler ve Haftalar\u2019da G\u00fcven \u00c7evik, yirmi y\u0131l\u0131 a\u015fan \u00f6\u011fretmenlik deneyiminin tan\u0131kl\u0131\u011f\u0131yla ama hep \u00e7ocuk g\u00f6z\u00fcyle yazm\u0131\u015f \u015fiirlerini, yani hayat\u0131\u2026 Kelebe\u011fe bak\u0131p g\u00f6kku\u015fa\u011f\u0131n\u0131 g\u00f6rm\u00fc\u015f, g\u00f6ky\u00fcz\u00fcn\u00fcn mavisinden yola \u00e7\u0131k\u0131p ormanlara, gelincik tarlalar\u0131na uzanm\u0131\u015f. Bazen bir g\u00fcvercin kanad\u0131yla anlatm\u0131\u015f hayat\u0131 bazen zeytin dal\u0131yla, ama her zaman cumhuriyet ve Atat\u00fcrk a\u015fk\u0131yla\u2026 Nice \u015fiirli g\u00fcnlere, y\u0131llara\u2026 <\/p>\n","protected":false},"excerpt":{"rendered":"<p>\u015eiirli G\u00fcnler ve Haftalar\u2019da G\u00fcven \u00c7evik, yirmi y\u0131l\u0131 a\u015fan \u00f6\u011fretmenlik deneyiminin tan\u0131kl\u0131\u011f\u0131yla ama hep \u00e7ocuk g\u00f6z\u00fcyle yazm\u0131\u015f \u015fiirlerini, yani hayat\u0131\u2026 Kelebe\u011fe bak\u0131p g\u00f6kku\u015fa\u011f\u0131n\u0131 g\u00f6rm\u00fc\u015f, g\u00f6ky\u00fcz\u00fcn\u00fcn mavisinden<span class=\"excerpt-hellip\"> [\u2026]<\/span><\/p>\n","protected":false},"featured_media":0,"template":"","meta":{"_monsterinsights_skip_tracking":false,"_monsterinsights_sitenote_active":false,"_monsterinsights_sitenote_note":"","_monsterinsights_sitenote_category":0},"product_brand":[],"product_cat":[12275,12274],"product_tag":[],"class_list":{"0":"post-781587","1":"product","2":"type-product","3":"status-publish","5":"product_cat-6-12-yas-kitaplari","6":"product_cat-cocuk-ve-genclik-kitaplari","7":"pa_cilt-ciltsiz","8":"pa_tur-kitap","9":"pa_yayinevi-altin-kitaplar-boyama-ve-cocuk-kitaplari","10":"pa_yazar-guven-cevik","12":"first","13":"instock","14":"sale","15":"shipping-taxable","16":"purchasable","17":"product-type-simple"},"_links":{"self":[{"href":"https:\/\/roveyayinevi.com.tr\/index.php\/wp-json\/wp\/v2\/product\/781587","targetHints":{"allow":["GET"]}}],"collection":[{"href":"https:\/\/roveyayinevi.com.tr\/index.php\/wp-json\/wp\/v2\/product"}],"about":[{"href":"https:\/\/roveyayinevi.com.tr\/index.php\/wp-json\/wp\/v2\/types\/product"}],"wp:attachment":[{"href":"https:\/\/roveyayinevi.com.tr\/index.php\/wp-json\/wp\/v2\/media?parent=781587"}],"wp:term":[{"taxonomy":"product_brand","embeddable":true,"href":"https:\/\/roveyayinevi.com.tr\/index.php\/wp-json\/wp\/v2\/product_brand?post=781587"},{"taxonomy":"product_cat","embeddable":true,"href":"https:\/\/roveyayinevi.com.tr\/index.php\/wp-json\/wp\/v2\/product_cat?post=781587"},{"taxonomy":"product_tag","embeddable":true,"href":"https:\/\/roveyayinevi.com.tr\/index.php\/wp-json\/wp\/v2\/product_tag?post=781587"}],"curies":[{"name":"wp","href":"https:\/\/api.w.org\/{rel}","templated":true}]}}