{"id":781583,"date":"2026-01-25T02:55:47","date_gmt":"2026-01-24T23:55:47","guid":{"rendered":"https:\/\/roveyayinevi.com.tr\/index.php\/urun\/astroterapi\/"},"modified":"2026-03-23T02:39:49","modified_gmt":"2026-03-22T23:39:49","slug":"astroterapi","status":"publish","type":"product","link":"https:\/\/roveyayinevi.com.tr\/index.php\/urun\/astroterapi\/","title":{"rendered":"Astroterapi"},"content":{"rendered":"<p>Astrolojinin insan psikolojisine ku\u015fkusuz g\u00fc\u00e7l\u00fc yans\u0131malar\u0131 vard\u0131r. G\u00f6ky\u00fcz\u00fcnden yans\u0131yan etki, kadere d\u00f6n\u00fc\u015fme potansiyeline sahip g\u00fc\u00e7l\u00fc bir etkidir ki;  bu y\u00fczden oluruna terk edilemez.Astrolojinin etkilerine maruz kalmak yerine bu etkilerle i\u015fbirli\u011fi kurmak, sizce de yerinde bir tercih say\u0131lmaz m\u0131?O halde duygular\u0131n rehberli\u011fiyle  psikolojisinin dinamiklerine sad\u0131k kalarak yepyeni bir kader haritas\u0131 olu\u015fturmaya ne dersiniz?Ya\u015fam\u0131n\u0131z boyunca duygular\u0131n\u0131z en de\u011ferli rehberiniz olacakt\u0131r. Dolay\u0131s\u0131yla duygular\u0131 yak\u0131ndan tan\u0131mak \u00e7ok de\u011ferlidir. Ki\u015fi duygusal olmak yerine duygulu olmay\u0131 \u00f6\u011frenmelidir.Hat\u0131rlay\u0131n ki: \u201cDuygular\u0131n\u0131 y\u00f6neten hayat\u0131 da y\u00f6netir.\u201dAstrolog Nuray Sayar\u0131, Uzman Psikolog Cevher S\u00f6nmez  ve E\u011fitim Bilimci\/Ara\u015ft\u0131rmac\u0131-Yazar Kunter Kurt\u2019un birlikte kaleme ald\u0131\u011f\u0131 ASTROTERAP\u0130 psikoloji alan\u0131nda y\u0131ld\u0131zlarla i\u015fbirli\u011fi kurmak yolunda at\u0131lm\u0131\u015f devrim niteli\u011finde bir ad\u0131md\u0131r<\/p>\n","protected":false},"excerpt":{"rendered":"<p>Astrolojinin insan psikolojisine ku\u015fkusuz g\u00fc\u00e7l\u00fc yans\u0131malar\u0131 vard\u0131r. G\u00f6ky\u00fcz\u00fcnden yans\u0131yan etki, kadere d\u00f6n\u00fc\u015fme potansiyeline sahip g\u00fc\u00e7l\u00fc bir etkidir ki; bu y\u00fczden oluruna terk edilemez.Astrolojinin etkilerine maruz kalmak<span class=\"excerpt-hellip\"> [\u2026]<\/span><\/p>\n","protected":false},"featured_media":0,"template":"","meta":{"_monsterinsights_skip_tracking":false,"_monsterinsights_sitenote_active":false,"_monsterinsights_sitenote_note":"","_monsterinsights_sitenote_category":0},"product_brand":[],"product_cat":[12364,12376],"product_tag":[],"class_list":{"0":"post-781583","1":"product","2":"type-product","3":"status-publish","5":"product_cat-genel-konular","6":"product_cat-kisisel-gelisim","7":"pa_cilt-ciltsiz","8":"pa_tur-kitap","9":"pa_yayinevi-destek-yayinlari","10":"pa_yazar-kolektif","12":"first","13":"instock","14":"sale","15":"shipping-taxable","16":"purchasable","17":"product-type-simple"},"_links":{"self":[{"href":"https:\/\/roveyayinevi.com.tr\/index.php\/wp-json\/wp\/v2\/product\/781583","targetHints":{"allow":["GET"]}}],"collection":[{"href":"https:\/\/roveyayinevi.com.tr\/index.php\/wp-json\/wp\/v2\/product"}],"about":[{"href":"https:\/\/roveyayinevi.com.tr\/index.php\/wp-json\/wp\/v2\/types\/product"}],"wp:attachment":[{"href":"https:\/\/roveyayinevi.com.tr\/index.php\/wp-json\/wp\/v2\/media?parent=781583"}],"wp:term":[{"taxonomy":"product_brand","embeddable":true,"href":"https:\/\/roveyayinevi.com.tr\/index.php\/wp-json\/wp\/v2\/product_brand?post=781583"},{"taxonomy":"product_cat","embeddable":true,"href":"https:\/\/roveyayinevi.com.tr\/index.php\/wp-json\/wp\/v2\/product_cat?post=781583"},{"taxonomy":"product_tag","embeddable":true,"href":"https:\/\/roveyayinevi.com.tr\/index.php\/wp-json\/wp\/v2\/product_tag?post=781583"}],"curies":[{"name":"wp","href":"https:\/\/api.w.org\/{rel}","templated":true}]}}