{"id":781582,"date":"2026-01-25T02:54:47","date_gmt":"2026-01-24T23:54:47","guid":{"rendered":"https:\/\/roveyayinevi.com.tr\/index.php\/urun\/hayvanlardan-cocuklara-mektuplar-2\/"},"modified":"2026-04-16T02:32:26","modified_gmt":"2026-04-15T23:32:26","slug":"hayvanlardan-cocuklara-mektuplar-2","status":"publish","type":"product","link":"https:\/\/roveyayinevi.com.tr\/index.php\/urun\/hayvanlardan-cocuklara-mektuplar-2\/","title":{"rendered":"Hayvanlardan \u00c7ocuklara Mektuplar"},"content":{"rendered":"<p>Ku\u015flar neden g\u00f6\u00e7 eder, merak ediyor musun? Bir maymun yan\u0131na gelse, \u201cNe haber \u00e7ocuk? Suyu bo\u015fa harcama sak\u0131n!\u201d dese ne yapard\u0131n? Peki, yunus bal\u0131klar\u0131n\u0131n k\u00fc\u00e7\u00fcc\u00fck havuzlarda \u00e7ok mutsuz olduklar\u0131n\u0131 biliyor muydun?Mektuplar devam ediyor \u00e7ocuklar! Hayvan dostlar\u0131m\u0131z mektuplar\u0131nda kendilerini anlatmaya, sevgilerini ve dostluklar\u0131n\u0131 bizlerle payla\u015fmaya devam ediyorlar. Siz de var m\u0131s\u0131n\u0131z d\u00fcnyay\u0131, sevgiyi, dostlu\u011fu payla\u015fmaya?<\/p>\n","protected":false},"excerpt":{"rendered":"<p>Ku\u015flar neden g\u00f6\u00e7 eder, merak ediyor musun? Bir maymun yan\u0131na gelse, \u201cNe haber \u00e7ocuk? Suyu bo\u015fa harcama sak\u0131n!\u201d dese ne yapard\u0131n? Peki, yunus bal\u0131klar\u0131n\u0131n k\u00fc\u00e7\u00fcc\u00fck havuzlarda<span class=\"excerpt-hellip\"> [\u2026]<\/span><\/p>\n","protected":false},"featured_media":0,"template":"","meta":{"_monsterinsights_skip_tracking":false,"_monsterinsights_sitenote_active":false,"_monsterinsights_sitenote_note":"","_monsterinsights_sitenote_category":0},"product_brand":[],"product_cat":[12275,12274],"product_tag":[],"class_list":{"0":"post-781582","1":"product","2":"type-product","3":"status-publish","5":"product_cat-6-12-yas-kitaplari","6":"product_cat-cocuk-ve-genclik-kitaplari","7":"pa_cilt-ciltsiz","8":"pa_tur-kitap","9":"pa_yayinevi-altin-kitaplar","10":"pa_yazar-ciler-celikler","12":"first","13":"instock","14":"sale","15":"shipping-taxable","16":"purchasable","17":"product-type-simple"},"_links":{"self":[{"href":"https:\/\/roveyayinevi.com.tr\/index.php\/wp-json\/wp\/v2\/product\/781582","targetHints":{"allow":["GET"]}}],"collection":[{"href":"https:\/\/roveyayinevi.com.tr\/index.php\/wp-json\/wp\/v2\/product"}],"about":[{"href":"https:\/\/roveyayinevi.com.tr\/index.php\/wp-json\/wp\/v2\/types\/product"}],"wp:attachment":[{"href":"https:\/\/roveyayinevi.com.tr\/index.php\/wp-json\/wp\/v2\/media?parent=781582"}],"wp:term":[{"taxonomy":"product_brand","embeddable":true,"href":"https:\/\/roveyayinevi.com.tr\/index.php\/wp-json\/wp\/v2\/product_brand?post=781582"},{"taxonomy":"product_cat","embeddable":true,"href":"https:\/\/roveyayinevi.com.tr\/index.php\/wp-json\/wp\/v2\/product_cat?post=781582"},{"taxonomy":"product_tag","embeddable":true,"href":"https:\/\/roveyayinevi.com.tr\/index.php\/wp-json\/wp\/v2\/product_tag?post=781582"}],"curies":[{"name":"wp","href":"https:\/\/api.w.org\/{rel}","templated":true}]}}