{"id":781581,"date":"2026-01-25T02:49:42","date_gmt":"2026-01-24T23:49:42","guid":{"rendered":"https:\/\/roveyayinevi.com.tr\/index.php\/urun\/ag-sanal-dunyada-gercek-kalmak\/"},"modified":"2026-04-16T02:29:19","modified_gmt":"2026-04-15T23:29:19","slug":"ag-sanal-dunyada-gercek-kalmak","status":"publish","type":"product","link":"https:\/\/roveyayinevi.com.tr\/index.php\/urun\/ag-sanal-dunyada-gercek-kalmak\/","title":{"rendered":"A\u011f &#8211; Sanal D\u00fcnyada Ger\u00e7ek Kalmak"},"content":{"rendered":"<p>Bir g\u00f6n\u00fcll\u00fc k\u00f6lelik \u00e7a\u011f\u0131nda ya\u015f\u0131yoruz. Her birimiz a\u011f vatanda\u015f\u0131y\u0131z art\u0131k. A\u011fa bir kez yakalanmayag\u00f6r\u00fcn, onun ger\u00e7ekli\u011fi sizin ger\u00e7ekli\u011finiz oluverir. B\u00f6ylece sanal \u00e2lem ger\u00e7ek hayatlar\u0131m\u0131za sirayet eder ve bizi -m\u0131\u015f gibi yapan oyunculara d\u00f6n\u00fc\u015ft\u00fcr\u00fcr. Herkesin \u00f6n\u00fcndeki ekrana bakt\u0131\u011f\u0131 bir \u00e7a\u011fda kimse di\u011ferinin y\u00fcz\u00fcne bakm\u0131yor. Halbuki bizi insan k\u0131lan \u015feylerden biri; muhatab\u0131m\u0131z\u0131n y\u00fcz\u00fcnden, sesinden, duru\u015fundan onu okuyabilmektir. \u0130nsan olmak, halden bilmektir. Ruhun karanl\u0131k gecesini ekrandan s\u0131zan parlak \u0131\u015f\u0131kla ayd\u0131nlatamay\u0131z. Bir g\u00fcl\u00fc\u015f, latif bir s\u00f6z, sessizce yan yana duru\u015fla ayd\u0131nlan\u0131r o gece. A\u011f: Sanal D\u00fcnyada Ger\u00e7ek Kalmak, ya\u015fanm\u0131\u015f \u00f6rnekler \u00fczerinden g\u00fcn\u00fcm\u00fcz\u00fcn bu yeni salg\u0131n\u0131n\u0131 te\u015frih masas\u0131na yat\u0131rmakla kalmay\u0131p, dijital g\u00f6bek ba\u011f\u0131m\u0131z\u0131 nas\u0131l kesece\u011fimizi, kendimizi fi\u015ften nas\u0131l \u00e7ekebilece\u011fimizi tart\u0131\u015f\u0131yor. \u0130nsan\u0131 insan yapan \u00f6ze sad\u0131k kalmak ve dijital prangalardan kurtulmak i\u00e7in k\u0131lavuz bir kitap. <\/p>\n","protected":false},"excerpt":{"rendered":"<p>Bir g\u00f6n\u00fcll\u00fc k\u00f6lelik \u00e7a\u011f\u0131nda ya\u015f\u0131yoruz. Her birimiz a\u011f vatanda\u015f\u0131y\u0131z art\u0131k. A\u011fa bir kez yakalanmayag\u00f6r\u00fcn, onun ger\u00e7ekli\u011fi sizin ger\u00e7ekli\u011finiz oluverir. B\u00f6ylece sanal \u00e2lem ger\u00e7ek hayatlar\u0131m\u0131za sirayet eder<span class=\"excerpt-hellip\"> [\u2026]<\/span><\/p>\n","protected":false},"featured_media":0,"template":"","meta":{"_monsterinsights_skip_tracking":false,"_monsterinsights_sitenote_active":false,"_monsterinsights_sitenote_note":"","_monsterinsights_sitenote_category":0},"product_brand":[],"product_cat":[25175,12357],"product_tag":[],"class_list":{"0":"post-781581","1":"product","2":"type-product","3":"status-publish","5":"product_cat-egitim-psikolojisi","6":"product_cat-psikoloji","7":"pa_cilt-ciltsiz","8":"pa_tur-kitap","9":"pa_yayinevi-kapi-yayinlari","10":"pa_yazar-kemal-sayar-berna-yalaz","12":"first","13":"instock","14":"sale","15":"shipping-taxable","16":"purchasable","17":"product-type-simple"},"_links":{"self":[{"href":"https:\/\/roveyayinevi.com.tr\/index.php\/wp-json\/wp\/v2\/product\/781581","targetHints":{"allow":["GET"]}}],"collection":[{"href":"https:\/\/roveyayinevi.com.tr\/index.php\/wp-json\/wp\/v2\/product"}],"about":[{"href":"https:\/\/roveyayinevi.com.tr\/index.php\/wp-json\/wp\/v2\/types\/product"}],"wp:attachment":[{"href":"https:\/\/roveyayinevi.com.tr\/index.php\/wp-json\/wp\/v2\/media?parent=781581"}],"wp:term":[{"taxonomy":"product_brand","embeddable":true,"href":"https:\/\/roveyayinevi.com.tr\/index.php\/wp-json\/wp\/v2\/product_brand?post=781581"},{"taxonomy":"product_cat","embeddable":true,"href":"https:\/\/roveyayinevi.com.tr\/index.php\/wp-json\/wp\/v2\/product_cat?post=781581"},{"taxonomy":"product_tag","embeddable":true,"href":"https:\/\/roveyayinevi.com.tr\/index.php\/wp-json\/wp\/v2\/product_tag?post=781581"}],"curies":[{"name":"wp","href":"https:\/\/api.w.org\/{rel}","templated":true}]}}