{"id":781580,"date":"2026-01-25T02:47:16","date_gmt":"2026-01-24T23:47:16","guid":{"rendered":"https:\/\/roveyayinevi.com.tr\/index.php\/urun\/hayatin-anlami-var-mi\/"},"modified":"2026-04-16T02:27:53","modified_gmt":"2026-04-15T23:27:53","slug":"hayatin-anlami-var-mi","status":"publish","type":"product","link":"https:\/\/roveyayinevi.com.tr\/index.php\/urun\/hayatin-anlami-var-mi\/","title":{"rendered":"Hayat\u0131n Anlam\u0131 Var m\u0131?"},"content":{"rendered":"<p>Hemen her eserinde insan ruhunun derinlerine \u0131\u015f\u0131k tutan Erol G\u00f6ka, elinizdeki kitapta tek bir soruya y\u00f6neliyor: Hayat\u0131n anlam\u0131 var m\u0131? Bu sorunun pe\u015finden giderken asl\u0131nda okuyucuyu da usulca hayat\u0131n nas\u0131l anlaml\u0131 olaca\u011f\u0131n\u0131n g\u00fczerg\u00e2hlar\u0131ndan g\u00f6t\u00fcr\u00fcyor. Her \u015fey d\u0131\u015far\u0131dan g\u00f6r\u00fcnd\u00fc\u011f\u00fc gibi, konu\u015fuldu\u011fu gibi olsayd\u0131, kolay olurdu ama \u00f6yle de\u011fil\u2026 Upuzun bir \u00e7ocukluk d\u00f6nemi, olduk\u00e7a \u00e7etrefil bir arzu d\u00fcnyas\u0131, hayalleri, r\u00fcyalar\u0131, idealleri\u2026 \u0130nsan ya\u015fam\u0131n\u0131 anlamak hayat\u0131n en zor bilmecesi\u2026 De\u011fil mi ki, neden ya\u015fad\u0131\u011f\u0131m\u0131z\u0131n bilgisine varmakt\u0131r hayat\u0131n anlam\u0131. <\/p>\n","protected":false},"excerpt":{"rendered":"<p>Hemen her eserinde insan ruhunun derinlerine \u0131\u015f\u0131k tutan Erol G\u00f6ka, elinizdeki kitapta tek bir soruya y\u00f6neliyor: Hayat\u0131n anlam\u0131 var m\u0131? Bu sorunun pe\u015finden giderken asl\u0131nda okuyucuyu<span class=\"excerpt-hellip\"> [\u2026]<\/span><\/p>\n","protected":false},"featured_media":0,"template":"","meta":{"_monsterinsights_skip_tracking":false,"_monsterinsights_sitenote_active":false,"_monsterinsights_sitenote_note":"","_monsterinsights_sitenote_category":0},"product_brand":[],"product_cat":[12291,12711],"product_tag":[],"class_list":{"0":"post-781580","1":"product","2":"type-product","3":"status-publish","5":"product_cat-edebiyat","6":"product_cat-roman-oyku","7":"pa_cilt-ciltsiz","8":"pa_tur-kitap","9":"pa_yayinevi-kapi-yayinlari","10":"pa_yazar-erol-goka","12":"first","13":"instock","14":"sale","15":"shipping-taxable","16":"purchasable","17":"product-type-simple"},"_links":{"self":[{"href":"https:\/\/roveyayinevi.com.tr\/index.php\/wp-json\/wp\/v2\/product\/781580","targetHints":{"allow":["GET"]}}],"collection":[{"href":"https:\/\/roveyayinevi.com.tr\/index.php\/wp-json\/wp\/v2\/product"}],"about":[{"href":"https:\/\/roveyayinevi.com.tr\/index.php\/wp-json\/wp\/v2\/types\/product"}],"wp:attachment":[{"href":"https:\/\/roveyayinevi.com.tr\/index.php\/wp-json\/wp\/v2\/media?parent=781580"}],"wp:term":[{"taxonomy":"product_brand","embeddable":true,"href":"https:\/\/roveyayinevi.com.tr\/index.php\/wp-json\/wp\/v2\/product_brand?post=781580"},{"taxonomy":"product_cat","embeddable":true,"href":"https:\/\/roveyayinevi.com.tr\/index.php\/wp-json\/wp\/v2\/product_cat?post=781580"},{"taxonomy":"product_tag","embeddable":true,"href":"https:\/\/roveyayinevi.com.tr\/index.php\/wp-json\/wp\/v2\/product_tag?post=781580"}],"curies":[{"name":"wp","href":"https:\/\/api.w.org\/{rel}","templated":true}]}}