{"id":781576,"date":"2026-01-25T02:34:46","date_gmt":"2026-01-24T23:34:46","guid":{"rendered":"https:\/\/roveyayinevi.com.tr\/index.php\/urun\/ruhun-labirentleri\/"},"modified":"2026-03-16T12:06:42","modified_gmt":"2026-03-16T09:06:42","slug":"ruhun-labirentleri","status":"publish","type":"product","link":"https:\/\/roveyayinevi.com.tr\/index.php\/urun\/ruhun-labirentleri\/","title":{"rendered":"Ruhun Labirentleri"},"content":{"rendered":"<p>Kemal Sayar soruyor: Yery\u00fcz\u00fcnde \u015fu veya bu toplulu\u011fu biricik k\u0131lan \u015fey nedir? Peki, o topluluk i\u00e7inden \u00e7\u0131kan bir ki\u015fiyi biricik k\u0131lan hususiyetler nelerdir? \u0130nsanlar\u0131 bir araya toplay\u0131p benzerlikler esas\u0131nda tasnif etmeye yeltenen bir bilim anlay\u0131\u015f\u0131na kar\u015f\u0131, insan\u0131n biricikli\u011fine vurgu yapan ve farkl\u0131l\u0131klar\u0131 g\u00f6zeten bir alternatif anlay\u0131\u015f geli\u015ftirilemez mi?  Geni\u015f bir co\u011frafyadan derlenen cevaplar aras\u0131nda bir gezinti Ruhun Labirentleri. \u201cDe\u011fil mi ki kalbimiz vard\u0131r, insanl\u0131\u011fa s\u00f6yleyecek bir son s\u00f6z\u00fcm\u00fcz de vard\u0131r. Kalbi olan\u0131n a\u015fk\u0131 da olacakt\u0131r ve a\u015fk bir yolunu bulup nas\u0131l hayatlar\u0131m\u0131z\u0131 imar ediyorsa, bu kitab\u0131n gezindi\u011fi vadilerde de bir onar\u0131c\u0131 ve \u015fifa verici olarak g\u00f6z\u00fcm\u00fcze \u00e7arpmaktad\u0131r. Bu enformasyon y\u0131\u011f\u0131n\u0131n\u0131n i\u00e7inden bir bilgi k\u0131v\u0131lc\u0131m\u0131 parlayabilirse, bilgi y\u0131\u011f\u0131n\u0131n\u0131n i\u00e7inden bir hikmet ke\u015ffedilip ondan bir tat dev\u015firilebilirse, \u2018Ruhun Labirentleri\u2019nde yorulmaya de\u011fecektir.\u201d <\/p>\n","protected":false},"excerpt":{"rendered":"<p>Kemal Sayar soruyor: Yery\u00fcz\u00fcnde \u015fu veya bu toplulu\u011fu biricik k\u0131lan \u015fey nedir? Peki, o topluluk i\u00e7inden \u00e7\u0131kan bir ki\u015fiyi biricik k\u0131lan hususiyetler nelerdir? \u0130nsanlar\u0131 bir araya<span class=\"excerpt-hellip\"> [\u2026]<\/span><\/p>\n","protected":false},"featured_media":0,"template":"","meta":{"_monsterinsights_skip_tracking":false,"_monsterinsights_sitenote_active":false,"_monsterinsights_sitenote_note":"","_monsterinsights_sitenote_category":0},"product_brand":[],"product_cat":[12358,12357],"product_tag":[],"class_list":{"0":"post-781576","1":"product","2":"type-product","3":"status-publish","5":"product_cat-genel-psikoloji","6":"product_cat-psikoloji","7":"pa_cilt-ciltsiz","8":"pa_tur-kitap","9":"pa_yayinevi-kapi-yayinlari","10":"pa_yazar-kemal-sayar","12":"first","13":"outofstock","14":"sale","15":"shipping-taxable","16":"purchasable","17":"product-type-simple"},"_links":{"self":[{"href":"https:\/\/roveyayinevi.com.tr\/index.php\/wp-json\/wp\/v2\/product\/781576","targetHints":{"allow":["GET"]}}],"collection":[{"href":"https:\/\/roveyayinevi.com.tr\/index.php\/wp-json\/wp\/v2\/product"}],"about":[{"href":"https:\/\/roveyayinevi.com.tr\/index.php\/wp-json\/wp\/v2\/types\/product"}],"wp:attachment":[{"href":"https:\/\/roveyayinevi.com.tr\/index.php\/wp-json\/wp\/v2\/media?parent=781576"}],"wp:term":[{"taxonomy":"product_brand","embeddable":true,"href":"https:\/\/roveyayinevi.com.tr\/index.php\/wp-json\/wp\/v2\/product_brand?post=781576"},{"taxonomy":"product_cat","embeddable":true,"href":"https:\/\/roveyayinevi.com.tr\/index.php\/wp-json\/wp\/v2\/product_cat?post=781576"},{"taxonomy":"product_tag","embeddable":true,"href":"https:\/\/roveyayinevi.com.tr\/index.php\/wp-json\/wp\/v2\/product_tag?post=781576"}],"curies":[{"name":"wp","href":"https:\/\/api.w.org\/{rel}","templated":true}]}}