{"id":781574,"date":"2026-01-25T02:29:51","date_gmt":"2026-01-24T23:29:51","guid":{"rendered":"https:\/\/roveyayinevi.com.tr\/index.php\/urun\/apollunun-gorevleri-1-gizli-kahin\/"},"modified":"2026-02-03T02:28:40","modified_gmt":"2026-02-02T23:28:40","slug":"apollunun-gorevleri-1-gizli-kahin","status":"publish","type":"product","link":"https:\/\/roveyayinevi.com.tr\/index.php\/urun\/apollunun-gorevleri-1-gizli-kahin\/","title":{"rendered":"Apollun\u2019un G\u00f6revleri 1 &#8211; Gizli Kahin"},"content":{"rendered":"<p>Babas\u0131 Zeus\u2019un gazab\u0131n\u0131 \u00fczerine \u00e7eken Apollon Olimpos\u2019tankovulur. G\u00fc\u00e7s\u00fcz ve akl\u0131 bir hayli kar\u0131\u015f\u0131k bir halde New York\u2019tauyand\u0131\u011f\u0131nda ba\u015f\u0131na gelenleri anlar: On alt\u0131 ya\u015f\u0131nda, sivilcelibir erkek \u00e7ocu\u011funa d\u00f6n\u00fc\u015ft\u00fcr\u00fclm\u00fc\u015ft\u00fcr! \u015eimdi, ilahi g\u00fc\u00e7leriolmadan modern d\u00fcnyada ayakta kalman\u0131n ve Zeus\u2019un sevgisinitekrar kazanman\u0131n bir yolunu bulmak zorundad\u0131r,ama nas\u0131l?Apollon\u2019un onu \u00f6l\u00fc g\u00f6rmekten \u00e7ok keyif alacak bir s\u00fcr\u00fc tanr\u0131,yarat\u0131k ve \u00f6l\u00fcml\u00fc d\u00fc\u015fman\u0131 vard\u0131r. Olimposlu\u2019nun kesinlikle,acilen yard\u0131ma ihtiyac\u0131 var ve de gidebilece\u011fi tek bir yer:Modern yar\u0131 tanr\u0131lar\u0131n e\u011fitim g\u00f6rd\u00fckleri Melez Kamp\u0131. <\/p>\n","protected":false},"excerpt":{"rendered":"<p>Babas\u0131 Zeus\u2019un gazab\u0131n\u0131 \u00fczerine \u00e7eken Apollon Olimpos\u2019tankovulur. G\u00fc\u00e7s\u00fcz ve akl\u0131 bir hayli kar\u0131\u015f\u0131k bir halde New York\u2019tauyand\u0131\u011f\u0131nda ba\u015f\u0131na gelenleri anlar: On alt\u0131 ya\u015f\u0131nda, sivilcelibir erkek \u00e7ocu\u011funa<span class=\"excerpt-hellip\"> [\u2026]<\/span><\/p>\n","protected":false},"featured_media":0,"template":"","meta":{"_monsterinsights_skip_tracking":false,"_monsterinsights_sitenote_active":false,"_monsterinsights_sitenote_note":"","_monsterinsights_sitenote_category":0},"product_brand":[],"product_cat":[12803,12291],"product_tag":[],"class_list":{"0":"post-781574","1":"product","2":"type-product","3":"status-publish","5":"product_cat-aksiyon-macera","6":"product_cat-edebiyat","7":"pa_cilt-ciltsiz","8":"pa_tur-kitap","9":"pa_yayinevi-dogan-kitap","10":"pa_yazar-rick-riordan","12":"first","13":"instock","14":"sale","15":"shipping-taxable","16":"purchasable","17":"product-type-simple"},"_links":{"self":[{"href":"https:\/\/roveyayinevi.com.tr\/index.php\/wp-json\/wp\/v2\/product\/781574","targetHints":{"allow":["GET"]}}],"collection":[{"href":"https:\/\/roveyayinevi.com.tr\/index.php\/wp-json\/wp\/v2\/product"}],"about":[{"href":"https:\/\/roveyayinevi.com.tr\/index.php\/wp-json\/wp\/v2\/types\/product"}],"wp:attachment":[{"href":"https:\/\/roveyayinevi.com.tr\/index.php\/wp-json\/wp\/v2\/media?parent=781574"}],"wp:term":[{"taxonomy":"product_brand","embeddable":true,"href":"https:\/\/roveyayinevi.com.tr\/index.php\/wp-json\/wp\/v2\/product_brand?post=781574"},{"taxonomy":"product_cat","embeddable":true,"href":"https:\/\/roveyayinevi.com.tr\/index.php\/wp-json\/wp\/v2\/product_cat?post=781574"},{"taxonomy":"product_tag","embeddable":true,"href":"https:\/\/roveyayinevi.com.tr\/index.php\/wp-json\/wp\/v2\/product_tag?post=781574"}],"curies":[{"name":"wp","href":"https:\/\/api.w.org\/{rel}","templated":true}]}}