{"id":781573,"date":"2026-01-25T02:24:46","date_gmt":"2026-01-24T23:24:46","guid":{"rendered":"https:\/\/roveyayinevi.com.tr\/index.php\/urun\/ajan-hizlipati\/"},"modified":"2026-04-16T02:14:03","modified_gmt":"2026-04-15T23:14:03","slug":"ajan-hizlipati","status":"publish","type":"product","link":"https:\/\/roveyayinevi.com.tr\/index.php\/urun\/ajan-hizlipati\/","title":{"rendered":"Ajan H\u0131zl\u0131pati"},"content":{"rendered":"<p>\u201cBen Pati, H\u0131zl\u0131pati. \u00dcst\u00fcn zekal\u0131, \u00e7evik, m\u00fcthi\u015f atak, fevkalade h\u0131zl\u0131, korkusuz ve cesur y\u00fcrekli, gelmi\u015f ge\u00e7mi\u015f en \u015firin kedi olan, e\u015fi benzeri olmayan g\u00fczellikteki uzun ve t\u00fcyl\u00fc tek kuyru\u011fun sahibi, muhte\u015fem sevimlilikte, \u00e7ok \u00f6zel Ajan H\u0131zl\u0131pati.\u201d <\/p>\n","protected":false},"excerpt":{"rendered":"<p>\u201cBen Pati, H\u0131zl\u0131pati. \u00dcst\u00fcn zekal\u0131, \u00e7evik, m\u00fcthi\u015f atak, fevkalade h\u0131zl\u0131, korkusuz ve cesur y\u00fcrekli, gelmi\u015f ge\u00e7mi\u015f en \u015firin kedi olan, e\u015fi benzeri olmayan g\u00fczellikteki uzun ve<span class=\"excerpt-hellip\"> [\u2026]<\/span><\/p>\n","protected":false},"featured_media":0,"template":"","meta":{"_monsterinsights_skip_tracking":false,"_monsterinsights_sitenote_active":false,"_monsterinsights_sitenote_note":"","_monsterinsights_sitenote_category":0},"product_brand":[],"product_cat":[12274,12284],"product_tag":[],"class_list":{"0":"post-781573","1":"product","2":"type-product","3":"status-publish","5":"product_cat-cocuk-ve-genclik-kitaplari","6":"product_cat-hikayeler","7":"pa_cilt-ciltsiz","8":"pa_tur-kitap","9":"pa_yayinevi-altin-kitaplar-cocuk-kitaplari","10":"pa_yazar-buket-tahmaz-savas","12":"first","13":"instock","14":"sale","15":"shipping-taxable","16":"purchasable","17":"product-type-simple"},"_links":{"self":[{"href":"https:\/\/roveyayinevi.com.tr\/index.php\/wp-json\/wp\/v2\/product\/781573","targetHints":{"allow":["GET"]}}],"collection":[{"href":"https:\/\/roveyayinevi.com.tr\/index.php\/wp-json\/wp\/v2\/product"}],"about":[{"href":"https:\/\/roveyayinevi.com.tr\/index.php\/wp-json\/wp\/v2\/types\/product"}],"wp:attachment":[{"href":"https:\/\/roveyayinevi.com.tr\/index.php\/wp-json\/wp\/v2\/media?parent=781573"}],"wp:term":[{"taxonomy":"product_brand","embeddable":true,"href":"https:\/\/roveyayinevi.com.tr\/index.php\/wp-json\/wp\/v2\/product_brand?post=781573"},{"taxonomy":"product_cat","embeddable":true,"href":"https:\/\/roveyayinevi.com.tr\/index.php\/wp-json\/wp\/v2\/product_cat?post=781573"},{"taxonomy":"product_tag","embeddable":true,"href":"https:\/\/roveyayinevi.com.tr\/index.php\/wp-json\/wp\/v2\/product_tag?post=781573"}],"curies":[{"name":"wp","href":"https:\/\/api.w.org\/{rel}","templated":true}]}}