{"id":781572,"date":"2026-01-25T02:23:06","date_gmt":"2026-01-24T23:23:06","guid":{"rendered":"https:\/\/roveyayinevi.com.tr\/index.php\/urun\/eski-roma\/"},"modified":"2026-03-22T02:20:10","modified_gmt":"2026-03-21T23:20:10","slug":"eski-roma","status":"publish","type":"product","link":"https:\/\/roveyayinevi.com.tr\/index.php\/urun\/eski-roma\/","title":{"rendered":"Eski Roma"},"content":{"rendered":"<p>Bu, Eski Roma\u2019n\u0131n \u00f6yk\u00fcs\u00fc. Bir cinayetin, cumhuriyetin katledili\u015finin \u00f6yk\u00fcs\u00fc. B\u00fcy\u00fck Pompey\u2019in, J\u00fcl Sezar\u2019\u0131n, Augustus\u2019un cumhuriyetin kurulu\u015f ilkelerine ihanet etmelerinin, m\u00fcttefiklerini s\u0131rtlar\u0131ndan vurmalar\u0131n\u0131n, sava\u015flar\u0131n\u0131 yalan kampanyalar\u0131yla y\u00fcr\u00fctmelerinin, halk\u0131 yanlar\u0131na \u00e7ekmek i\u00e7in en b\u00fcy\u00fck yalanlar\u0131 s\u00f6ylemelerinin ve cumhuriyet savunucusuyum deyip imparatorluk tac\u0131n\u0131 ba\u015flar\u0131na ge\u00e7irmelerinin \u00f6yk\u00fcs\u00fc\u2026 \ufffcTan\u0131t\u0131m Metni<\/p>\n","protected":false},"excerpt":{"rendered":"<p>Bu, Eski Roma\u2019n\u0131n \u00f6yk\u00fcs\u00fc. Bir cinayetin, cumhuriyetin katledili\u015finin \u00f6yk\u00fcs\u00fc. B\u00fcy\u00fck Pompey\u2019in, J\u00fcl Sezar\u2019\u0131n, Augustus\u2019un cumhuriyetin kurulu\u015f ilkelerine ihanet etmelerinin, m\u00fcttefiklerini s\u0131rtlar\u0131ndan vurmalar\u0131n\u0131n, sava\u015flar\u0131n\u0131 yalan kampanyalar\u0131yla y\u00fcr\u00fctmelerinin,<span class=\"excerpt-hellip\"> [\u2026]<\/span><\/p>\n","protected":false},"featured_media":0,"template":"","meta":{"_monsterinsights_skip_tracking":false,"_monsterinsights_sitenote_active":false,"_monsterinsights_sitenote_note":"","_monsterinsights_sitenote_category":0},"product_brand":[],"product_cat":[12305,12304],"product_tag":[],"class_list":{"0":"post-781572","1":"product","2":"type-product","3":"status-publish","5":"product_cat-dunya-tarihi","6":"product_cat-tarih","7":"pa_cilt-ciltsiz","8":"pa_tur-kitap","9":"pa_yayinevi-say-yayinlari","10":"pa_yazar-simon-baker","12":"first","13":"instock","14":"sale","15":"shipping-taxable","16":"purchasable","17":"product-type-simple"},"_links":{"self":[{"href":"https:\/\/roveyayinevi.com.tr\/index.php\/wp-json\/wp\/v2\/product\/781572","targetHints":{"allow":["GET"]}}],"collection":[{"href":"https:\/\/roveyayinevi.com.tr\/index.php\/wp-json\/wp\/v2\/product"}],"about":[{"href":"https:\/\/roveyayinevi.com.tr\/index.php\/wp-json\/wp\/v2\/types\/product"}],"wp:attachment":[{"href":"https:\/\/roveyayinevi.com.tr\/index.php\/wp-json\/wp\/v2\/media?parent=781572"}],"wp:term":[{"taxonomy":"product_brand","embeddable":true,"href":"https:\/\/roveyayinevi.com.tr\/index.php\/wp-json\/wp\/v2\/product_brand?post=781572"},{"taxonomy":"product_cat","embeddable":true,"href":"https:\/\/roveyayinevi.com.tr\/index.php\/wp-json\/wp\/v2\/product_cat?post=781572"},{"taxonomy":"product_tag","embeddable":true,"href":"https:\/\/roveyayinevi.com.tr\/index.php\/wp-json\/wp\/v2\/product_tag?post=781572"}],"curies":[{"name":"wp","href":"https:\/\/api.w.org\/{rel}","templated":true}]}}