{"id":781571,"date":"2026-01-25T02:15:57","date_gmt":"2026-01-24T23:15:57","guid":{"rendered":"https:\/\/roveyayinevi.com.tr\/index.php\/urun\/kayip-arkadas\/"},"modified":"2026-04-16T02:08:49","modified_gmt":"2026-04-15T23:08:49","slug":"kayip-arkadas","status":"publish","type":"product","link":"https:\/\/roveyayinevi.com.tr\/index.php\/urun\/kayip-arkadas\/","title":{"rendered":"Kay\u0131p Arkada\u015f"},"content":{"rendered":"<p>Hemen Herkesin \u201cBiz ve Onlar\u201d \u00c7er\u00e7evesine Yerle\u015fti\u011fi Zamanlarda \u201cB\u00fct\u00fcn\u201d\u00fc Arayan Bir Psikiyatr Kemal Sayar\u2019\u0131n Kitab\u0131:  Kay\u0131p Arkada\u015f   Toplumlar\u0131n bunal\u0131m d\u00f6nemleri olur. Korkunun, kayg\u0131n\u0131n h\u00fck\u00fcm s\u00fcrd\u00fc\u011f\u00fc, nostaljinin galip geldi\u011fi, merhametin unutuldu\u011fu, anlama \u00e7abas\u0131n\u0131n yerini kar\u015f\u0131l\u0131kl\u0131 su\u00e7laman\u0131n ald\u0131\u011f\u0131, hemen herkesin \u201cbiz ve onlar\u201d \u00e7er\u00e7evesine yerle\u015fip \u201cb\u00fct\u00fcn\u201d\u00fc kaybetti\u011fi zamanlar.   Yani radikal bir empati gereken zamanlar. \u0130\u015fte b\u00f6ylesi zamanlar\u0131, psikiyatri profes\u00f6r\u00fc Kemal Sayar, incelikli ve derinlikli yorumlar\u0131yla, farkl\u0131 noktalardan ele al\u0131yor. Adeta bizi bize a\u00e7\u0131kl\u0131yor. Kay\u0131p Arkada\u015f, dokundu\u011fu her temayla d\u00fcne, bug\u00fcne ve yar\u0131na konu\u015fan bir kitap.   Goethe\u2019nin \u00f6l\u00fcrken, \u201cI\u015f\u0131k, daha fazla \u0131\u015f\u0131k!\u201d dedi\u011fi rivayet edilir. D\u00fcnyam\u0131z merhamet eksikli\u011finden can \u00e7eki\u015firken, \u201cMerhamet, daha fazla merhamet!\u201d diye say\u0131kl\u0131yor incinen ruhlar\u2026 Ya\u015fayanlar&#8230; Ya\u015fad\u0131klar\u0131 i\u00e7in ac\u0131y\u0131 h\u00e2l\u00e2 hissedebilenler. <\/p>\n","protected":false},"excerpt":{"rendered":"<p>Hemen Herkesin \u201cBiz ve Onlar\u201d \u00c7er\u00e7evesine Yerle\u015fti\u011fi Zamanlarda \u201cB\u00fct\u00fcn\u201d\u00fc Arayan Bir Psikiyatr Kemal Sayar\u2019\u0131n Kitab\u0131: Kay\u0131p Arkada\u015f Toplumlar\u0131n bunal\u0131m d\u00f6nemleri olur. Korkunun, kayg\u0131n\u0131n h\u00fck\u00fcm s\u00fcrd\u00fc\u011f\u00fc, nostaljinin<span class=\"excerpt-hellip\"> [\u2026]<\/span><\/p>\n","protected":false},"featured_media":0,"template":"","meta":{"_monsterinsights_skip_tracking":false,"_monsterinsights_sitenote_active":false,"_monsterinsights_sitenote_note":"","_monsterinsights_sitenote_category":0},"product_brand":[],"product_cat":[12291,12711],"product_tag":[],"class_list":{"0":"post-781571","1":"product","2":"type-product","3":"status-publish","5":"product_cat-edebiyat","6":"product_cat-roman-oyku","7":"pa_cilt-ciltsiz","8":"pa_tur-kitap","9":"pa_yayinevi-kapi-yayinlari","10":"pa_yazar-kemal-sayar","12":"first","13":"instock","14":"sale","15":"shipping-taxable","16":"purchasable","17":"product-type-simple"},"_links":{"self":[{"href":"https:\/\/roveyayinevi.com.tr\/index.php\/wp-json\/wp\/v2\/product\/781571","targetHints":{"allow":["GET"]}}],"collection":[{"href":"https:\/\/roveyayinevi.com.tr\/index.php\/wp-json\/wp\/v2\/product"}],"about":[{"href":"https:\/\/roveyayinevi.com.tr\/index.php\/wp-json\/wp\/v2\/types\/product"}],"wp:attachment":[{"href":"https:\/\/roveyayinevi.com.tr\/index.php\/wp-json\/wp\/v2\/media?parent=781571"}],"wp:term":[{"taxonomy":"product_brand","embeddable":true,"href":"https:\/\/roveyayinevi.com.tr\/index.php\/wp-json\/wp\/v2\/product_brand?post=781571"},{"taxonomy":"product_cat","embeddable":true,"href":"https:\/\/roveyayinevi.com.tr\/index.php\/wp-json\/wp\/v2\/product_cat?post=781571"},{"taxonomy":"product_tag","embeddable":true,"href":"https:\/\/roveyayinevi.com.tr\/index.php\/wp-json\/wp\/v2\/product_tag?post=781571"}],"curies":[{"name":"wp","href":"https:\/\/api.w.org\/{rel}","templated":true}]}}