{"id":781568,"date":"2026-01-25T02:10:38","date_gmt":"2026-01-24T23:10:38","guid":{"rendered":"https:\/\/roveyayinevi.com.tr\/index.php\/urun\/is-yasaminda-100-kanguru\/"},"modified":"2026-02-03T02:08:50","modified_gmt":"2026-02-02T23:08:50","slug":"is-yasaminda-100-kanguru","status":"publish","type":"product","link":"https:\/\/roveyayinevi.com.tr\/index.php\/urun\/is-yasaminda-100-kanguru\/","title":{"rendered":"\u0130\u015f Ya\u015fam\u0131nda 100 Kanguru"},"content":{"rendered":"<p>Hep d\u00fc\u015f\u00fcnd\u00fc\u011f\u00fcm\u00fcz ama hi\u00e7 s\u00f6ylemediklerimiz, Hep s\u00f6yledi\u011fimiz ama hi\u00e7 d\u00fc\u015f\u00fcnmediklerimiz&#8230; Hepimiz \u00e7evremizden ne g\u00f6rd\u00fcysek y\u00f6neticilerimizden, atam\u0131zdan dedemizden ne \u00f6\u011frendiysek y\u00f6netimde onu uyguluyoruz. Bug\u00fcne kadar g\u00f6rd\u00fcklerimiz, hep s\u0131k\u0131 bir disiplin, b\u00fcrokrasi, hantall\u0131k ve &#8220;yassah hem\u015ferirrV`ler&#8230; i\u015fin k\u00f6t\u00fcs\u00fc bunlar bizim &#8220;do\u011frumuz&#8221;, daha da k\u00f6t\u00fcs\u00fc t\u00fcm bunlar\u0131 kan\u0131ksad\u0131k. O y\u00fczden \u015f\u00f6yle bir d\u00f6n\u00fcp bakt\u0131\u011f\u0131n\u0131zda i\u015f ya\u015fam\u0131n\u0131zda s\u00fcr\u00fcyle &#8220;kanguru&#8221; g\u00f6receksiniz. Liderlik ve y\u00f6netimle ilgili m\u00fckemmel uygulamalar sand\u0131\u011f\u0131m\u0131z ve ad\u0131n\u0131 yanl\u0131\u015f koydu\u011fumuz y\u00fczlerce kanguru kavram. \ufffcTan\u0131t\u0131m Metni<\/p>\n","protected":false},"excerpt":{"rendered":"<p>Hep d\u00fc\u015f\u00fcnd\u00fc\u011f\u00fcm\u00fcz ama hi\u00e7 s\u00f6ylemediklerimiz, Hep s\u00f6yledi\u011fimiz ama hi\u00e7 d\u00fc\u015f\u00fcnmediklerimiz&#8230; Hepimiz \u00e7evremizden ne g\u00f6rd\u00fcysek y\u00f6neticilerimizden, atam\u0131zdan dedemizden ne \u00f6\u011frendiysek y\u00f6netimde onu uyguluyoruz. Bug\u00fcne kadar g\u00f6rd\u00fcklerimiz, hep<span class=\"excerpt-hellip\"> [\u2026]<\/span><\/p>\n","protected":false},"featured_media":0,"template":"","meta":{"_monsterinsights_skip_tracking":false,"_monsterinsights_sitenote_active":false,"_monsterinsights_sitenote_note":"","_monsterinsights_sitenote_category":0},"product_brand":[],"product_cat":[13043,14754],"product_tag":[],"class_list":{"0":"post-781568","1":"product","2":"type-product","3":"status-publish","5":"product_cat-ekonomi","6":"product_cat-halkla-iliskiler-insan-kaynaklari","7":"pa_cilt-ciltsiz","8":"pa_tur-kitap","9":"pa_yayinevi-elma-yayinevi","10":"pa_yazar-ahmet-serif-izgoren","12":"first","13":"instock","14":"sale","15":"shipping-taxable","16":"purchasable","17":"product-type-simple"},"_links":{"self":[{"href":"https:\/\/roveyayinevi.com.tr\/index.php\/wp-json\/wp\/v2\/product\/781568","targetHints":{"allow":["GET"]}}],"collection":[{"href":"https:\/\/roveyayinevi.com.tr\/index.php\/wp-json\/wp\/v2\/product"}],"about":[{"href":"https:\/\/roveyayinevi.com.tr\/index.php\/wp-json\/wp\/v2\/types\/product"}],"wp:attachment":[{"href":"https:\/\/roveyayinevi.com.tr\/index.php\/wp-json\/wp\/v2\/media?parent=781568"}],"wp:term":[{"taxonomy":"product_brand","embeddable":true,"href":"https:\/\/roveyayinevi.com.tr\/index.php\/wp-json\/wp\/v2\/product_brand?post=781568"},{"taxonomy":"product_cat","embeddable":true,"href":"https:\/\/roveyayinevi.com.tr\/index.php\/wp-json\/wp\/v2\/product_cat?post=781568"},{"taxonomy":"product_tag","embeddable":true,"href":"https:\/\/roveyayinevi.com.tr\/index.php\/wp-json\/wp\/v2\/product_tag?post=781568"}],"curies":[{"name":"wp","href":"https:\/\/api.w.org\/{rel}","templated":true}]}}