{"id":781565,"date":"2026-01-25T02:09:34","date_gmt":"2026-01-24T23:09:34","guid":{"rendered":"https:\/\/roveyayinevi.com.tr\/index.php\/urun\/kane-gunceleri-1-kirmizi-piramit-2\/"},"modified":"2026-02-02T02:05:49","modified_gmt":"2026-02-01T23:05:49","slug":"kane-gunceleri-1-kirmizi-piramit-2","status":"publish","type":"product","link":"https:\/\/roveyayinevi.com.tr\/index.php\/urun\/kane-gunceleri-1-kirmizi-piramit-2\/","title":{"rendered":"Kane G\u00fcnceleri 1 &#8211; K\u0131rm\u0131z\u0131 Piramit"},"content":{"rendered":"<p>Antik M\u0131s\u0131r tanr\u0131lar\u0131 birer birer uyan\u0131yor! Ak\u0131l almaz bir intikam plan\u0131n\u0131 durdurmak, Carter ve Sadie\u2019ye d\u00fc\u015f\u00fcyor.\u00c7ok satan Percy Jackson ve Olimposlular serisinin yazar\u0131ndan bir M\u0131s\u0131r Mitolojisi efsanesi! Kane G\u00fcnceleri serisinin ilk kitab\u0131 olan K\u0131rm\u0131z\u0131 Piramit, gerilimi ve mizah\u0131 bir araya getiren, bir kahramanl\u0131k ve sadakat \u00f6yk\u00fcs\u00fc. Carter Kane, annesini alt\u0131 ya\u015f\u0131ndayken kaybetti\u011finden beri babas\u0131, \u00fcnl\u00fc M\u0131s\u0131r Bilimcisi, arkeolog Dr. Julius Kane ile d\u00fcnyay\u0131 dola\u015fmaktad\u0131r ve evi, bir valizden ibarettir. Carter b\u00f6yle bir hayat s\u00fcrerken k\u0131z karde\u015fi Sadie Kane Londra\u2019da, anneannesi ve dedesiyle ya\u015famaktad\u0131r. Ayr\u0131 ge\u00e7en alt\u0131 y\u0131ldan sonra iki karde\u015fin ortak hi\u00e7bir noktas\u0131 kalmam\u0131\u015ft\u0131r. Ancak art\u0131k her \u015fey de\u011fi\u015fmek \u00fczeredir. Bir Noel gecesi, iki karde\u015f babalar\u0131 sayesinde Londra\u2019da yeniden bir araya gelirler. Babalar\u0131, her \u015feyi yoluna koymaya kararl\u0131d\u0131r ve onlar\u0131 nedeni belirsiz bir \u015fekilde British Museum\u2019a g\u00f6t\u00fcr\u00fcr. Ancak i\u015fler beklendi\u011fi gibi gitmez ve Julius Kane, kulaklar\u0131 sa\u011f\u0131r eden, devasa bir patlamayla aniden s\u0131rra kadem basar.<\/p>\n","protected":false},"excerpt":{"rendered":"<p>Antik M\u0131s\u0131r tanr\u0131lar\u0131 birer birer uyan\u0131yor! Ak\u0131l almaz bir intikam plan\u0131n\u0131 durdurmak, Carter ve Sadie\u2019ye d\u00fc\u015f\u00fcyor.\u00c7ok satan Percy Jackson ve Olimposlular serisinin yazar\u0131ndan bir M\u0131s\u0131r Mitolojisi<span class=\"excerpt-hellip\"> [\u2026]<\/span><\/p>\n","protected":false},"featured_media":0,"template":"","meta":{"_monsterinsights_skip_tracking":false,"_monsterinsights_sitenote_active":false,"_monsterinsights_sitenote_note":"","_monsterinsights_sitenote_category":0},"product_brand":[],"product_cat":[12275,12274],"product_tag":[],"class_list":{"0":"post-781565","1":"product","2":"type-product","3":"status-publish","5":"product_cat-6-12-yas-kitaplari","6":"product_cat-cocuk-ve-genclik-kitaplari","7":"pa_cilt-ciltsiz","8":"pa_tur-kitap","9":"pa_yayinevi-dogan-egmont-yayincilik","10":"pa_yazar-rick-riordan","12":"first","13":"instock","14":"sale","15":"shipping-taxable","16":"purchasable","17":"product-type-simple"},"_links":{"self":[{"href":"https:\/\/roveyayinevi.com.tr\/index.php\/wp-json\/wp\/v2\/product\/781565","targetHints":{"allow":["GET"]}}],"collection":[{"href":"https:\/\/roveyayinevi.com.tr\/index.php\/wp-json\/wp\/v2\/product"}],"about":[{"href":"https:\/\/roveyayinevi.com.tr\/index.php\/wp-json\/wp\/v2\/types\/product"}],"wp:attachment":[{"href":"https:\/\/roveyayinevi.com.tr\/index.php\/wp-json\/wp\/v2\/media?parent=781565"}],"wp:term":[{"taxonomy":"product_brand","embeddable":true,"href":"https:\/\/roveyayinevi.com.tr\/index.php\/wp-json\/wp\/v2\/product_brand?post=781565"},{"taxonomy":"product_cat","embeddable":true,"href":"https:\/\/roveyayinevi.com.tr\/index.php\/wp-json\/wp\/v2\/product_cat?post=781565"},{"taxonomy":"product_tag","embeddable":true,"href":"https:\/\/roveyayinevi.com.tr\/index.php\/wp-json\/wp\/v2\/product_tag?post=781565"}],"curies":[{"name":"wp","href":"https:\/\/api.w.org\/{rel}","templated":true}]}}