{"id":781562,"date":"2026-01-25T01:59:20","date_gmt":"2026-01-24T22:59:20","guid":{"rendered":"https:\/\/roveyayinevi.com.tr\/index.php\/urun\/ali-suavi-ve-donemi\/"},"modified":"2026-04-16T01:58:43","modified_gmt":"2026-04-15T22:58:43","slug":"ali-suavi-ve-donemi","status":"publish","type":"product","link":"https:\/\/roveyayinevi.com.tr\/index.php\/urun\/ali-suavi-ve-donemi\/","title":{"rendered":"Ali Suavi ve D\u00f6nemi"},"content":{"rendered":"<p>Osmanl\u0131 toplumu i\u00e7inde etkili bir yere sahip oldu\u011fu 19. y\u00fczy\u0131l\u0131n ortalar\u0131ndan g\u00fcn\u00fcm\u00fcze, ad\u0131ndan s\u0131k\u00e7a s\u00f6z edilen tarih\u00ee \u015fahsiyetlerden, gerek fikirleri gerek eylemleriyle \u00e7o\u011fu zaman t\u00fcm dikkatleri \u00fczerine toplayan Ali Suav\u00ee, hakk\u0131nda birbirinden farkl\u0131, hatta taban tabana z\u0131t pek \u00e7ok de\u011fi\u015fik h\u00fck\u00fcm verilen ilgin\u00e7 bir ki\u015filik olarak kar\u015f\u0131m\u0131za \u00e7\u0131kar. Ancak, hakk\u0131nda verilmi\u015f ve \u201cdahi\u201d ile \u201c\u015farlatan\u201d aras\u0131ndaki hayli geni\u015f bir alana sa\u00e7\u0131lm\u0131\u015f bu h\u00fck\u00fcmler genellikle nesnel, bilimsel de\u011ferlendirmeler sonucunda ortaya \u00e7\u0131kmam\u0131\u015f, Ali Suav\u00ee\u2019ye yakla\u015f\u0131m\u0131 her devirde h\u00e2kim e\u011filimler belirlemi\u015ftir. H\u00fcseyin \u00c7elik taraf\u0131ndan kaleme al\u0131nan ve 13 y\u0131ll\u0131k yaz\u0131 hayat\u0131n\u0131n 10 y\u0131l\u0131n\u0131 Avrupa\u2019da ge\u00e7iren Ali Suav\u00ee\u2019nin bu d\u00f6nemine ili\u015fkin d\u00f6k\u00fcmanlara dayanan ilk \u00e7al\u0131\u015fma niteli\u011fine sahip Ali Suav\u00ee ve D\u00f6nemi, tarihimizin bu ilgin\u00e7 ve \u00f6zg\u00fcn ki\u015fili\u011fine \u0131\u015f\u0131k tutmay\u0131 ama\u00e7l\u0131yor. Bizzat Ali Suav\u00ee\u2019ye kulak vermekten \u00e7ok T\u00fcrkiye ve Bat\u0131 ar\u015fivlerindeki belgeleri \u201ckonu\u015fturmaya\u201d \u00f6nem veren ve \u201cAli Suav\u00ee gibi problematik bir karakteri, etraf\u0131ndaki olaylar ve insanlarla beraber ayd\u0131nl\u0131\u011fa \u00e7\u0131karmay\u0131\u201d ama\u00e7layan \u00c7elik\u2019in bu \u00e7al\u0131\u015fmas\u0131, hem Ali Suavi\u2019yi hem de onun ya\u015fad\u0131\u011f\u0131 d\u00f6nemi merak edenler i\u00e7in temel bir kaynak niteli\u011finde\u2026<\/p>\n","protected":false},"excerpt":{"rendered":"<p>Osmanl\u0131 toplumu i\u00e7inde etkili bir yere sahip oldu\u011fu 19. y\u00fczy\u0131l\u0131n ortalar\u0131ndan g\u00fcn\u00fcm\u00fcze, ad\u0131ndan s\u0131k\u00e7a s\u00f6z edilen tarih\u00ee \u015fahsiyetlerden, gerek fikirleri gerek eylemleriyle \u00e7o\u011fu zaman t\u00fcm dikkatleri<span class=\"excerpt-hellip\"> [\u2026]<\/span><\/p>\n","protected":false},"featured_media":0,"template":"","meta":{"_monsterinsights_skip_tracking":false,"_monsterinsights_sitenote_active":false,"_monsterinsights_sitenote_note":"","_monsterinsights_sitenote_category":0},"product_brand":[],"product_cat":[13517,12304],"product_tag":[],"class_list":{"0":"post-781562","1":"product","2":"type-product","3":"status-publish","5":"product_cat-osmanli-tarihi","6":"product_cat-tarih","7":"pa_cilt-ciltsiz","8":"pa_tur-kitap","9":"pa_yayinevi-iletisim-yayinlari","10":"pa_yazar-huseyin-celik","12":"first","13":"instock","14":"sale","15":"shipping-taxable","16":"purchasable","17":"product-type-simple"},"_links":{"self":[{"href":"https:\/\/roveyayinevi.com.tr\/index.php\/wp-json\/wp\/v2\/product\/781562","targetHints":{"allow":["GET"]}}],"collection":[{"href":"https:\/\/roveyayinevi.com.tr\/index.php\/wp-json\/wp\/v2\/product"}],"about":[{"href":"https:\/\/roveyayinevi.com.tr\/index.php\/wp-json\/wp\/v2\/types\/product"}],"wp:attachment":[{"href":"https:\/\/roveyayinevi.com.tr\/index.php\/wp-json\/wp\/v2\/media?parent=781562"}],"wp:term":[{"taxonomy":"product_brand","embeddable":true,"href":"https:\/\/roveyayinevi.com.tr\/index.php\/wp-json\/wp\/v2\/product_brand?post=781562"},{"taxonomy":"product_cat","embeddable":true,"href":"https:\/\/roveyayinevi.com.tr\/index.php\/wp-json\/wp\/v2\/product_cat?post=781562"},{"taxonomy":"product_tag","embeddable":true,"href":"https:\/\/roveyayinevi.com.tr\/index.php\/wp-json\/wp\/v2\/product_tag?post=781562"}],"curies":[{"name":"wp","href":"https:\/\/api.w.org\/{rel}","templated":true}]}}