{"id":781559,"date":"2026-01-24T03:58:24","date_gmt":"2026-01-24T00:58:24","guid":{"rendered":"https:\/\/roveyayinevi.com.tr\/index.php\/urun\/degerini-bil\/"},"modified":"2026-01-30T04:20:12","modified_gmt":"2026-01-30T01:20:12","slug":"degerini-bil","status":"publish","type":"product","link":"https:\/\/roveyayinevi.com.tr\/index.php\/urun\/degerini-bil\/","title":{"rendered":"De\u011ferini Bil"},"content":{"rendered":"<p>Ya\u015fam\u0131 deneyimlerken ka\u00e7 kez k\u0131r\u0131ld\u0131\u011f\u0131n yerden filizlendin,  hat\u0131rlat kendine. Ve unutma ki her yeni hik\u00e2ye kendini unuttu\u011fun  yerde ba\u015flar. Bu kitab\u0131; kaybolduk\u00e7a yeniden do\u011fman\u0131n ve \u201c\u00f6nce  ben\u201d diyebilmenin incelikli yolculu\u011funu anlatmak i\u00e7in yazd\u0131m. Kendini yeniden in\u015fa edebilme s\u00fcrecinde ge\u00e7ti\u011fin t\u00fcm  koridorlarda \u00e7e\u015fitli zorluklarla kar\u015f\u0131la\u015fm\u0131\u015f olabilirsin, \u00f6nemli olan  \u00f6z\u00fcne kavu\u015fabilme yolculu\u011funda \u2018\u2019bunu nas\u0131l ba\u015farabilirim?\u201d  diye sorabilme cesaretini g\u00f6stermen. Umar\u0131m bu kitab\u0131 eline ald\u0131\u011f\u0131n anda d\u00f6n\u00fc\u015f\u00fcm yolculu\u011fun \u00e7oktan ba\u015flam\u0131\u015ft\u0131r.<\/p>\n","protected":false},"excerpt":{"rendered":"<p>Ya\u015fam\u0131 deneyimlerken ka\u00e7 kez k\u0131r\u0131ld\u0131\u011f\u0131n yerden filizlendin, hat\u0131rlat kendine. Ve unutma ki her yeni hik\u00e2ye kendini unuttu\u011fun yerde ba\u015flar. Bu kitab\u0131; kaybolduk\u00e7a yeniden do\u011fman\u0131n ve \u201c\u00f6nce<span class=\"excerpt-hellip\"> [\u2026]<\/span><\/p>\n","protected":false},"featured_media":0,"template":"","meta":{"_monsterinsights_skip_tracking":false,"_monsterinsights_sitenote_active":false,"_monsterinsights_sitenote_note":"","_monsterinsights_sitenote_category":0},"product_brand":[],"product_cat":[141304],"product_tag":[],"class_list":{"0":"post-781559","1":"product","2":"type-product","3":"status-publish","5":"product_cat-yeni-cikanlar","6":"pa_cilt-ciltsiz","7":"pa_tur-kitap","8":"pa_yayinevi-gate-yayinlari","9":"pa_yazar-meliha-aras-aydin","11":"first","12":"instock","13":"sale","14":"shipping-taxable","15":"purchasable","16":"product-type-simple"},"_links":{"self":[{"href":"https:\/\/roveyayinevi.com.tr\/index.php\/wp-json\/wp\/v2\/product\/781559","targetHints":{"allow":["GET"]}}],"collection":[{"href":"https:\/\/roveyayinevi.com.tr\/index.php\/wp-json\/wp\/v2\/product"}],"about":[{"href":"https:\/\/roveyayinevi.com.tr\/index.php\/wp-json\/wp\/v2\/types\/product"}],"wp:attachment":[{"href":"https:\/\/roveyayinevi.com.tr\/index.php\/wp-json\/wp\/v2\/media?parent=781559"}],"wp:term":[{"taxonomy":"product_brand","embeddable":true,"href":"https:\/\/roveyayinevi.com.tr\/index.php\/wp-json\/wp\/v2\/product_brand?post=781559"},{"taxonomy":"product_cat","embeddable":true,"href":"https:\/\/roveyayinevi.com.tr\/index.php\/wp-json\/wp\/v2\/product_cat?post=781559"},{"taxonomy":"product_tag","embeddable":true,"href":"https:\/\/roveyayinevi.com.tr\/index.php\/wp-json\/wp\/v2\/product_tag?post=781559"}],"curies":[{"name":"wp","href":"https:\/\/api.w.org\/{rel}","templated":true}]}}